{"id":1412,"date":"2023-03-23T13:45:20","date_gmt":"2023-03-23T10:45:20","guid":{"rendered":"https:\/\/falkonet.ee\/?page_id=1412"},"modified":"2023-03-23T21:00:53","modified_gmt":"2023-03-23T18:00:53","slug":"portfolio","status":"publish","type":"page","link":"https:\/\/falkonet.ee\/en\/portfolio\/","title":{"rendered":"Portfolio"},"content":{"rendered":"\n<figure class=\"wp-block-table\"><table><tbody><tr><td>SRV Rakennus OY<\/td><td>Helsinkin killilukio<\/td><td>2022<\/td><\/tr><tr><td>YIT Suomi OY<\/td><td>Lapin Keskussairaala<\/td><td>2022<\/td><\/tr><tr><td>Rakennus T.Toivonen OY<\/td><td>Fazer Leipomo OY<\/td><td>2022<\/td><\/tr><tr><td>Enkora OY<\/td><td>Turun T3 sairaala<\/td><td>2021<\/td><\/tr><tr><td>SRV Rakennus OY<\/td><td>HUS Siltasairaala<\/td><td>2021<\/td><\/tr><tr><td>Lujatalo OY<\/td><td>P-H\u00e4meen keskussairaala<\/td><td>2021<\/td><\/tr><tr><td>Peab OY<\/td><td>Matikyl\u00e4n uimahalli<\/td><td>2021<\/td><\/tr><tr><td>YIT Suomi OY<\/td><td>Nokian kampus<\/td><td>2021<\/td><\/tr><tr><td>YIT Suomi OY<\/td><td>Toivalan kampus<\/td><td>2021<\/td><\/tr><tr><td>Peab OY<\/td><td>Keljokankaan koulu<\/td><td>2021<\/td><\/tr><tr><td>YIT Suomi OY<\/td><td>Vuosaaren lukio<\/td><td>2020<\/td><\/tr><tr><td>YIT Suomi OY<\/td><td>Kuopion uimahalli<\/td><td>2020<\/td><\/tr><tr><td>Peab OY<\/td><td>Aleksis Kiven peruskoulu<\/td><td>2020<\/td><\/tr><tr><td>YIT Suomi OY<\/td><td>Keravan yhten\u00e4iskoulu<\/td><td>2020<\/td><\/tr><tr><td>NCC Suomi OY<\/td><td>Kinnarin koulu<\/td><td>2019<\/td><\/tr><tr><td>Skanska Talonrakennus OY<\/td><td>Techopolis Asemakeskus<\/td><td>2019<\/td><\/tr><tr><td>Kymppirakenne OY<\/td><td>Fazer makeiset OY saneeraus<\/td><td>2019<\/td><\/tr><tr><td>YIT Rakennus OY<\/td><td>TRIPLA<\/td><td>2019<\/td><\/tr><tr><td>Lapin Teollsuusrakennus OY<\/td><td>Vesalan peruskoulu<\/td><td>2019<\/td><\/tr><tr><td>YIT Rakennus OY<\/td><td>Metropolian Myllypuoron Kampus<\/td><td>2019<\/td><\/tr><tr><td>YIT Rakennus OY<\/td><td>Tietotie 6; TT6<\/td><td>2018<\/td><\/tr><tr><td>SRV Rakennus OY<\/td><td>TAYS L-ja D-siipi<\/td><td>2018<\/td><\/tr><tr><td>KVR-Rakennus OY<\/td><td>ABB E-Tehdas Pit\u00e4j\u00e4nm\u00e4ki<\/td><td>2018<\/td><\/tr><tr><td>SRV Rakennus OY<\/td><td>REDI<\/td><td>2018<\/td><\/tr><tr><td>Lapin Teollsuusrakennus OY<\/td><td>Snellman LTR<\/td><td>2017<\/td><\/tr><tr><td>SRV Rakennus OY<\/td><td>Niittykummun kauppakeskus<\/td><td>2017<\/td><\/tr><tr><td>SSR L\u00e4nsi-Suomi OY<\/td><td>Tredu Pirkkala avioniikkan<\/td><td>2017<\/td><\/tr><tr><td>NCC Suomi OY<\/td><td>KOY J\u00e4mer\u00e4nj\u00e4lki Dipoli<\/td><td>2017<\/td><\/tr><tr><td>YIT Rakennus OY<\/td><td>Espoo P\u00e4iv\u00e4nkehr\u00e4nkoulu<\/td><td>2017<\/td><\/tr><tr><td>Lemmink\u00e4inen Talo OY<\/td><td>Hollolan Heinsuon koulu<\/td><td>2017<\/td><\/tr><tr><td>YIT Rakennus OY<\/td><td>S-Market Hamina<\/td><td>2017<\/td><\/tr><tr><td>Rakennuskultti AB OY<\/td><td>Munksn\u00e4s skola<\/td><td>2017<\/td><\/tr><tr><td>Varte OY<\/td><td>Kerava Tuusulan Paloasema<\/td><td>2017<\/td><\/tr><tr><td>Skanska Talonrakennus OY<\/td><td>Tesoman J\u00e4\u00e4halli<\/td><td>2017<\/td><\/tr><tr><td>NCC Suomi OY<\/td><td>JAO Harju, Jyv\u00e4skyl\u00e4<\/td><td>2016\/2017<\/td><\/tr><tr><td>Skanska Talonrakennus OY<\/td><td>Turun Normaalikoulu peruskoj<\/td><td>2016<\/td><\/tr><tr><td>Skanska Talonrakennus OY<\/td><td>Tredu Santalahdentie 10, A ja B lohko<\/td><td>2016<\/td><\/tr><tr><td>Skanska Talonrakennus OY<\/td><td>Tesoman palloiluhalli, Tampere<\/td><td>2016<\/td><\/tr><tr><td>YIT Rakennus OY<\/td><td>Lauttasaarentie ostari<\/td><td>2016<\/td><\/tr><tr><td>NCC Suomi OY<\/td><td>Fazer Vantaa<\/td><td>2016<\/td><\/tr><tr><td>Satavision Oy<\/td><td>Super Park S\u00e4rk\u00e4nniemi<\/td><td>2016<\/td><\/tr><tr><td><\/td><td>EasyFit spordisaalid \u00fcle Soome<\/td><td>2016<\/td><\/tr><tr><td>YIT Rakennus OY<\/td><td>H\u00e4mmasl\u00e4\u00e4hetieteen uudisrakennus, Oulu<\/td><td>2015\/2016<\/td><\/tr><tr><td>Skanska Talonrakennus OY<\/td><td>Tredu Santalahdentie 10, D lohko<\/td><td>2015\/2016<\/td><\/tr><tr><td>Skanska Talonrakennus OY<\/td><td>Tredu Santalahdentie 10, A-kellani, Tampere<\/td><td>2015\/2016<\/td><\/tr><tr><td>Inex Partners OY<\/td><td>Sipoon logistiikkakeskus<\/td><td>2015\/2016<\/td><\/tr><tr><td>NCC Rakennus OY<\/td><td>Matinkyl\u00e4n metrokeskus, Espoo<\/td><td>2015\/2016<\/td><\/tr><tr><td>Skanska Talonrakennus OY<\/td><td>Harjuniityn yhten\u00e4iskoulu<\/td><td>2015<\/td><\/tr><tr><td>NCC Rakennus OY<\/td><td>SSKKY, Venemestarin katu 37, Salo<\/td><td>2015<\/td><\/tr><tr><td>YIT Rakennus OY<\/td><td>Stadin ammattiopisto er\u00e4 C ja d osa, Helsinki<\/td><td>2015<\/td><\/tr><tr><td>YIT Rakennus OY<\/td><td>Huhtasuon koulu<\/td><td>2015<\/td><\/tr><tr><td>SRV Rakennus OY<\/td><td>KOY Opinm\u00e4en kampus<\/td><td>2015<\/td><\/tr><tr><td>SRV Rakennus OY<\/td><td>Stockmann jakelukeskus Tuusula<\/td><td>2015<\/td><\/tr><tr><td>Intermarketing OY<\/td><td>Angry Birds Park Vuokatti<\/td><td>2015<\/td><\/tr><\/tbody><\/table><\/figure>\n\n\n\n<h2 class=\"wp-block-heading\"><br>Objektid Eestis<\/h2>\n\n\n\n<figure class=\"wp-block-table\"><table><tbody><tr><td><\/td><td><\/td><td><\/td><\/tr><tr><td>&nbsp;<\/td><td>\u00dclenurme G\u00fcmnaasium<\/td><td>2022<\/td><\/tr><tr><td>&nbsp;<\/td><td>Raumedic Estonia<\/td><td>2022<\/td><\/tr><tr><td>&nbsp;<\/td><td>VKG Oil<\/td><td>2022<\/td><\/tr><tr><td>&nbsp;<\/td><td>Respo Haagised<\/td><td>2022<\/td><\/tr><tr><td>&nbsp;<\/td><td>Vara Saeveski<\/td><td>2022<\/td><\/tr><tr><td>&nbsp;<\/td><td>ITK AS<\/td><td>2022<\/td><\/tr><tr><td>&nbsp;<\/td><td>Hardmeister O\u00dc<\/td><td>2022<\/td><\/tr><tr><td>&nbsp;<\/td><td>Koolikapp O\u00dc<\/td><td>2022<\/td><\/tr><tr><td>&nbsp;<\/td><td>Keila Kool<\/td><td>2021<\/td><\/tr><tr><td>&nbsp;<\/td><td>Utilitas Tallinn<\/td><td>2021<\/td><\/tr><tr><td>&nbsp;<\/td><td>Hanza Mehanics<\/td><td>2021<\/td><\/tr><tr><td>&nbsp;<\/td><td>Salvest AS<\/td><td>2021<\/td><\/tr><tr><td>&nbsp;<\/td><td>Aru Grupp AS<\/td><td>2021<\/td><\/tr><tr><td>&nbsp;<\/td><td>ITK Keskhaigla<\/td><td>2021<\/td><\/tr><tr><td>&nbsp;<\/td><td>Viljandi Aken ja Uks<\/td><td>2021<\/td><\/tr><tr><td>&nbsp;<\/td><td>Medicum Perearstikeskus<\/td><td>2021<\/td><\/tr><tr><td>&nbsp;<\/td><td>Noorus SPA<\/td><td>2020<\/td><\/tr><tr><td>&nbsp;<\/td><td>SA PERH<\/td><td>2020<\/td><\/tr><tr><td>&nbsp;<\/td><td>Tartu \u00dclikooli Kliinikum<\/td><td>2020<\/td><\/tr><tr><td>&nbsp;<\/td><td>Eesti Energia AS<\/td><td>2020<\/td><\/tr><tr><td>&nbsp;<\/td><td>M\u00e4rjamaa Spordikeskus<\/td><td>2020<\/td><\/tr><tr><td>&nbsp;<\/td><td>Sisekaitseakadeemia<\/td><td>2020<\/td><\/tr><tr><td>&nbsp;<\/td><td>Tallinna Vanasadam<\/td><td>2019<\/td><\/tr><tr><td>&nbsp;<\/td><td>Salvest AS<\/td><td>2019<\/td><\/tr><tr><td>&nbsp;<\/td><td>Valtu spordimaja<\/td><td>2019<\/td><\/tr><tr><td>&nbsp;<\/td><td>Nordecon Betoon<\/td><td>2018<\/td><\/tr><tr><td>Astlanda Ehitus<\/td><td>K\u00e4\u00e4riku spordikeskus<\/td><td>2018<\/td><\/tr><tr><td>&nbsp;<\/td><td>Keila kool<\/td><td>2018<\/td><\/tr><tr><td>&nbsp;<\/td><td>T\u00e4navapuhastuse AS<\/td><td>2018<\/td><\/tr><tr><td>&nbsp;<\/td><td>ITK \u2013 Magdaleena haigla<\/td><td>2018<\/td><\/tr><tr><td>&nbsp;<\/td><td>Tabasalu spordikeskus<\/td><td>2018<\/td><\/tr><tr><td>&nbsp;<\/td><td>Laulasmaa SPA<\/td><td>2015\/2016<\/td><\/tr><tr><td><\/td><td>P\u00fchaj\u00e4rve Puhkekodu AS<\/td><td>2015\/2016<\/td><\/tr><tr><td>KMG Inseneriehituse AS<\/td><td>Kalevi Spordihall<\/td><td>2017<\/td><\/tr><tr><td><\/td><td>V SPA Tartu<\/td><td>2016<\/td><\/tr><tr><td><\/td><td>Viimsi SPA H2O<\/td><td>2016<\/td><\/tr><tr><td>Supeluse Hotell O\u00dc<\/td><td>Hedon SPA<\/td><td>2016<\/td><\/tr><tr><td><\/td><td>Taastusravikeskus Viiking SPA<\/td><td>2015<\/td><\/tr><tr><td>Nordecon AS<\/td><td>Estonia SPA<\/td><td>2015<\/td><\/tr><\/tbody><\/table><\/figure>\n\n\n\n<h2 class=\"wp-block-heading\"><br>Vanemad projektid<\/h2>\n\n\n\n<figure class=\"wp-block-table\"><table><tbody><tr><td>NCC Rakennus Oy<\/td><td>JAO Viitaniemi D rakennus 2.vaihe<\/td><td>2014<\/td><\/tr><tr><td>Skanska Talonrakennus Oy<\/td><td>Vekraj\u00e4rven Urheilutalo<\/td><td>2014<\/td><\/tr><tr><td>Rakennuspartio Oy<\/td><td>Kotkan Energia<\/td><td>2014<\/td><\/tr><tr><td>Gigant Ty\u00f6pisteet Oy<\/td><td>Kevitsan kaivos<\/td><td>2014<\/td><\/tr><tr><td>YIT Rakennus Oy<\/td><td>Energiatalo Onnelanpolkku<\/td><td>2014<\/td><\/tr><tr><td>Lemmink\u00e4inen Talo Oy<\/td><td>Kastellin monitoimitalo<\/td><td>2014<\/td><\/tr><tr><td>NCC Rakennus Oy<\/td><td>H\u00e4meenlinnankeskus<\/td><td>2014<\/td><\/tr><tr><td>Lujatalo Oy<\/td><td>Kauhavan pelastusasema<\/td><td>2014<\/td><\/tr><tr><td>YIT Rakennus Oy<\/td><td>Meritalo<\/td><td>2014<\/td><\/tr><tr><td><\/td><td>ABB konetehtaan sos.tilat<\/td><td>2013<\/td><\/tr><tr><td>YIT Rakennus Oy<\/td><td>Lahdin suurhalli<\/td><td>2013<\/td><\/tr><tr><td>NCC Rakennus Oy<\/td><td>HYVO AMMATTIKOULU<\/td><td>2013<\/td><\/tr><tr><td>Rakennusliike U Lipsanen Oy<\/td><td>Viitaniemi D-rakennus 1-vaihe<\/td><td>2013<\/td><\/tr><tr><td>YIT Rakennus Oy<\/td><td>Vantaan Energia Hallintorak<\/td><td>2013<\/td><\/tr><tr><td>Wasacon Oy<\/td><td>Sein\u00e4joki urheilutalo<\/td><td>2013<\/td><\/tr><tr><td>Lemmink\u00e4inen Talo Oy<\/td><td>Kimpisen lukio<\/td><td>2013<\/td><\/tr><tr><td>YIT Rakennus Oy<\/td><td>Hyvink\u00e4\u00e4n kauppakeskus<\/td><td>2012<\/td><\/tr><tr><td>SRV Rakennus Oy<\/td><td>Hyvink\u00e4\u00e4n kauppakeskus KEKO 2<\/td><td>2012<\/td><\/tr><tr><td>Peab Oy<\/td><td>Vaasan Lyseon Lukio<\/td><td>2012<\/td><\/tr><tr><td>Lapin Teollisuusrakennus Oy<\/td><td>Ehnroosin koulu M\u00e4nts\u00e4l\u00e4s<\/td><td>2011<\/td><\/tr><tr><td>Lapin Teollisuusrakennus Oy<\/td><td>Koivukyl\u00e4n koulu<\/td><td>2011<\/td><\/tr><tr><td>Lujatalo Oy<\/td><td>Kemin Kaivos<\/td><td>2011<\/td><\/tr><tr><td>Lujatalo Oy<\/td><td>Outocumpu Tornio<\/td><td>2011<\/td><\/tr><tr><td>Lujatalo Oy<\/td><td>Pasilan Poliisitalo 2.vaihe<\/td><td>2011<\/td><\/tr><tr><td>Peab Oy<\/td><td>Vaasan Lyseon Lukio<\/td><td>2011<\/td><\/tr><tr><td>Peab Oy<\/td><td>K Oy Hyvink\u00e4\u00e4n Martinkaari<\/td><td>2011<\/td><\/tr><tr><td>YIT Rakennus Oy<\/td><td>Kuntolan koulu<\/td><td>2011<\/td><\/tr><tr><td>NCC Rakennus Oy<\/td><td>KyAMK Paja Paimiossa<\/td><td>2010<\/td><\/tr><tr><td>Karjalan Rakennuspalvelu<\/td><td>P\u00e4\u00e4skypes\u00e4n uimahalli<\/td><td>2010<\/td><\/tr><tr><td>NCC Rakennus Oy<\/td><td>OYS Kirurgian hoitotalo Oulu<\/td><td>2010<\/td><\/tr><tr><td>NCC Rakennus Oy<\/td><td>Haartmaninkatu Kolmiosairaala<\/td><td>2010<\/td><\/tr><tr><td>Restel Kylpyl\u00e4hotellit Oy<\/td><td>Kylpyl\u00e4hotelli Rantasipi Eeden \/ Nokia<\/td><td>2010<\/td><\/tr><tr><td>SRV Toimitilat Oy<\/td><td>Primulan Herkkupaja<\/td><td>2010<\/td><\/tr><tr><td>YIT Rakennus Oy<\/td><td>Hyvink\u00e4 Prisma<\/td><td>2010<\/td><\/tr><tr><td>Lujatalo Oy<\/td><td>Hietaniemenkatu 9<\/td><td>2010<\/td><\/tr><tr><td>Lemmink\u00e4inen Talo Oy<\/td><td>OKA \u2013 Sepp\u00e4l\u00e4kankaan liikekeskus<\/td><td>2010<\/td><\/tr><tr><td>Skanska Talonrakennus Oy<\/td><td>Hatanp\u00e4\u00e4n sairaala A-osa<\/td><td>2010<\/td><\/tr><tr><td>YIT Rakennus Oy<\/td><td>Jakom\u00e4en Uimahalli<\/td><td>2010<\/td><\/tr><tr><td>Haahtela<\/td><td>Omnia ammattikoulu kotelo ovet<\/td><td>2010<\/td><\/tr><tr><td>Lujatalo Oy<\/td><td>Kuulammeen koulu<\/td><td>2010<\/td><\/tr><tr><td>Rakennusgemini Oy<\/td><td>Mankaan varikko<\/td><td>2009<\/td><\/tr><tr><td>YIT rakennus Oy<\/td><td>Hyvink\u00e4\u00e4 Paloasema<\/td><td>2009<\/td><\/tr><tr><td>Hartela Oy<\/td><td>Skanssin kauppakeskus<\/td><td>2009<\/td><\/tr><tr><td>Skanska Talonrakennus Oy<\/td><td>Olkiluoto TVO<\/td><td>2009<\/td><\/tr><tr><td>Lemcon Oy<\/td><td>Gustav Pauling<\/td><td>2009<\/td><\/tr><tr><td>NCC Rakennus Oy<\/td><td>Albert Edelfeltin koulu<\/td><td>2009<\/td><\/tr><tr><td>NCC Rakennus Oy<\/td><td>SFS Malminkatu<\/td><td>2009<\/td><\/tr><tr><td>Skanska Talonrakennus Oy<\/td><td>K-Citymarket Koivukyl\u00e4<\/td><td>2009<\/td><\/tr><tr><td>OKA Oy<\/td><td>Kokoonpanotehdas Hamina<\/td><td>2009<\/td><\/tr><tr><td>SRV Viitoset Oy<\/td><td>HTC Keilaniemi<\/td><td>2008<\/td><\/tr><tr><td>NCC Rakennus Oy<\/td><td>Finnair Maakalustokeskus MAKE2<\/td><td>2008<\/td><\/tr><tr><td>SRV Viitoset Oy<\/td><td>JUMBO PARK<\/td><td>2008<\/td><\/tr><tr><td>SRV Viitoset Oy<\/td><td>IBI 3 Porvoo<\/td><td>2008<\/td><\/tr><tr><td>NCC Rakennus Oy<\/td><td>PGR Kauppakeskus<\/td><td>2008<\/td><\/tr><tr><td>Rakennuspartio Oy<\/td><td>L&amp;T Recoil Oy<\/td><td>2008<\/td><\/tr><tr><td>Oy Alfred A. Palmberg Ab<\/td><td>Tilkan Sairaalaa<\/td><td>2008<\/td><\/tr><tr><td>Rakennusgemini Oy<\/td><td>Porvoon Sairaala<\/td><td>2007<\/td><\/tr><tr><td>NCC Rakennus OY<\/td><td>Myyrm\u00e4en sosiaali- ja terveysasema<\/td><td>2007<\/td><\/tr><tr><td>YIT Rakennus Oy<\/td><td>Ulvilan vapaa-ajankeskus<\/td><td>2007<\/td><\/tr><tr><td>Rakennusliike R. Muhonen Oy<\/td><td>Viitaniemen koulu<\/td><td>2007<\/td><\/tr><tr><td>Rakennuskultti Oy<\/td><td>Myyrikoti Ruukukuja 5<\/td><td>2007<\/td><\/tr><tr><td>Skanska Talonrakennus Oy<\/td><td>Ruskeasuon Bussivarikko<\/td><td>2007<\/td><\/tr><tr><td>NCC Rakennus Oy<\/td><td>Lohjan Prisma<\/td><td>2007<\/td><\/tr><tr><td>Skanska Talonrakennus Oy<\/td><td>Viikki \u2013Prisma<\/td><td>2007<\/td><\/tr><tr><td>YIT Rakennus Oy<\/td><td>Riihim\u00e4en- Prisma<\/td><td>2007<\/td><\/tr><tr><td>Skanska Talonrakennus Oy<\/td><td>CM Kerava<\/td><td>2007<\/td><\/tr><tr><td>Skanska Talonrakennus Oy<\/td><td>Lahti M\u00e4kikatsomo kotelo ovet<\/td><td>2007<\/td><\/tr><tr><td>SRV Viitoset Oy<\/td><td>Posti, Logistiikkakeskuksen laajennus Vantaalla<\/td><td>2007<\/td><\/tr><tr><td>Veljekset Laakkoset Oy<\/td><td>BMV ja Mini,Porvoo autotalo<\/td><td>2006\/2007<\/td><\/tr><tr><td>NCC Rakennus Oy<\/td><td>Nuijamaan tulli- ja raja-asema<\/td><td>2006<\/td><\/tr><tr><td>NCC rakennus Oy<\/td><td>Jyv\u00e4skyl\u00e4 virastotalo<\/td><td>2006<\/td><\/tr><tr><td>YIT Rakennus Oy<\/td><td>Hyvink\u00e4\u00e4 sairaala<\/td><td>2006<\/td><\/tr><tr><td>Rakennusliike R. Muhonen Oy<\/td><td>Helsingin Ammatin Korkeakoulu kotelo ovet<\/td><td>2006<\/td><\/tr><tr><td>Lemcon Oy<\/td><td>Helsingin Yliopiston el\u00e4insairaala<\/td><td>2006<\/td><\/tr><tr><td>Skanska Talonrakennus Oy<\/td><td>Porthania Yliopisto<\/td><td>2006<\/td><\/tr><tr><td>Rakennusgemini Oy<\/td><td>Fortum Oy sosiaalitilat Porvossa, Aleksis Kiventie koulu Nurmij\u00e4rvell\u00e4<\/td><td>2006<\/td><\/tr><tr><td>Tieliikelaitos Oy<\/td><td>Heinola Stora Enso Fluiting<\/td><td>2006<\/td><\/tr><tr><td>Vaajakosken Rakennuspalvelu Oy<\/td><td>Vaajakosken uimahalli<\/td><td>2006<\/td><\/tr><tr><td>Skanska Talonrakennus Oy<\/td><td>Vakes-tennistie<\/td><td>2005\/2006<\/td><\/tr><tr><td>Peab Seicon Oy<\/td><td>Em\u00e4kosken koulu Nokial<\/td><td>2005\/2006<\/td><\/tr><\/tbody><\/table><\/figure>\n","protected":false},"excerpt":{"rendered":"<p>SRV Rakennus OY Helsinkin killilukio 2022 YIT Suomi OY Lapin Keskussairaala 2022 Rakennus T.Toivonen OY Fazer Leipomo OY 2022 Enkora OY Turun T3 sairaala 2021&hellip;<\/p>\n","protected":false},"author":2,"featured_media":0,"parent":0,"menu_order":0,"comment_status":"closed","ping_status":"closed","template":"","meta":{"footnotes":""},"class_list":["post-1412","page","type-page","status-publish","hentry"],"jetpack_sharing_enabled":true,"_links":{"self":[{"href":"https:\/\/falkonet.ee\/en\/wp-json\/wp\/v2\/pages\/1412","targetHints":{"allow":["GET"]}}],"collection":[{"href":"https:\/\/falkonet.ee\/en\/wp-json\/wp\/v2\/pages"}],"about":[{"href":"https:\/\/falkonet.ee\/en\/wp-json\/wp\/v2\/types\/page"}],"author":[{"embeddable":true,"href":"https:\/\/falkonet.ee\/en\/wp-json\/wp\/v2\/users\/2"}],"replies":[{"embeddable":true,"href":"https:\/\/falkonet.ee\/en\/wp-json\/wp\/v2\/comments?post=1412"}],"version-history":[{"count":2,"href":"https:\/\/falkonet.ee\/en\/wp-json\/wp\/v2\/pages\/1412\/revisions"}],"predecessor-version":[{"id":1567,"href":"https:\/\/falkonet.ee\/en\/wp-json\/wp\/v2\/pages\/1412\/revisions\/1567"}],"wp:attachment":[{"href":"https:\/\/falkonet.ee\/en\/wp-json\/wp\/v2\/media?parent=1412"}],"curies":[{"name":"wp","href":"https:\/\/api.w.org\/{rel}","templated":true}]}}