{"id":1414,"date":"2023-03-23T13:45:39","date_gmt":"2023-03-23T10:45:39","guid":{"rendered":"https:\/\/falkonet.ee\/?page_id=1414"},"modified":"2023-03-23T21:10:50","modified_gmt":"2023-03-23T18:10:50","slug":"instructions","status":"publish","type":"page","link":"https:\/\/falkonet.ee\/en\/instructions\/","title":{"rendered":"Instructions"},"content":{"rendered":"\n<h2 class=\"wp-block-heading\">Delivery terms<\/h2>\n\n\n\n<p>The following delivery terms apply if O\u00dc Falkonet Metall and the client have not made any other written agreement.<\/p>\n\n\n\n<p>1. Order confirmation<br>All orders are confirmed in writing. The client shall check the accuracy of and delivery dates set in the order confirmation. Reminders or comments regarding possible defects shall be presented in writing no later than five days after the order confirmation date.<\/p>\n\n\n\n<p>2. Changes to the order confirmation<br>The client\u2019s desire to change the content of the order or the delivery date after the order confirmation date incurs additional costs and the new delivery date shall be determined by O\u00dc Falkonet Metall according to current situation. However, possible changes and specifications to the order confirmation shall be made at least two weeks before the delivery date agreed upon.<\/p>\n\n\n\n<p>3. Delivery dates<br>Delivery dates are set separately for each order.<\/p>\n\n\n\n<p>4. Payment terms according to contract or agreement.<br>Fine for delay shall be calculated according to terms established in the invoice.<\/p>\n\n\n\n<p>5. Transport and installation are agreed upon separately.<\/p>\n\n\n\n<p>6. Possible reminders regarding deliveries or defects shall be presented in writing no later than five days after the order receipt date.<\/p>\n\n\n\n<p>7. All our products have two years of warranty during which possible defects resulting from production or raw material shall be compensated for. Warranty does not cover damage resulting from the improper use, management or transport of our products. Warranty period starts from the date of issuing the invoice.<\/p>\n\n\n\n<p>8. O\u00dc Falkonet Metall holds the right of ownership of products until the client has paid for the order in full. The client shall compensate to O\u00dc Falkonet Metall for costs and damage resulting from the cancellation of the contract and return of furniture.<\/p>\n\n\n\n<p>9. In case a delivery includes also certain services (for example, transport, moving and installation of products), the price of these services is agreed upon separately from the order.<\/p>\n\n\n\n<p>10. Orders are always based on an agreed delivery date and price.<br>Delivery date is a date when products are loaded to a vehicle at O\u00dc Falkonet Metall.<\/p>\n\n\n\n<p>11. Prices are valid without a term. O\u00dc Falkonet Metall reserves the right to change prices and products.<\/p>\n\n\n\n<p>12. Inspections<br>During installation and disassembling works the following inspections will be conducted, if necessary:<br>\u2013 initial inspection before starting with works;<br>\u2013 delivery inspection after finishing installation works.<\/p>\n\n\n\n<p>13. Termination of installation works and its consequences<br>The client is responsible for damage and costs incurred to him or to third parties due to the improper storage or place of installation of products. O\u00dc Falkonet Metall is not responsible for delayed delivery or costs resulting from it due to causes beyond the control of O\u00dc Falkonet Metall. Also, O\u00dc Falkonet Metall is not responsible for damage or costs resulting from the misuse of furniture.<\/p>\n\n\n\n<p>14. Right to receive compensation<br>In case the client applies for compensation on the basis of the contract, the client shall cover costs incurred by the investigation of circumstances.<\/p>\n\n\n\n<p>15. Special terms<br>In case the client shall not fulfil his responsibilities agreed upon in the contract, the client is held responsible for the resulting damage and O\u00dc Falkonet Metall has the right to deliver an invoice for costs incurred.<\/p>\n\n\n\n<p>16. Other terms<br>The client is responsible for obtaining all required permits from government offices. Prices set in the offer apply when transport, lifting, installation, storage and other similar works can be done without obstruction according to the schedule agreed upon. Additional works shall be paid for by the client according to the currently valid price list. The client is responsible for lighting the installation site and cleaning it from all kinds of disturbing objects and materials before the works start and to provide unobstructed access to the installation site.<\/p>\n\n\n\n<p>17. Force majeure<br>O\u00dc Falkonet Metall is not obligated to fulfil its contractual obligations in case the delivery of the furniture or a part of it is hindered by a natural disaster, fire, machine breakdown or any other disturbance of similar consequences, lockout, strike, war, mobilisation, embargo on export or import, lack of means of transport, termination of production, traffic disturbance or any other obstruction that is beyond the control of O\u00dc Falkonet Metall. Also, O\u00dc Falkonet Metall is not obligated to fulfil the contract in case this implies activity that is unfair toward O\u00dc Falkonet Metall when compared to the profit it brings. O\u00dc Falkonet Metall is not obligated to compensate to the client or third parties for damage incurred by the non-fulfilment of the contract and O\u00dc Falkonet Metall has the right to cancel the contract.<\/p>\n","protected":false},"excerpt":{"rendered":"<p>Delivery terms The following delivery terms apply if O\u00dc Falkonet Metall and the client have not made any other written agreement. 1. Order confirmationAll orders&hellip;<\/p>\n","protected":false},"author":2,"featured_media":0,"parent":0,"menu_order":0,"comment_status":"closed","ping_status":"closed","template":"","meta":{"footnotes":""},"class_list":["post-1414","page","type-page","status-publish","hentry"],"jetpack_sharing_enabled":true,"_links":{"self":[{"href":"https:\/\/falkonet.ee\/en\/wp-json\/wp\/v2\/pages\/1414","targetHints":{"allow":["GET"]}}],"collection":[{"href":"https:\/\/falkonet.ee\/en\/wp-json\/wp\/v2\/pages"}],"about":[{"href":"https:\/\/falkonet.ee\/en\/wp-json\/wp\/v2\/types\/page"}],"author":[{"embeddable":true,"href":"https:\/\/falkonet.ee\/en\/wp-json\/wp\/v2\/users\/2"}],"replies":[{"embeddable":true,"href":"https:\/\/falkonet.ee\/en\/wp-json\/wp\/v2\/comments?post=1414"}],"version-history":[{"count":2,"href":"https:\/\/falkonet.ee\/en\/wp-json\/wp\/v2\/pages\/1414\/revisions"}],"predecessor-version":[{"id":1568,"href":"https:\/\/falkonet.ee\/en\/wp-json\/wp\/v2\/pages\/1414\/revisions\/1568"}],"wp:attachment":[{"href":"https:\/\/falkonet.ee\/en\/wp-json\/wp\/v2\/media?parent=1414"}],"curies":[{"name":"wp","href":"https:\/\/api.w.org\/{rel}","templated":true}]}}