{"id":1416,"date":"2023-03-23T13:45:54","date_gmt":"2023-03-23T10:45:54","guid":{"rendered":"https:\/\/falkonet.ee\/?page_id=1416"},"modified":"2023-04-03T15:03:31","modified_gmt":"2023-04-03T12:03:31","slug":"contact","status":"publish","type":"page","link":"https:\/\/falkonet.ee\/en\/contact\/","title":{"rendered":"Contact"},"content":{"rendered":"\n<div class=\"wp-block-media-text alignwide is-stacked-on-mobile\" style=\"grid-template-columns:34% auto\"><figure class=\"wp-block-media-text__media\"><img loading=\"lazy\" decoding=\"async\" width=\"295\" height=\"148\" src=\"https:\/\/falkonet.ee\/wp-content\/uploads\/2023\/03\/dscn0105.jpg\" alt=\"\" class=\"wp-image-1571 size-full\"\/><\/figure><div class=\"wp-block-media-text__content\">\n<p>Falkonet Metall O\u00dc<br>J\u00e4rsi tee 1, Aruk\u00fcla<br>75201 Harju County\u00a0<br>Telephone:: +372 6 054 060<br>E-mail:\u00a0<a href=\"mailto:info@falkonet.ee\">info@falkonet.ee\u00a0<\/a><\/p>\n<\/div><\/div>\n","protected":false},"excerpt":{"rendered":"<p>Falkonet Metall O\u00dcJ\u00e4rsi tee 1, Aruk\u00fcla75201 Harju County\u00a0Telephone:: +372 6 054 060E-mail:\u00a0info@falkonet.ee\u00a0<\/p>\n","protected":false},"author":2,"featured_media":0,"parent":0,"menu_order":0,"comment_status":"closed","ping_status":"closed","template":"","meta":{"footnotes":""},"class_list":["post-1416","page","type-page","status-publish","hentry"],"jetpack_sharing_enabled":true,"_links":{"self":[{"href":"https:\/\/falkonet.ee\/en\/wp-json\/wp\/v2\/pages\/1416","targetHints":{"allow":["GET"]}}],"collection":[{"href":"https:\/\/falkonet.ee\/en\/wp-json\/wp\/v2\/pages"}],"about":[{"href":"https:\/\/falkonet.ee\/en\/wp-json\/wp\/v2\/types\/page"}],"author":[{"embeddable":true,"href":"https:\/\/falkonet.ee\/en\/wp-json\/wp\/v2\/users\/2"}],"replies":[{"embeddable":true,"href":"https:\/\/falkonet.ee\/en\/wp-json\/wp\/v2\/comments?post=1416"}],"version-history":[{"count":3,"href":"https:\/\/falkonet.ee\/en\/wp-json\/wp\/v2\/pages\/1416\/revisions"}],"predecessor-version":[{"id":1955,"href":"https:\/\/falkonet.ee\/en\/wp-json\/wp\/v2\/pages\/1416\/revisions\/1955"}],"wp:attachment":[{"href":"https:\/\/falkonet.ee\/en\/wp-json\/wp\/v2\/media?parent=1416"}],"curies":[{"name":"wp","href":"https:\/\/api.w.org\/{rel}","templated":true}]}}