{"id":580,"date":"2023-03-18T16:15:19","date_gmt":"2023-03-18T13:15:19","guid":{"rendered":"https:\/\/falkonet.ee\/?post_type=product&#038;p=580"},"modified":"2023-04-03T22:16:03","modified_gmt":"2023-04-03T19:16:03","slug":"kk","status":"publish","type":"product","link":"https:\/\/falkonet.ee\/en\/toode\/kk\/","title":{"rendered":"KK"},"content":{"rendered":"<p align=\"justify\"><span class=\"textYLD\">Falkonet Metall\u00a0<span style=\"color: #ff0000;\">koolikapid<\/span>\u00a0on valmistatud k\u00f5rgekvaliteetsest k\u00fclmvalts teraslehest. Standardkapi korpused ja uksed on valmistatud 0,7 mm lehtterasest. K\u00f5ik kapiuksed on tugevdatud karpkonstruktsiooniga. Eritellimusena valmistame kapiuksi ka 1,0 mm lehtterasest . Kappide liitekohad \u00fchendatakse k\u00f5ik punktkeevitusega, mis tagab garderoobikappide tugeva konstruktsiooni ning pika kestvuse.<br \/>\nKoolikapid on v\u00e4lja t\u00f6\u00f6tatud koost\u00f6\u00f6s mitmete haridusasutustega ning leidnud laialdast kasutust mitmetest Eesti ja Soome koolides.<br \/>\nK\u00f5ikidel koolikappidel on standardvarustusena kaasas silinder v\u00f5i ripplukk, m\u00fctsiriiul, riidepuutoru kandur koos kahe riputuskonksuga, kaks lisariiulit \u00f5pikute ja vihikute hoidmiseks, loomuliku ventilatsiooni avad kapi laes ja p\u00f5hjas.<\/span><\/p>\n<p><span class=\"pealkiriYLD\">KK 1590\u00a0seeria m\u00f5\u00f5dud.<br \/>\n<\/span><\/p>\n<table style=\"border: 0px;\" border=\"1\" width=\"100%\" cellspacing=\"1\" cellpadding=\"1\">\n<tbody>\n<tr style=\"font-size: 12px;\">\n<td style=\"text-align: center;\"><strong>RAL7035 Standard korpusev\u00e4rv<\/strong><\/td>\n<td style=\"text-align: center;\"><strong> RAL9016 Traffic White<\/strong><\/td>\n<td style=\"text-align: center;\"><strong> RAL1001 Beige<\/strong><\/td>\n<td style=\"text-align: center;\"><strong> RAL1017 Saffron Yellow<\/strong><\/td>\n<\/tr>\n<tr>\n<td style=\"text-align: center; background-color: #d4d9dc;\"><\/td>\n<td style=\"text-align: center; background-color: #fbffff;\"><\/td>\n<td style=\"text-align: center; background-color: #d8ba8e;\"><\/td>\n<td style=\"text-align: center; background-color: #ffab5a;\"><\/td>\n<\/tr>\n<tr>\n<td style=\"border-left: 0px; border-right: 0px; height: 15px; padding: 0px;\" colspan=\"4\"><\/td>\n<\/tr>\n<tr style=\"font-size: 12px;\">\n<td style=\"text-align: center;\"><b>RAL2001 Red Orange<\/b><\/td>\n<td style=\"text-align: center;\"><b>RAL3000 Flame Red<\/b><\/td>\n<td style=\"text-align: center;\"><b>RAL3014 Antique Pink<\/b><\/td>\n<td style=\"text-align: center;\"><b>RAL4004 Claret Violet<\/b><\/td>\n<\/tr>\n<tr>\n<td style=\"text-align: center; background-color: #b24b1e;\"><\/td>\n<td style=\"text-align: center; background-color: #ab1f1d;\"><\/td>\n<td style=\"text-align: center; background-color: #d86675;\"><\/td>\n<td style=\"text-align: center; background-color: #5c082a;\"><\/td>\n<\/tr>\n<tr>\n<td style=\"border-left: 0px; border-right: 0px; height: 15px; padding: 0px;\" colspan=\"4\"><\/td>\n<\/tr>\n<tr style=\"font-size: 12px;\">\n<td style=\"text-align: center;\"><b>RAL5017 Traffic Blue<\/b><\/td>\n<td valign=\"top\"><span class=\"Lingid2\"><b>RAL5024 Pastel Blue<\/b><\/span><\/td>\n<td valign=\"top\"><span class=\"Lingid2\"><b>RAL6005 Moss Green<\/b><\/span><\/td>\n<td style=\"text-align: center;\"><b>RAL6032 Signal Green<\/b><\/td>\n<\/tr>\n<tr>\n<td style=\"text-align: center; background-color: #003b7f;\"><\/td>\n<td style=\"text-align: center; background-color: #578cb4;\"><\/td>\n<td style=\"text-align: center; background-color: #004735;\"><\/td>\n<td style=\"text-align: center; background-color: #2a8a40;\"><\/td>\n<\/tr>\n<tr>\n<td style=\"border-left: 0px; border-right: 0px; height: 15px; padding: 0px;\" colspan=\"4\"><\/td>\n<\/tr>\n<tr style=\"font-size: 12px;\">\n<td style=\"text-align: center;\"><b>RAL6034 Pale Turquoise<\/b><\/td>\n<td style=\"text-align: center;\"><b>RAL7032 Pebble Grey<\/b><\/td>\n<td style=\"text-align: center;\"><b>RAL7040 Window Grey<\/b><\/td>\n<td style=\"text-align: center;\"><b>RAL8014 Sepia Brown<\/b><\/td>\n<\/tr>\n<tr>\n<td style=\"text-align: center; background-color: #7ebdb5;\"><\/td>\n<td style=\"text-align: center; background-color: #bdbaab;\"><\/td>\n<td style=\"text-align: center; background-color: #9da3af;\"><\/td>\n<td style=\"text-align: center; background-color: #38261c;\"><\/td>\n<\/tr>\n<tr>\n<td style=\"border-left: 0px; border-right: 0px; height: 15px; padding: 0px;\" colspan=\"4\"><\/td>\n<\/tr>\n<tr style=\"font-size: 12px;\">\n<td style=\"text-align: center;\"><b>RAL9005 Jet Black<\/b><\/td>\n<td style=\"text-align: center;\"><\/td>\n<td style=\"text-align: center;\"><\/td>\n<td style=\"text-align: center;\"><\/td>\n<\/tr>\n<tr>\n<td style=\"text-align: center; background-color: #04050a;\"><\/td>\n<td style=\"text-align: center;\"><\/td>\n<td style=\"text-align: center;\"><\/td>\n<td style=\"text-align: center;\"><\/td>\n<\/tr>\n<\/tbody>\n<\/table>\n<p>&nbsp;<\/p>\n<table border=\"1\" width=\"100%\" cellspacing=\"1\" cellpadding=\"1\">\n<tbody>\n<tr>\n<td>\u00a0Kood<\/td>\n<td>\u00a0Laius mm<\/td>\n<td>\u00a0K\u00f5rgus mm<\/td>\n<td>\u00a0S\u00fcgavus mm<\/td>\n<\/tr>\n<tr>\n<td>\u00a0KK1\/300<\/td>\n<td>\u00a0300<\/td>\n<td>\u00a01590<\/td>\n<td>\u00a0545<\/td>\n<\/tr>\n<tr>\n<td>\u00a0KK2\/300<\/td>\n<td>\u00a0600<\/td>\n<td>\u00a01590<\/td>\n<td>\u00a0545<\/td>\n<\/tr>\n<tr>\n<td>\u00a0KK3\/300<\/td>\n<td>\u00a0900<\/td>\n<td>\u00a01590<\/td>\n<td>\u00a0545<\/td>\n<\/tr>\n<tr>\n<td>\u00a0KK4\/300<\/td>\n<td>\u00a01200<\/td>\n<td>\u00a01590<\/td>\n<td>\u00a0545<\/td>\n<\/tr>\n<tr>\n<td>\u00a01KK1\/400<\/td>\n<td>\u00a0400<\/td>\n<td>\u00a01590<\/td>\n<td>\u00a0545<\/td>\n<\/tr>\n<tr>\n<td>\u00a01KK2\/400<\/td>\n<td>\u00a0800<\/td>\n<td>\u00a01590<\/td>\n<td>\u00a0545<\/td>\n<\/tr>\n<tr>\n<td>\u00a01KK3\/400<\/td>\n<td>\u00a01200<\/td>\n<td>\u00a01590<\/td>\n<td>\u00a0545<\/td>\n<\/tr>\n<\/tbody>\n<\/table>\n<p><span class=\"pealkiriYLD\">KK 1900\u00a0seeria m\u00f5\u00f5dud.<br \/>\n<\/span><\/p>\n<table border=\"1\" width=\"100%\" cellspacing=\"1\" cellpadding=\"1\">\n<tbody>\n<tr>\n<td>\u00a0Kood<\/td>\n<td>\u00a0Laius mm<\/td>\n<td>\u00a0K\u00f5rgus mm<\/td>\n<td>\u00a0S\u00fcgavus mm<\/td>\n<\/tr>\n<tr>\n<td>\u00a0KK1\/300<\/td>\n<td>\u00a0300<\/td>\n<td>\u00a01900<\/td>\n<td>\u00a0545<\/td>\n<\/tr>\n<tr>\n<td>\u00a0KK2\/300<\/td>\n<td>\u00a0600<\/td>\n<td>\u00a01900<\/td>\n<td>\u00a0545<\/td>\n<\/tr>\n<tr>\n<td>\u00a0KK3\/300<\/td>\n<td>\u00a0900<\/td>\n<td>\u00a01900<\/td>\n<td>\u00a0545<\/td>\n<\/tr>\n<tr>\n<td>\u00a0KK4\/300<\/td>\n<td>\u00a01200<\/td>\n<td>\u00a01900<\/td>\n<td>\u00a0545<\/td>\n<\/tr>\n<tr>\n<td>\u00a01KK1\/400<\/td>\n<td>\u00a0400<\/td>\n<td>\u00a01900<\/td>\n<td>\u00a0545<\/td>\n<\/tr>\n<tr>\n<td>\u00a01KK2\/400<\/td>\n<td>\u00a0800<\/td>\n<td>\u00a01900<\/td>\n<td>\u00a0545<\/td>\n<\/tr>\n<tr>\n<td>\u00a01KK3\/400<\/td>\n<td>\u00a01200<\/td>\n<td>\u00a01900<\/td>\n<td>\u00a0545<\/td>\n<\/tr>\n<\/tbody>\n<\/table>\n","protected":false},"excerpt":{"rendered":"<p><a href=\"\/?product_cat=uksevalik\">Uksevalik<\/a><br \/>\n<a href=\"\/?product_cat=lukustus\">Lukustus<\/a><br \/>\n<a href=\"\/?product_cat=lisatarvikud\">Lisatarvikud<\/a><br \/>\n<a href=\"\/?product_cat=ventilatsioon\">Ventilatsioon<\/a><br \/>\n<a href=\"https:\/\/falkonet.ee\/wp-content\/uploads\/2023\/03\/kk.pdf\" target=\"_blank\" rel=\"noopener\">Joonised<\/a><\/p>\n","protected":false},"featured_media":581,"template":"","meta":[],"product_brand":[],"product_cat":[20],"product_tag":[],"class_list":{"0":"post-580","1":"product","2":"type-product","3":"status-publish","4":"has-post-thumbnail","6":"product_cat-koolikapid","8":"first","9":"instock","10":"shipping-taxable","11":"purchasable","12":"product-type-simple","13":"customify-col"},"jetpack_sharing_enabled":true,"_links":{"self":[{"href":"https:\/\/falkonet.ee\/en\/wp-json\/wp\/v2\/product\/580","targetHints":{"allow":["GET"]}}],"collection":[{"href":"https:\/\/falkonet.ee\/en\/wp-json\/wp\/v2\/product"}],"about":[{"href":"https:\/\/falkonet.ee\/en\/wp-json\/wp\/v2\/types\/product"}],"wp:featuredmedia":[{"embeddable":true,"href":"https:\/\/falkonet.ee\/en\/wp-json\/wp\/v2\/media\/581"}],"wp:attachment":[{"href":"https:\/\/falkonet.ee\/en\/wp-json\/wp\/v2\/media?parent=580"}],"wp:term":[{"taxonomy":"product_brand","embeddable":true,"href":"https:\/\/falkonet.ee\/en\/wp-json\/wp\/v2\/product_brand?post=580"},{"taxonomy":"product_cat","embeddable":true,"href":"https:\/\/falkonet.ee\/en\/wp-json\/wp\/v2\/product_cat?post=580"},{"taxonomy":"product_tag","embeddable":true,"href":"https:\/\/falkonet.ee\/en\/wp-json\/wp\/v2\/product_tag?post=580"}],"curies":[{"name":"wp","href":"https:\/\/api.w.org\/{rel}","templated":true}]}}