{"id":1600,"date":"2023-03-24T13:02:24","date_gmt":"2023-03-24T10:02:24","guid":{"rendered":"https:\/\/falkonet.ee\/?page_id=1600"},"modified":"2023-03-24T13:02:27","modified_gmt":"2023-03-24T10:02:27","slug":"yrityksesta","status":"publish","type":"page","link":"https:\/\/falkonet.ee\/fi\/yrityksesta\/","title":{"rendered":"Yrityksest\u00e4"},"content":{"rendered":"\n<h1 class=\"wp-block-heading\">O\u00dc Falkonet Metall<\/h1>\n\n\n\n<p><strong>Toimialat<\/strong><br><br>O\u00dc Falkonet Metall on vuonna 1999 perustettu yhti\u00f6, jonka p\u00e4\u00e4toimialana on metallikalusteiden valmistus. Tuotenimikkeist\u00f6mme koostuu p\u00e4\u00e4asiassa teollisuussisustuksesta, johon kuuluvat esimerkiksi seuraavat tuotteet: metalliset vaatekaapit, arkistokaapit, ty\u00f6kalukaapit, ty\u00f6p\u00f6yd\u00e4t, ty\u00f6kaluvaunut, arkistohyllyt, varastohyllyt yms.<br><br><strong>Historia<\/strong><br><br>Falkonet Metall O\u00dc toimii sataprosenttisesti virolaisella p\u00e4\u00e4omalla, ja sill\u00e4 on t\u00e4ll\u00e4 hetkell\u00e4 kaksi omistajaa.<br><br>Yritys aloitti toimintansa vuoden 1999 kev\u00e4\u00e4ll\u00e4, kun tuolloiset omistajat ja yrityksen perustajat p\u00e4\u00e4ttiv\u00e4t aloittaa turvaovien valmistuksen.<br>Ensimm\u00e4inen tuotantorakennus oli melko vaatimaton tuotanto-osasto Miidurannassa, jossa mahdollisuudet olivat rajoitettuja. Siell\u00e4 oli aiempina vuosina rakennettu metallisia s\u00e4hk\u00f6tauluja ja laitekaappeja. Koska rakennus annettiin uusille omistajille vuokralle kaappien valmistamiseen k\u00e4ytettyine laitteineen, tuolloiset omistajat n\u00e4kiv\u00e4t laajentuvan ovituotannon ohessa mahdollisuuden kokeilla metallisten teollisuuskalusteiden valmistusta.<br><br>Yrityksen tuotantom\u00e4\u00e4r\u00e4t olivat vuoden 2000 alkuun menness\u00e4 sek\u00e4 ovien ett\u00e4 metallisten teollisuuskalusteiden osalta kasvaneet niin paljon, ett\u00e4 aikaisemmin vuokralle otettu ja tuolloin riitt\u00e4v\u00e4n suurelta tuntunut Miidurannan tuotanto-osasto alkoi rajoittaa yhti\u00f6n kehityst\u00e4. Omistajien t\u00e4ytyi ryhty\u00e4 etsim\u00e4\u00e4n uusia ja suurempia tuotantotiloja. Uutta tuotantoa varten l\u00f6ydettiin sopiva tuotantorakennus Harjumaalta Aruk\u00fclasta, jossa oli ollut aikaisemmin Aruk\u00fclan leipomo.<br>Entis\u00f6intit\u00f6iden, uudelleenj\u00e4rjestelyjen ja Miidurannan tuotanto-osastosta mukaan otettujen laitteiden Aruk\u00fclaan asentamisen j\u00e4lkeen yritys muutti vuoden 2000 syksyll\u00e4 uuteen, suurempaan tehtaaseen, jossa jatkettiin ovien ja metallikalusteiden valmistusta.<br><br>1999\u20132001 oli yritykselle hyvin t\u00e4rke\u00e4 kausi, sill\u00e4 aloittavan yrityksen omistajien ensimm\u00e4inen liike-idea \u2013 turvaovet \u2013 osoittautui todella onnistuneeksi.<br>Useiden elementtitalojen huoneistoissa oli viel\u00e4 tuolloin puiset ulko-ovet, jotka eiv\u00e4t t\u00e4ytt\u00e4neet yht\u00e4k\u00e4\u00e4n turvallisuusvaatimusta ja jotka vaihdettiin melko nopeasti kunnollisiin ja turvallisiin metallioviin.<br>Koska Falkonet pystyi tuomaan markkinoille tuotteen, jolla oli hyv\u00e4 hinta-laatusuhde, ovitilausten m\u00e4\u00e4r\u00e4 oli kyseisell\u00e4 kaudella keskim\u00e4\u00e4rin 300 ovea kuukaudessa.<br><br>Uusi ja suurempi tehdas ja hyvin toimiva ovikauppa antoivat mahdollisuuden laajentaa toimintaa metallikalusteiden alueelle. Virossa valmistettavien metallikalusteiden taso oli pian sit\u00e4 luokkaa, ett\u00e4 yritys onnistui tekem\u00e4\u00e4n ensimm\u00e4iset suuremmat myynnit kotimaahan, ja v\u00e4hitellen alettiin tutkia my\u00f6s markkinoita Suomessa.<br>Metallikalusteiden valmistusm\u00e4\u00e4r\u00e4 ja kysynt\u00e4 olivat vuoteen 2002 menness\u00e4 kasvaneet niin suureksi, ett\u00e4 olemassa olevalla konekannalla ei pystytty en\u00e4\u00e4 kehittym\u00e4\u00e4n. Niinp\u00e4 yrityksen omistajat p\u00e4\u00e4ttiv\u00e4t investoida uuden tehtaan kalustoon.<br><br>Vuonna 2002 yritykseen investoitiin l\u00e4hes 6,5 miljoonaa kruunua, joka oli tuolloin hyvin suuri investointi. Investointi kohdistui p\u00e4\u00e4asiassa nykyaikaisiin tuotantolaitteisiin.<br>Uusien koneiden ansiosta oli mahdollisuus valmistaa tuotannossa tarvittavia osia eritt\u00e4in suurella tarkkuudella ja useita kertoja nopeammin, mik\u00e4 antoi yhdess\u00e4 edullisen ty\u00f6voiman ja raaka-aineen alhaisen hinnan kanssa oleellisen sys\u00e4yksen metallikalusteiden valmistajien huipulle p\u00e4\u00e4semiseksi.<br><br>Ensimm\u00e4isi\u00e4 t\u00e4rkeimpi\u00e4 asiakkaita ulkomarkkinoilla olivat Lindstr\u00f6m OY Suomessa ja Prewo AB Ruotsissa. Molempien kanssa allekirjoitettiin pysyv\u00e4t toimitussopimukset ja kehiteltiin erityiset kaappisarjat, joita toimitettiin vain n\u00e4ille asiakkaille.<br>Koska viennin osuus koko tuotannosta n\u00e4ytti olevan suurenemassa, vuoden 2003 lopussa p\u00e4\u00e4tettiin j\u00e4tt\u00e4\u00e4 ovien valmistus taka-alalle ja keskityttiin sataprosenttisesti metallikalusteiden valmistamiseen.<br><br>Vuodesta 2004 l\u00e4htien yhti\u00f6n omistajapiiriss\u00e4 tapahtuneiden muutosten my\u00f6t\u00e4 Falkonet Metall O\u00dc:st\u00e4 on tullut tasaisesti kehittyv\u00e4 yritys. Yhti\u00f6 on esitt\u00e4nyt vuosi vuodelta parempia ja positiivisia taloustoiminnan tuloksia ja saanut tunnustusta sek\u00e4 ulkomaisilta kumppaneilta ett\u00e4 paikallisilta rahoituslaitoksilta.<br><br><strong>Saavutukset<\/strong><br><br>On merkitt\u00e4v\u00e4\u00e4, ett\u00e4 Falkonet Metall O\u00dc oli vuonna 2006 \u00c4rip\u00e4ev AS:n laatimalla Viron kalustevalmistajien TOP 100 -listalla sijalla 10 ja vuonna 2007 sijalla 3. Falkonet Metall O\u00dc on saavuttanut vuosila 2006 -2017 Krediidiinfo AS:n ja Experianin laatimassa Edukas Eesti Ettev\u00f5te (Menestyksek\u00e4s virolainen yritys) -todistuksessa AAA-luokituksen (erinomainen). Luokitus lasketaan yrityksen viimeisen tilikauden taloustoiminnan tulosten perusteella.<br><br><strong>Henkil\u00f6kunta<\/strong><br><br>Yrityksess\u00e4 ty\u00f6skentelee t\u00e4ll\u00e4 hetkell\u00e4 65 ihmist\u00e4, joista suurin osa tuotantoprosessiin ja varastointiin liittyviss\u00e4 teht\u00e4viss\u00e4. Yrityksell\u00e4 on my\u00f6s oma hallinto-osasto, johon kuuluu myyntiosasto, kirjanpito ja toimitusjohtaja.<br>Yrityksen p\u00e4\u00e4m\u00e4\u00e4r\u00e4n\u00e4 on myyd\u00e4 tuotantoa suoraan perusk\u00e4ytt\u00e4jille Virossa, Suomessa, Latviassa, Liettuassa, Ven\u00e4j\u00e4ll\u00e4 sek\u00e4 uudessa kohdemarkkinamaassa Ruotsissa.<br>Falkonet Metall O\u00dc:n missiona on tarjota asiakkaille hinta-laatusuhteeltaan parasta tuotantoa koko Baltiassa.<\/p>\n","protected":false},"excerpt":{"rendered":"<p>O\u00dc Falkonet Metall Toimialat O\u00dc Falkonet Metall on vuonna 1999 perustettu yhti\u00f6, jonka p\u00e4\u00e4toimialana on metallikalusteiden valmistus. Tuotenimikkeist\u00f6mme koostuu p\u00e4\u00e4asiassa teollisuussisustuksesta, johon kuuluvat esimerkiksi seuraavat&hellip;<\/p>\n","protected":false},"author":2,"featured_media":0,"parent":0,"menu_order":0,"comment_status":"closed","ping_status":"closed","template":"","meta":{"footnotes":""},"class_list":["post-1600","page","type-page","status-publish","hentry"],"jetpack_sharing_enabled":true,"_links":{"self":[{"href":"https:\/\/falkonet.ee\/fi\/wp-json\/wp\/v2\/pages\/1600","targetHints":{"allow":["GET"]}}],"collection":[{"href":"https:\/\/falkonet.ee\/fi\/wp-json\/wp\/v2\/pages"}],"about":[{"href":"https:\/\/falkonet.ee\/fi\/wp-json\/wp\/v2\/types\/page"}],"author":[{"embeddable":true,"href":"https:\/\/falkonet.ee\/fi\/wp-json\/wp\/v2\/users\/2"}],"replies":[{"embeddable":true,"href":"https:\/\/falkonet.ee\/fi\/wp-json\/wp\/v2\/comments?post=1600"}],"version-history":[{"count":1,"href":"https:\/\/falkonet.ee\/fi\/wp-json\/wp\/v2\/pages\/1600\/revisions"}],"predecessor-version":[{"id":1601,"href":"https:\/\/falkonet.ee\/fi\/wp-json\/wp\/v2\/pages\/1600\/revisions\/1601"}],"wp:attachment":[{"href":"https:\/\/falkonet.ee\/fi\/wp-json\/wp\/v2\/media?parent=1600"}],"curies":[{"name":"wp","href":"https:\/\/api.w.org\/{rel}","templated":true}]}}