{"id":1683,"date":"2023-03-25T16:00:34","date_gmt":"2023-03-25T13:00:34","guid":{"rendered":"https:\/\/falkonet.ee\/?page_id=1683"},"modified":"2023-03-25T16:00:36","modified_gmt":"2023-03-25T13:00:36","slug":"teknologia","status":"publish","type":"page","link":"https:\/\/falkonet.ee\/fi\/teknologia\/","title":{"rendered":"Teknologia"},"content":{"rendered":"\n<h2 class=\"wp-block-heading\">Teknologia<\/h2>\n\n\n\n<p><br>Falkonet Metall O\u00dc k\u00e4ytt\u00e4\u00e4 tuotteiden valmistamiseen nykyaikaisia CNC-ohjattuja metallinty\u00f6st\u00f6koneita.<br>Valmistamiemme metallikalusteiden laatu perustuu tietoon siit\u00e4, ett\u00e4 kaikki tuotteemme on valmistettu raaka-aineista, joilla on sertifikaatti. Jokainen tuote on my\u00f6s k\u00e4ynyt l\u00e4pi yrityksen sis\u00e4isen laaduntarkastuksen.<\/p>\n\n\n\n<p>Tuotantomme on valmistettu p\u00e4\u00e4asiassa 0,7 mm:n kylm\u00e4valssatusta ter\u00e4slevyst\u00e4.<br>Ter\u00e4slevyn hankinta perustuu yrityksen pitk\u00e4aikaisiin liikekumppanuuksiin sek\u00e4 valmistajatehtaan my\u00f6nt\u00e4m\u00e4\u00e4n laatusertifikaattiin, joka liitet\u00e4\u00e4n jokaiseen tavaral\u00e4hetykseen.<br>K\u00e4ytett\u00e4v\u00e4 ter\u00e4slevy on per\u00e4isin Euroopasta.<\/p>\n\n\n\n<p>Kaappien rakenteet liitet\u00e4\u00e4n toisiinsa pistehitsausmenetelm\u00e4ll\u00e4.<\/p>\n\n\n\n<p>Kaappien maalaukseen k\u00e4ytet\u00e4\u00e4n jauhemaalausteknologiaa. Maalien v\u00e4riaineena k\u00e4ytet\u00e4\u00e4n Akzo Nobelin valmistamia erityisi\u00e4 metallisia jauhemaaleja. V\u00e4riaine kiinnitet\u00e4\u00e4n osiin kuumentamalla.<\/p>\n\n\n\n<p>Raaka-aineita varastoitaessa noudatetaan kaikkia valmistajan m\u00e4\u00e4r\u00e4\u00e4mi\u00e4 ja suosittelemia m\u00e4\u00e4r\u00e4yksi\u00e4, joiden avulla taataan materiaalien s\u00e4ilyminen laadukkaina.<\/p>\n\n\n\n<p>Valmiille tuotannolle on erillinen varasto.<\/p>\n\n\n\n<p>Erikoisalan omaksuneet tai alan koulutuksen saaneet ty\u00f6ntekij\u00e4t toteuttavat ty\u00f6vaiheet sek\u00e4 ty\u00f6njohdon.<\/p>\n\n\n\n<p>Osien valmistaminen tapahtuu AMADA AC 2510 NT -levyty\u00f6keskuksella (hankittu kes\u00e4ll\u00e4 2008).<\/p>\n\n\n\n<p>Koneen l\u00e4vistysvoima on enint\u00e4\u00e4n 20 tonnia, ty\u00f6stett\u00e4v\u00e4n levyn mitat 1 250 x 3 000 mm ja ty\u00f6stett\u00e4v\u00e4n levyn paksuus enint\u00e4\u00e4n 6 mm ja leikkaustarkkuus \u00b10,1 mm.<\/p>\n\n\n\n<p>Osat leikataan AMADA PROMECAM GS-630 -levyleikkurilla.<\/p>\n\n\n\n<p>Ty\u00f6stett\u00e4v\u00e4n levyn mitat: paksuus enint\u00e4\u00e4n 6 mm ja leveys enint\u00e4\u00e4n 3 000 mm.<\/p>\n\n\n\n<p>Osat taivutetaan AMADA HFT 80-25 -taivutuskoneella.<\/p>\n\n\n\n<p>Taivutusvoima on 80 tonnia, taivutettavan osan pituus enint\u00e4\u00e4n 2 500 mm.<\/p>\n\n\n\n<p>Osien jauhemaalaus suoritetaan ITW GEMA -laitteilla.<\/p>\n","protected":false},"excerpt":{"rendered":"<p>Teknologia Falkonet Metall O\u00dc k\u00e4ytt\u00e4\u00e4 tuotteiden valmistamiseen nykyaikaisia CNC-ohjattuja metallinty\u00f6st\u00f6koneita.Valmistamiemme metallikalusteiden laatu perustuu tietoon siit\u00e4, ett\u00e4 kaikki tuotteemme on valmistettu raaka-aineista, joilla on sertifikaatti. Jokainen&hellip;<\/p>\n","protected":false},"author":2,"featured_media":0,"parent":0,"menu_order":0,"comment_status":"closed","ping_status":"closed","template":"","meta":{"footnotes":""},"class_list":["post-1683","page","type-page","status-publish","hentry"],"jetpack_sharing_enabled":true,"_links":{"self":[{"href":"https:\/\/falkonet.ee\/fi\/wp-json\/wp\/v2\/pages\/1683","targetHints":{"allow":["GET"]}}],"collection":[{"href":"https:\/\/falkonet.ee\/fi\/wp-json\/wp\/v2\/pages"}],"about":[{"href":"https:\/\/falkonet.ee\/fi\/wp-json\/wp\/v2\/types\/page"}],"author":[{"embeddable":true,"href":"https:\/\/falkonet.ee\/fi\/wp-json\/wp\/v2\/users\/2"}],"replies":[{"embeddable":true,"href":"https:\/\/falkonet.ee\/fi\/wp-json\/wp\/v2\/comments?post=1683"}],"version-history":[{"count":1,"href":"https:\/\/falkonet.ee\/fi\/wp-json\/wp\/v2\/pages\/1683\/revisions"}],"predecessor-version":[{"id":1684,"href":"https:\/\/falkonet.ee\/fi\/wp-json\/wp\/v2\/pages\/1683\/revisions\/1684"}],"wp:attachment":[{"href":"https:\/\/falkonet.ee\/fi\/wp-json\/wp\/v2\/media?parent=1683"}],"curies":[{"name":"wp","href":"https:\/\/api.w.org\/{rel}","templated":true}]}}