{"id":1686,"date":"2023-03-25T16:02:38","date_gmt":"2023-03-25T13:02:38","guid":{"rendered":"https:\/\/falkonet.ee\/?page_id=1686"},"modified":"2023-03-25T16:02:41","modified_gmt":"2023-03-25T13:02:41","slug":"laatu","status":"publish","type":"page","link":"https:\/\/falkonet.ee\/fi\/teknologia\/laatu\/","title":{"rendered":"Laatu"},"content":{"rendered":"\n<h2 class=\"wp-block-heading\">Laadunvarmistusj\u00e4rjestelm\u00e4<\/h2>\n\n\n\n<p>Falkonet Metall O\u00dc on toiminut jo 18 vuoden ajan, ja tuona aikana markkinoitavien tuotteiden laadun varmistaminen on ollut hyvin t\u00e4rke\u00e4ll\u00e4 sijalla. Se edellytt\u00e4\u00e4 p\u00e4ivitt\u00e4ist\u00e4 j\u00e4rjestelm\u00e4llist\u00e4 yhteisty\u00f6t\u00e4 yrityksen ty\u00f6ntekij\u00f6iden kesken sek\u00e4 tuotanto- ja palveluprosessien valvontaa ja arviointia. P\u00e4\u00e4m\u00e4\u00e4r\u00e4n\u00e4 on parhaiden ratkaisujen ja toimintatapojen l\u00f6yt\u00e4minen, jotta varmistettaisiin tarjoamiemme tuotteiden ja palvelujen arvo. Sen vuoksi onkin saatettu voimaan laatuvaatimukset kaikille raaka-aineille ja tuotteille sek\u00e4 erikoisvaatimukset laitteille, tuotantoprosesseille ja -tiloille ja osaamistasot ty\u00f6ntekij\u00f6illemme.<\/p>\n\n\n\n<p>Tuotteita valmistettaessa noudatamme ennen kaikkea ammattitaitoista ja joustavaa l\u00e4hestymistapaa asiakkaiden toiveisiin. Laatupolitiikkaa noudattaessamme nojaudumme ty\u00f6ntekij\u00f6iden yhteisty\u00f6valmiuteen ja velvollisuudentuntoon. Kaikki ty\u00f6vaiheet ja t\u00f6iden johtamisen suorittavat erikoisalan omaksuneet tai alan koulutuksen saaneet ty\u00f6ntekij\u00e4t. Kaikkien ty\u00f6ntekij\u00f6iden kanssa k\u00e4yd\u00e4\u00e4n joka vuosi kehityskeskusteluja, joiden yhteydess\u00e4 selvitet\u00e4\u00e4n, mitk\u00e4 ovat heid\u00e4n ty\u00f6h\u00f6n ja kehitykseen liittyv\u00e4t p\u00e4\u00e4m\u00e4\u00e4r\u00e4ns\u00e4 ja mink\u00e4laista koulutusta he tarvitsevat.<\/p>\n\n\n\n<p>Kaikki valmistamamme tuotteet suunnitellaan nykyaikaisilla suunnittelu- ja piirustusohjelmilla (AutoCad, SolidEdge).<br>Tuotteiden suunnittelun parissa ty\u00f6skentelee kaksi suunnittelija-teknologia jotka molemmat ovat valmistuneet Tallinnan teknillisest\u00e4 yliopistosta koneenrakennuksen alalta.<br>Kaikki metallituotteemme on valmistettu raaka-aineista, joilla on sertifikaatti. Jokainen tuote on my\u00f6s k\u00e4ynyt l\u00e4pi yrityksen sis\u00e4isen laaduntarkastuksen. Metallin hankinta perustuu yrityksen pitk\u00e4aikaisiin liikekumppanuuksiin sek\u00e4 valmistajatehtaan my\u00f6nt\u00e4m\u00e4\u00e4n laatusertifikaattiin, joka liitet\u00e4\u00e4n jokaiseen tavaral\u00e4hetykseen.<\/p>\n\n\n\n<p>Tuotteiden osien valmistamisessa k\u00e4yt\u00e4mme uudenaikaisia tietokoneohjattavia metallinty\u00f6st\u00f6koneita: AMADA AC 2510 NT -levyty\u00f6keskusta (hankittu kes\u00e4ll\u00e4 2008), AMADA PROMECAM GS-630 levyleikkuria ja AMADA HFT 80-25 taivutuskonetta.<br>Kaikkien tuotteiden rakenteet liitet\u00e4\u00e4n toisiinsa pistehitsausmenetelm\u00e4ll\u00e4, joka on yksi tunnustetuimmista kaappien kokoamistavoista Skandinaviassa. T\u00e4m\u00e4n teknologian kest\u00e4vyydest\u00e4 kertoo my\u00f6s se, ett\u00e4 useimmiten Skandinaviasta tulevissa hintatiedusteluissa ja tilauksissa on jo suunnittelijoiden ja arkkitehtien m\u00e4\u00e4r\u00e4\u00e4m\u00e4t vaatimukset, ett\u00e4 kaapeissa tulee olla hitsausliitos.<\/p>\n\n\n\n<p>Tuotteiden maalaukseen k\u00e4ytet\u00e4\u00e4n jauhemaalausteknologiaa. Maalien v\u00e4riaineena k\u00e4ytet\u00e4\u00e4n erityisi\u00e4 metallisia jauhemaaleja. V\u00e4riaine kiinnitet\u00e4\u00e4n osiin kuumentamalla.<\/p>\n\n\n\n<p>Raaka-aineita varastoitaessa noudatetaan kaikkia valmistajan m\u00e4\u00e4r\u00e4\u00e4mi\u00e4 ja suosittelemia m\u00e4\u00e4r\u00e4yksi\u00e4, joiden avulla taataan materiaalien s\u00e4ilyminen laadukkaina. Valmiille tuotannolle on erillinen varasto.<\/p>\n\n\n\n<p>Yrityksen sis\u00e4isen laadunvalvonnan hoitavat mestarit, jotka molemmat ovat koulutukseltaan hitsaaja-asentajia. Heill\u00e4 on erinomaiset tiedot ja kokemukset metallikalusteiden valmistuksesta, sill\u00e4 molemmat ovat ty\u00f6skennelleet Falkonet Metall O\u00dc:ss\u00e4 yhti\u00f6n toiminnan alusta l\u00e4htien.<br>He suorittavat jokaisen valmistuneen tuotteen visuaalisen ja teknisen tarkastuksen.<\/p>\n\n\n\n<p>Asiantuntijat ja tuotannossa ty\u00f6skentelev\u00e4t henkil\u00f6t huoltavat koneita ja laitteita niiden toimintakunnon varmistamiseksi huoltosuunnitelmien ja aikataulujen mukaisesti sek\u00e4 mittaavat viikoittain niiden tehokkuutta. Meill\u00e4 on my\u00f6s j\u00e4rjestelm\u00e4 ty\u00f6ntekij\u00f6iden tekemien parannusehdotusten arvioimiseksi, soveltamiseksi ja tunnustamiseksi, sill\u00e4 t\u00e4llaiset ehdotukset ovat aina parhaita, kun halutaan esimerkiksi parantaa laatua, v\u00e4hent\u00e4\u00e4 kustannuksia, lis\u00e4t\u00e4 tuloja, parantaa toimitusvarmuutta, kohentaa ty\u00f6ymp\u00e4rist\u00f6\u00e4 tai helpottaa ty\u00f6vaiheita ja huoltoa.<\/p>\n\n\n\n<p>Edell\u00e4 esitetyn perusteella t\u00e4rkeimm\u00e4t toimet, joita Falkonet Metall O\u00dc noudattaa laadunvarmistuksessa ovat seuraavat:<\/p>\n\n\n\n<p>\u2022 Noudatamme ammattitaitoista ja joustavaa l\u00e4hestymistapaa asiakkaiden toiveisiin.<br>\u2022 Kohtelemme kaikkia asiakkaitamme tasavertaisesti heid\u00e4n suuruudestaan, lajistaan, alkuper\u00e4maastaan tai omistajapiirist\u00e4\u00e4n riippumatta. T\u00e4t\u00e4 periaatetta noudattavat kaikki Falkonet Metall O\u00dc:n ty\u00f6ntekij\u00e4t.<br>\u2022 Laatupolitiikkaa noudattaessamme nojaudumme ty\u00f6ntekij\u00f6iden yhteisty\u00f6valmiuteen ja velvollisuudentuntoon.<br>\u2022 Parannamme jatkuvasti yrityksen sis\u00e4isi\u00e4 prosesseja ja tuotantoteknologiaa taataksemme tasaisen kehityksen, joka vastaa asiakkaiden ja eturyhmien vaatimuksia.<br>\u2022 Yrityksen johto tekee kaikkensa taatakseen sen, ett\u00e4 jokainen ty\u00f6ntekij\u00e4 haluaa k\u00e4ytt\u00e4\u00e4 kaikki voimansa ja taitonsa yrityksen hyv\u00e4ksi ja osallistua tarvittaessa t\u00e4ydennyskoulutukseen.<br>\u2022 Parannamme j\u00e4rjestelm\u00e4llisesti henkil\u00f6kuntamme ammattitaitoa koulutuksen avulla.<br>\u2022 V\u00e4henn\u00e4mme viallisen tuotannon m\u00e4\u00e4r\u00e4\u00e4.<br>\u2022 Laadimme realistisia, ajoitettuja ja mitattavia tuotantosuunnitelmia ja laatuohjelmia.<br>\u2022 Meill\u00e4 on j\u00e4rjestelm\u00e4, joka takaa asiakkaille, ett\u00e4 tuotannon laatu on kansainv\u00e4listen standardien mukainen. T\u00e4ydenn\u00e4mme laatua jatkuvasti.<br>\u2022 Noudatamme tuotannon toimitusaikoja ja luomme sen kautta j\u00e4rjestelm\u00e4n, joka minimoi tuotantoriskit.<br>\u2022 Meill\u00e4 on j\u00e4rjestelm\u00e4, joka takaa ty\u00f6ntekij\u00f6idemme asianmukaisen ja ammattitaitoisen k\u00e4ytt\u00e4ytymisen.<\/p>\n","protected":false},"excerpt":{"rendered":"<p>Laadunvarmistusj\u00e4rjestelm\u00e4 Falkonet Metall O\u00dc on toiminut jo 18 vuoden ajan, ja tuona aikana markkinoitavien tuotteiden laadun varmistaminen on ollut hyvin t\u00e4rke\u00e4ll\u00e4 sijalla. Se edellytt\u00e4\u00e4 p\u00e4ivitt\u00e4ist\u00e4&hellip;<\/p>\n","protected":false},"author":2,"featured_media":0,"parent":1683,"menu_order":0,"comment_status":"closed","ping_status":"closed","template":"","meta":{"footnotes":""},"class_list":["post-1686","page","type-page","status-publish","hentry"],"jetpack_sharing_enabled":true,"_links":{"self":[{"href":"https:\/\/falkonet.ee\/fi\/wp-json\/wp\/v2\/pages\/1686","targetHints":{"allow":["GET"]}}],"collection":[{"href":"https:\/\/falkonet.ee\/fi\/wp-json\/wp\/v2\/pages"}],"about":[{"href":"https:\/\/falkonet.ee\/fi\/wp-json\/wp\/v2\/types\/page"}],"author":[{"embeddable":true,"href":"https:\/\/falkonet.ee\/fi\/wp-json\/wp\/v2\/users\/2"}],"replies":[{"embeddable":true,"href":"https:\/\/falkonet.ee\/fi\/wp-json\/wp\/v2\/comments?post=1686"}],"version-history":[{"count":1,"href":"https:\/\/falkonet.ee\/fi\/wp-json\/wp\/v2\/pages\/1686\/revisions"}],"predecessor-version":[{"id":1687,"href":"https:\/\/falkonet.ee\/fi\/wp-json\/wp\/v2\/pages\/1686\/revisions\/1687"}],"up":[{"embeddable":true,"href":"https:\/\/falkonet.ee\/fi\/wp-json\/wp\/v2\/pages\/1683"}],"wp:attachment":[{"href":"https:\/\/falkonet.ee\/fi\/wp-json\/wp\/v2\/media?parent=1686"}],"curies":[{"name":"wp","href":"https:\/\/api.w.org\/{rel}","templated":true}]}}