{"id":1688,"date":"2023-03-25T16:03:34","date_gmt":"2023-03-25T13:03:34","guid":{"rendered":"https:\/\/falkonet.ee\/?page_id=1688"},"modified":"2023-03-25T16:03:37","modified_gmt":"2023-03-25T13:03:37","slug":"ymparisto","status":"publish","type":"page","link":"https:\/\/falkonet.ee\/fi\/ymparisto\/","title":{"rendered":"Ymp\u00e4rist\u00f6"},"content":{"rendered":"\n<h2 class=\"wp-block-heading\">Falkonet Metall O\u00dc:n ymp\u00e4rist\u00f6politiikka<\/h2>\n\n\n\n<p>Falkonet Metall kantaa toiminnastaan ymp\u00e4rist\u00f6vastuuta. Kest\u00e4v\u00e4 kehitys on yksi hyv\u00e4n liikkeenjohdon perusn\u00e4k\u00f6kohdista, ja talouskasvuun ja terveelliseen ymp\u00e4rist\u00f6\u00f6n liittyv\u00e4t p\u00e4\u00e4m\u00e4\u00e4r\u00e4t liittyv\u00e4t erottamattomasti toisiinsa. Pyrimme takaamaan, ett\u00e4 politiikkamme ja liiketoimintamme edist\u00e4v\u00e4t kest\u00e4v\u00e4\u00e4 kehityst\u00e4 ja vastaavat t\u00e4m\u00e4n p\u00e4iv\u00e4n tarpeisiin vahingoittamatta tulevaisuuden tarpeita. Organisaatiomme jokaiselle tasolle on m\u00e4\u00e4ritelty ymp\u00e4rist\u00f6\u00f6n liittyv\u00e4t oikeudet ja velvollisuudet. Yhten\u00e4 p\u00e4\u00e4m\u00e4\u00e4r\u00e4n\u00e4mme on k\u00e4ytt\u00e4\u00e4 ja ottaa j\u00e4rjestelm\u00e4llisesti k\u00e4ytt\u00f6\u00f6n sellaisia tuotteita ja toimintamenetelmi\u00e4, jotka v\u00e4hent\u00e4v\u00e4t elinymp\u00e4rist\u00f6n saastumista ja terveyden riskitekij\u00f6it\u00e4.<br>Falkonet Metall O\u00dc<br>\u2022 noudattaa ymp\u00e4rist\u00f6n jatkuvan parantamisen periaatteita arvioimalla s\u00e4\u00e4nn\u00f6llisesti toimintansa aiheuttamia ymp\u00e4rist\u00f6vaikutuksia sek\u00e4 ennakoimalla ja v\u00e4hent\u00e4m\u00e4ll\u00e4 merkitt\u00e4vi\u00e4 vahingollisia ymp\u00e4rist\u00f6vaikutuksia<br>\u2022 noudattaa toiminnassaan kaikkia asianmukaisia ymp\u00e4rist\u00f6alan s\u00e4\u00e4d\u00f6ksi\u00e4 sek\u00e4 kansainv\u00e4lisi\u00e4 sopimuksia ja yleissopimuksia<br>\u2022 k\u00e4ytt\u00e4\u00e4 kaikkia k\u00e4yt\u00f6ss\u00e4\u00e4n olevia ehk\u00e4isevi\u00e4 keinoja v\u00e4ltt\u00e4\u00e4kseen tai minimoidakseen saasteriskin ja mahdolliset onnettomuudet<br>\u2022 arvioi jokaista uutta teknologiaa, laitetta tai materiaalia k\u00e4ytt\u00f6\u00f6n otettaessa kaikkien muiden parametrien ohella (hinta, kannattavuus, tuottavuus) my\u00f6s niiden mahdollisia vaikutuksia ymp\u00e4rist\u00f6\u00f6n<br>\u2022 noudattaa toiminnassaan uudelleenk\u00e4yt\u00f6n periaatetta: energiaa s\u00e4\u00e4st\u00e4vien ty\u00f6menetelmien ja ymp\u00e4rist\u00f6yst\u00e4v\u00e4llisten teknologioiden k\u00e4ytt\u00f6\u00e4 \u2013 hinnaltaan, laadultaan ja vaikutukseltaan samanlaisista tuotteista valitaan ymp\u00e4rist\u00f6yst\u00e4v\u00e4llisempi tuote<br>\u2022 noudattaa toimintaa s\u00e4\u00e4televi\u00e4 lakeja, ohjeita sek\u00e4 lupia vaativia asetuksia ja muita ymp\u00e4rist\u00f6alan normatiivisia asiakirjoja<br>\u2022 kehitt\u00e4\u00e4 ymp\u00e4rist\u00f6\u00e4 v\u00e4hemm\u00e4n kuormittavia tuotteita ja prosesseja v\u00e4ltt\u00e4en tai v\u00e4hent\u00e4en saasteita ja k\u00e4ytt\u00e4m\u00e4ll\u00e4 resursseja s\u00e4\u00e4st\u00e4v\u00e4isesti<br>\u2022 kouluttaa ty\u00f6ntekij\u00e4t tiedostamaan oman ty\u00f6ns\u00e4 aiheuttaman vaikutuksen ymp\u00e4rist\u00f6\u00f6n sek\u00e4 toimimaan vastuuntuntoisesti sek\u00e4 ymp\u00e4rist\u00f6n ett\u00e4 ty\u00f6tovereiden suhteen<br>\u2022 yll\u00e4pit\u00e4\u00e4 avointa ja luotettavaa tiedonvaihtoa ymp\u00e4rist\u00f6n asukkaiden, viranomaisten ja muiden sidosryhmien kanssa<br>\u2022 tekee yhteisty\u00f6t\u00e4 muiden yritysten ja organisaatioiden kanssa, mik\u00e4 on takeena siit\u00e4, ett\u00e4 pystymme saavuttamaan p\u00e4\u00e4m\u00e4\u00e4r\u00e4mme ja tekem\u00e4\u00e4n tunnetuksi ymp\u00e4rist\u00f6yst\u00e4v\u00e4llist\u00e4 el\u00e4m\u00e4ntapaa<br>\u2022 kaikilla ty\u00f6ntekij\u00f6ill\u00e4 on yhteinen p\u00e4\u00e4m\u00e4\u00e4r\u00e4 luoda ja s\u00e4ilytt\u00e4\u00e4 hyv\u00e4 ty\u00f6ymp\u00e4rist\u00f6 \u2013 tavoitteena on terveyshaittojen ja ty\u00f6tapaturmien ennaltaehk\u00e4isy ja samalla miellytt\u00e4v\u00e4n ty\u00f6ymp\u00e4rist\u00f6n luominen: jokainen ty\u00f6ntekij\u00e4 on vastuussa my\u00f6s ty\u00f6tovereiden turvallisuuden ja terveyden takaamisesta ty\u00f6paikalla.<\/p>\n","protected":false},"excerpt":{"rendered":"<p>Falkonet Metall O\u00dc:n ymp\u00e4rist\u00f6politiikka Falkonet Metall kantaa toiminnastaan ymp\u00e4rist\u00f6vastuuta. Kest\u00e4v\u00e4 kehitys on yksi hyv\u00e4n liikkeenjohdon perusn\u00e4k\u00f6kohdista, ja talouskasvuun ja terveelliseen ymp\u00e4rist\u00f6\u00f6n liittyv\u00e4t p\u00e4\u00e4m\u00e4\u00e4r\u00e4t liittyv\u00e4t erottamattomasti&hellip;<\/p>\n","protected":false},"author":2,"featured_media":0,"parent":0,"menu_order":0,"comment_status":"closed","ping_status":"closed","template":"","meta":{"footnotes":""},"class_list":["post-1688","page","type-page","status-publish","hentry"],"jetpack_sharing_enabled":true,"_links":{"self":[{"href":"https:\/\/falkonet.ee\/fi\/wp-json\/wp\/v2\/pages\/1688","targetHints":{"allow":["GET"]}}],"collection":[{"href":"https:\/\/falkonet.ee\/fi\/wp-json\/wp\/v2\/pages"}],"about":[{"href":"https:\/\/falkonet.ee\/fi\/wp-json\/wp\/v2\/types\/page"}],"author":[{"embeddable":true,"href":"https:\/\/falkonet.ee\/fi\/wp-json\/wp\/v2\/users\/2"}],"replies":[{"embeddable":true,"href":"https:\/\/falkonet.ee\/fi\/wp-json\/wp\/v2\/comments?post=1688"}],"version-history":[{"count":1,"href":"https:\/\/falkonet.ee\/fi\/wp-json\/wp\/v2\/pages\/1688\/revisions"}],"predecessor-version":[{"id":1689,"href":"https:\/\/falkonet.ee\/fi\/wp-json\/wp\/v2\/pages\/1688\/revisions\/1689"}],"wp:attachment":[{"href":"https:\/\/falkonet.ee\/fi\/wp-json\/wp\/v2\/media?parent=1688"}],"curies":[{"name":"wp","href":"https:\/\/api.w.org\/{rel}","templated":true}]}}