{"id":1700,"date":"2023-03-25T16:30:53","date_gmt":"2023-03-25T13:30:53","guid":{"rendered":"https:\/\/falkonet.ee\/?page_id=1700"},"modified":"2023-03-25T16:30:56","modified_gmt":"2023-03-25T13:30:56","slug":"ohjeet","status":"publish","type":"page","link":"https:\/\/falkonet.ee\/fi\/ohjeet\/","title":{"rendered":"Ohjeet"},"content":{"rendered":"\n<h1 class=\"wp-block-heading\">Toimitusehdot<\/h1>\n\n\n\n<p>Seuraavat toimitusehdot ovat voimassa, mik\u00e4li Falkonet Metall O\u00dc ja tilaaja eiv\u00e4t ole solmineet muuta kirjallista sopimusta.<\/p>\n\n\n\n<p>1. Tilauksen vahvistus<br>Kaikki tilaukset vahvistetaan kirjallisesti. Tilaajan t\u00e4ytyy tarkastaa tilauksen oikeellisuus sek\u00e4 toimitusajat. Mahdollisia puutteita k\u00e4sittelev\u00e4t muistutukset tai huomautukset tulee esitt\u00e4\u00e4 kirjallisesti viiden p\u00e4iv\u00e4n kuluessa tilauksen vahvistamisp\u00e4iv\u00e4st\u00e4.<\/p>\n\n\n\n<p>2. Tilauksen vahvistuksen muutokset<br>Mik\u00e4li tilaaja haluaa muuttaa tilauksen sis\u00e4lt\u00f6\u00e4 viiden p\u00e4iv\u00e4n aikana tilauksen vahvistamisp\u00e4iv\u00e4n tai toimitusajan j\u00e4lkeen, siit\u00e4 aiheutuu lis\u00e4kustannuksia ja tilauksen uuden toimitusajan m\u00e4\u00e4r\u00e4\u00e4 tilanteen mukaan Falkonet Metall O\u00dc. Tilauksen vahvistamisen mahdolliset muutokset ja tarkennukset tulee kuitenkin tehd\u00e4 aina kaksi viikkoa ennen sovittua toimitusaikaa.<\/p>\n\n\n\n<p>3. Toimitusajat<br>Kaikkien tilausten toimitusaika sovitaan jokaisen tilauksen osalta erikseen.<\/p>\n\n\n\n<p>4. Maksuehdot ovat sopimuksen mukaiset.<br>Viiv\u00e4styskorko lasketaan esitettyjen ehtojen mukaisesti.<\/p>\n\n\n\n<p>5. Kuljetuksesta ja asennuksesta sovitaan aina erikseen.<\/p>\n\n\n\n<p>6. Kuljetuksia tai muita puutteita k\u00e4sittelev\u00e4t mahdolliset muistutukset tulee esitt\u00e4\u00e4 kirjallisesti viiden p\u00e4iv\u00e4n kuluessa tuotteiden vastaanotosta.<\/p>\n\n\n\n<p>7. Kaikilla toimittamillamme tuotteilla on kahden vuoden takuu, jonka aikana korvataan mahdolliset valmistukseen ja raaka-aineisiin liittyv\u00e4t viat. Takuu ei koske toimittamiemme tuotteiden v\u00e4\u00e4r\u00e4st\u00e4 k\u00e4yt\u00f6st\u00e4, k\u00e4sittelyst\u00e4 tai kuljetuksesta aiheutuneita vahinkoja. Takuuaika alkaa laskun p\u00e4iv\u00e4yksest\u00e4.<\/p>\n\n\n\n<p>8. Tuotteiden omistusoikeus kuuluu Falkonet Metall O\u00dc:lle niin kauan, kunnes ostaja on maksanut tilauksen kokonaan. Tilaaja on velvollinen korvaamaan sopimuksen purkamisesta ja kalusteiden palauttamisesta Falkonet Metall O\u00dc:lle aiheutuneet kustannukset ja vahingot.<\/p>\n\n\n\n<p>9. Mik\u00e4li toimitus sis\u00e4lt\u00e4\u00e4 tiettyj\u00e4 palveluja (esim. kuljetus, tuotteen siirt\u00e4minen ja sen asentaminen), niiden suhteen sovitaan erikseen lopullinen hinta tilauksen j\u00e4lkeen.<\/p>\n\n\n\n<p>10. Tilaukset perustuvat aina sovittuun toimitusp\u00e4iv\u00e4\u00e4n ja -hintaan.<br>Toimitusp\u00e4iv\u00e4 on p\u00e4iv\u00e4, jolloin tuotteet lastataan Falkonet Metall O\u00dc:ssa.<\/p>\n\n\n\n<p>11. Hinnat ovat voimassa toistaiseksi. Pid\u00e4t\u00e4mme oikeuden muuttaa tai muokata hintoja ja tuotteita.<\/p>\n\n\n\n<p>12. Tarkastukset<br>Metallikalusteiden asennus- ja purkut\u00f6iden yhteydess\u00e4 tehd\u00e4\u00e4n tarvittaessa seuraavat tarkastukset:<br>\u2013 alustava tarkastus asennuspaikalla ennen t\u00f6iden aloittamista<br>\u2013 luovutustarkastus asennust\u00f6iden j\u00e4lkeen.<\/p>\n\n\n\n<p>13. Asennust\u00f6iden keskeytt\u00e4minen ja sen seuraukset<br>Tilaaja vastaa vahingoista ja kustannuksista, jotka aiheutuvat h\u00e4nelle tai kolmansille osapuolille tuotteiden v\u00e4\u00e4r\u00e4st\u00e4 varastoinnista tai asennuspaikasta. Falkonet Metall O\u00dc ei vastaa Falkonet Metall O\u00dc:st\u00e4 riippumattomista syist\u00e4 aiheutuneista kustannuksista tai toimituksen my\u00f6h\u00e4stymisest\u00e4. Falkonet Metall O\u00dc ei my\u00f6sk\u00e4\u00e4n vastaa vahingoista eik\u00e4 kustannuksista, jotka aiheutuvat kalusteiden v\u00e4\u00e4r\u00e4st\u00e4 k\u00e4yt\u00f6st\u00e4.<\/p>\n\n\n\n<p>14. Oikeus saada korvausta<br>Jos tilaaja vaatii sopimukseen perustuvaa korvausta, tilaaja vastaa itse asiaan liittyvien olosuhteiden selvitt\u00e4misest\u00e4 aiheutuvista kuluista.<\/p>\n\n\n\n<p>15. Erityisehdot<br>Mik\u00e4li tilaaja ei pysty t\u00e4ytt\u00e4m\u00e4\u00e4n sopimuksessa sovittuja velvoitteita, tilaaja vastaa siit\u00e4 aiheutuvasta vahingosta ja Falkonet Metall O\u00dc:ll\u00e4 on oikeus esitt\u00e4\u00e4 aiheutuneista kuluista lasku.<\/p>\n\n\n\n<p>16. Muut ehdot<br>Tilaaja vastaa kaikkien viranomaislupien hankinnasta. Tarjouksen mukaiset hinnat ovat voimassa siin\u00e4 tapauksessa, ett\u00e4 kuljetus-, nosto-, asennus- ja varastointity\u00f6t ja muu vastaava voidaan tehd\u00e4 esteett\u00e4 ja sovitun aikataulun mukaisesti. Lis\u00e4t\u00f6ist\u00e4 perit\u00e4\u00e4n palkkio kyseisell\u00e4 hetkell\u00e4 voimassa olevan hinnaston mukaisesti. Tilaaja vastaa siit\u00e4, ett\u00e4 asennuspaikka on ennen t\u00f6iden aloittamista valaistu ja puhdas kaikenlaisista h\u00e4iritsevist\u00e4 tarvikkeista ja materiaaleista ja ett\u00e4 asennuspaikalle on esteet\u00f6n p\u00e4\u00e4sy.<\/p>\n\n\n\n<p>17. Ylivoimainen este<br>Falkonet Metall O\u00dc ei ole velvollinen t\u00e4ytt\u00e4m\u00e4\u00e4n sopimukseen perustuvia velvoitteitaan, mik\u00e4li kalusteiden tai niiden osien toimittamisen est\u00e4\u00e4 luonnononnettomuus, tulipalo, konevaurio tai niihin verrattavissa oleva muu h\u00e4iri\u00f6, lakko, ty\u00f6sulku, sota, liikekannallepano, tuonti- tai vientikielto, kuljetusv\u00e4lineiden puute, tuotannon lopettaminen, liikenneh\u00e4iri\u00f6 tai muu vastaava este, johon Falkonet Metall O\u00dc ei pysty vaikuttamaan. Falkonet Metall O\u00dc ei ole velvollinen t\u00e4ytt\u00e4m\u00e4\u00e4n sopimusta my\u00f6sk\u00e4\u00e4n siin\u00e4 tapauksessa, ett\u00e4 se edellytt\u00e4\u00e4 toimintaa, joka on Falkonet Metall O\u00dc:n suhteen siit\u00e4 saatavaan hy\u00f6tyyn verrattuna kohtuutonta. Falkonet Metall O\u00dc ei ole velvollinen korvaamaan tilaajalle tai kolmannelle osapuolelle sopimuksen t\u00e4ytt\u00e4m\u00e4tt\u00e4 j\u00e4tt\u00e4misest\u00e4 aiheutunutta vahinkoa, ja Falkonet Metall O\u00dc:ll\u00e4 on my\u00f6s oikeus purkaa sopimus.<\/p>\n","protected":false},"excerpt":{"rendered":"<p>Toimitusehdot Seuraavat toimitusehdot ovat voimassa, mik\u00e4li Falkonet Metall O\u00dc ja tilaaja eiv\u00e4t ole solmineet muuta kirjallista sopimusta. 1. Tilauksen vahvistusKaikki tilaukset vahvistetaan kirjallisesti. Tilaajan t\u00e4ytyy&hellip;<\/p>\n","protected":false},"author":2,"featured_media":0,"parent":0,"menu_order":0,"comment_status":"closed","ping_status":"closed","template":"","meta":{"footnotes":""},"class_list":["post-1700","page","type-page","status-publish","hentry"],"jetpack_sharing_enabled":true,"_links":{"self":[{"href":"https:\/\/falkonet.ee\/fi\/wp-json\/wp\/v2\/pages\/1700","targetHints":{"allow":["GET"]}}],"collection":[{"href":"https:\/\/falkonet.ee\/fi\/wp-json\/wp\/v2\/pages"}],"about":[{"href":"https:\/\/falkonet.ee\/fi\/wp-json\/wp\/v2\/types\/page"}],"author":[{"embeddable":true,"href":"https:\/\/falkonet.ee\/fi\/wp-json\/wp\/v2\/users\/2"}],"replies":[{"embeddable":true,"href":"https:\/\/falkonet.ee\/fi\/wp-json\/wp\/v2\/comments?post=1700"}],"version-history":[{"count":1,"href":"https:\/\/falkonet.ee\/fi\/wp-json\/wp\/v2\/pages\/1700\/revisions"}],"predecessor-version":[{"id":1701,"href":"https:\/\/falkonet.ee\/fi\/wp-json\/wp\/v2\/pages\/1700\/revisions\/1701"}],"wp:attachment":[{"href":"https:\/\/falkonet.ee\/fi\/wp-json\/wp\/v2\/media?parent=1700"}],"curies":[{"name":"wp","href":"https:\/\/api.w.org\/{rel}","templated":true}]}}