{"id":1702,"date":"2023-03-25T16:32:09","date_gmt":"2023-03-25T13:32:09","guid":{"rendered":"https:\/\/falkonet.ee\/?page_id=1702"},"modified":"2023-03-25T16:32:12","modified_gmt":"2023-03-25T13:32:12","slug":"kayttoohje","status":"publish","type":"page","link":"https:\/\/falkonet.ee\/fi\/ohjeet\/kayttoohje\/","title":{"rendered":"K\u00e4ytt\u00f6ohje"},"content":{"rendered":"\n<h1 class=\"wp-block-heading\">Vaatekaappien k\u00e4ytt\u00f6- ja hoito-ohje<\/h1>\n\n\n\n<p>Olet hankkinut turvalliset ja laadukkaat Falkonet Metall kaapit.<br><br>Tutustu huolellisesti n\u00e4ihin ohjeisiin ennen kaappien k\u00e4ytt\u00f6\u00f6nottoa ja noudata aina huolellisesti kaikkia ohjeita.<br>Ohjeiden mukaisesti k\u00e4ytett\u00e4v\u00e4t ja hoidettavat kaapit kest\u00e4v\u00e4t pukuhuoneessa useiden vuosien ajan.<br><br><strong>1. Kaappien k\u00e4ytt\u00f6\u00f6notto:\u00a0<br><\/strong><br>Kaappi tulee s\u00e4ilytt\u00e4\u00e4 ja asentaa vain kuivaan sis\u00e4tilaan.<br>Kaappien paikalleen asennuksen ja s\u00e4\u00e4d\u00f6n j\u00e4lkeen kaikki vaatekaapit ovat k\u00e4ytt\u00f6valmiita.<br>Huolehdi avainten turvallisesta luovuttamisesta k\u00e4ytt\u00e4jille ja s\u00e4ilyt\u00e4 yleisavainta aina huolellisesti.<br><br>Mik\u00e4li asennat kaapit itse, noudata alla olevia ohjeita:<br>&#8211; Toimita kaapit huolellisesti asennuspaikalle.<br>&#8211; Poista pakkaukset ja tarkasta mahdolliset kaappien kuljetuksen aikana syntyneet viat.\u00a0<br>&#8211; Mik\u00e4li ilmenee, ett\u00e4 kaapit ovat vaurioituneet kuljetuksen aikana, tee siit\u00e4 merkint\u00e4 CMR rahtikirjan ja ota viipym\u00e4tt\u00e4 yhteytt\u00e4 meihin. Sen j\u00e4lkeen voimme sopia jatkotoimista. Toimita kaapit huolellisesti asennuspaikalle.<br>&#8211; Nosta\/siirr\u00e4 kaappi pakkauksen poistamisen j\u00e4lkeen oikeaan paikkaan.<br>&#8211; S\u00e4\u00e4d\u00e4 kaapinjalat siten, ett\u00e4 kaappi on suorassa.<br>&#8211; Kaappien avaimet l\u00f6ytyv\u00e4t ensimm\u00e4isest\u00e4 lokerosta (hattuhyllylt\u00e4), jonka voit avata kattoon teipatulla avaimella.<br>&#8211; Mik\u00e4li kaapit liitet\u00e4\u00e4n koneelliseen ilmanvaihtoon, asenna kaappien katolle ilmanvaihtokanavat, liit\u00e4 ne jatkokappaleilla ja asenna kaappirivien p\u00e4ihin ilmastointikanavien korkit.<br>&#8211; Sis\u00e4\u00e4n- ja ulosvientien liit\u00e4nn\u00e4t tulee teett\u00e4\u00e4 ilmastointialan yrityksell\u00e4.<br>&#8211; Viistokattoisiin kaappeihin asennetaan ilmanvaihtokanavat kaappien sis\u00e4\u00e4n. Ensin tulee irrottaa kaappien sivuilla n\u00e4kyv\u00e4t ilmanvaihtoaukkojen kansilevyt. Yhtist\u00e4 kaappi &#8211; riviss\u00e4 kaapit ruuveilla yhteen.<br>&#8211; Aseta penkit kaappien eteen (mik\u00e4li tilaus sis\u00e4lt\u00e4\u00e4 my\u00f6s penkit).<br><br><strong>2. Kaappien k\u00e4ytt\u00f6 ja huolto:<\/strong><br><br>Selvit\u00e4 kaappien k\u00e4ytt\u00e4jille muutamat helpot s\u00e4\u00e4nn\u00f6t, jotka auttavat pident\u00e4m\u00e4\u00e4n vaatekaappien k\u00e4ytt\u00f6ik\u00e4\u00e4 huomattavasti.<br><br>1. Kaappien tulee olla aina puhtaita sis\u00e4puolelta.<br>2. Tarpeettomien esineiden s\u00e4ilytt\u00e4minen ja ker\u00e4\u00e4minen kaappeihin ei ole suositeltavaa.<br>3. Kaapin avainta tulee s\u00e4ilytt\u00e4\u00e4 huolellisesti.<br>4. Arvoesineiden s\u00e4ilytt\u00e4minen vaatekaapissa ei ole suositeltavaa, sill\u00e4 kyseess\u00e4 ei ole turvakaappi.<br>5. Kaappien katolle ei saa ker\u00e4t\u00e4 tarpeettomia esineit\u00e4, sill\u00e4 ne sulkevat kaapin ilmanvaihtoaukot ja kaappi alkaa haista sis\u00e4puolelta ep\u00e4miellytt\u00e4v\u00e4lt\u00e4.<br>6. Kaappien pohjalle ei saa ker\u00e4t\u00e4 tarpeettomia esineit\u00e4, sill\u00e4 ne sulkevat kaapin ilmanvaihtoaukot ja kaappi alkaa haista sis\u00e4puolelta ep\u00e4miellytt\u00e4v\u00e4lt\u00e4.<br>7. Kaappeja voidaan puhdistaa kostealla liinalla tai siihen tarkoitetulla puhdistusaineella, joka ei sis\u00e4ll\u00e4 happoja.<br>8. Kaappien pinnoitteena on kest\u00e4v\u00e4 jauhemaalaus.<br>9. Puisten penkkien p\u00e4\u00e4llispinnan voi puhdistaa kostealla liinalla.<br>10. Kaapit ja penkit tulisi puhdistaa v\u00e4hint\u00e4\u00e4n kerran kuukaudessa.\u00a0<br>11. Kahteen vuoteen v\u00e4lein tarkista onko ovien sarana ruuvit kovasti kiinni, tarvittaessa kirist\u00e4 niit\u00e4.<br><br><strong>3. Takuuaikana ilmenev\u00e4t viat<\/strong><br><br>Mik\u00e4li kaapeissa ilmenee takuuaikana valmistajan tekemi\u00e4 valmistusvirheit\u00e4, ota v\u00e4litt\u00f6m\u00e4sti yhteytt\u00e4 meihin. Huoltohenkil\u00f6kuntamme ratkaisee ongelman niin pian kuin mahdollista. Kaikki takuuaikana ilmenev\u00e4t valmistajan aiheuttamat valmistusvirheet korjataan veloituksetta. Kaikki viat, jotka ilmenev\u00e4t takuuajan p\u00e4\u00e4tytty\u00e4, korjataan voimassa olevan huoltoty\u00f6hinnaston mukaisesti.<br>Vaatekaappien takuuaika on kaksi vuotta.<br><br><br>Miellytt\u00e4v\u00e4\u00e4 k\u00e4ytt\u00f6\u00e4!<br><br>Falkonet Metall O\u00dc<br>J\u00e4rsi tee 1, 75201 Aruk\u00fcla<br>Harjumaa<br><br>Puh.: +372 605 4061<\/p>\n","protected":false},"excerpt":{"rendered":"<p>Vaatekaappien k\u00e4ytt\u00f6- ja hoito-ohje Olet hankkinut turvalliset ja laadukkaat Falkonet Metall kaapit. Tutustu huolellisesti n\u00e4ihin ohjeisiin ennen kaappien k\u00e4ytt\u00f6\u00f6nottoa ja noudata aina huolellisesti kaikkia ohjeita.Ohjeiden&hellip;<\/p>\n","protected":false},"author":2,"featured_media":0,"parent":1700,"menu_order":0,"comment_status":"closed","ping_status":"closed","template":"","meta":{"footnotes":""},"class_list":["post-1702","page","type-page","status-publish","hentry"],"jetpack_sharing_enabled":true,"_links":{"self":[{"href":"https:\/\/falkonet.ee\/fi\/wp-json\/wp\/v2\/pages\/1702","targetHints":{"allow":["GET"]}}],"collection":[{"href":"https:\/\/falkonet.ee\/fi\/wp-json\/wp\/v2\/pages"}],"about":[{"href":"https:\/\/falkonet.ee\/fi\/wp-json\/wp\/v2\/types\/page"}],"author":[{"embeddable":true,"href":"https:\/\/falkonet.ee\/fi\/wp-json\/wp\/v2\/users\/2"}],"replies":[{"embeddable":true,"href":"https:\/\/falkonet.ee\/fi\/wp-json\/wp\/v2\/comments?post=1702"}],"version-history":[{"count":1,"href":"https:\/\/falkonet.ee\/fi\/wp-json\/wp\/v2\/pages\/1702\/revisions"}],"predecessor-version":[{"id":1703,"href":"https:\/\/falkonet.ee\/fi\/wp-json\/wp\/v2\/pages\/1702\/revisions\/1703"}],"up":[{"embeddable":true,"href":"https:\/\/falkonet.ee\/fi\/wp-json\/wp\/v2\/pages\/1700"}],"wp:attachment":[{"href":"https:\/\/falkonet.ee\/fi\/wp-json\/wp\/v2\/media?parent=1702"}],"curies":[{"name":"wp","href":"https:\/\/api.w.org\/{rel}","templated":true}]}}