{"id":1709,"date":"2023-03-23T22:25:59","date_gmt":"2023-03-23T19:25:59","guid":{"rendered":"https:\/\/falkonet.ee\/yhteystiedot\/"},"modified":"2023-04-03T15:02:42","modified_gmt":"2023-04-03T12:02:42","slug":"yhteystiedot","status":"publish","type":"page","link":"https:\/\/falkonet.ee\/fi\/yhteystiedot\/","title":{"rendered":"Yhteystiedot"},"content":{"rendered":"\n<div class=\"wp-block-media-text alignwide is-stacked-on-mobile\" style=\"grid-template-columns:39% auto\"><figure class=\"wp-block-media-text__media\"><img loading=\"lazy\" decoding=\"async\" width=\"295\" height=\"148\" src=\"https:\/\/falkonet.ee\/wp-content\/uploads\/2023\/03\/dscn0105.jpg\" alt=\"\" class=\"wp-image-1572 size-full\"\/><\/figure><div class=\"wp-block-media-text__content\">\n<p>Falkonet Metall O\u00dc<br>J\u00e4rsi tee 1, Aruk\u00fcla<br>75201 Harjumaa<br>Tel: +372 6 054 060<br>E-post: <a href=\"mailto:info@falkonet.ee\">info@falkonet.ee <\/a> <\/p>\n<\/div><\/div>\n","protected":false},"excerpt":{"rendered":"<p>Falkonet Metall O\u00dcJ\u00e4rsi tee 1, Aruk\u00fcla75201 HarjumaaTel: +372 6 054 060E-post: info@falkonet.ee<\/p>\n","protected":false},"author":2,"featured_media":0,"parent":0,"menu_order":0,"comment_status":"closed","ping_status":"closed","template":"","meta":{"footnotes":""},"class_list":["post-1709","page","type-page","status-publish","hentry"],"jetpack_sharing_enabled":true,"_links":{"self":[{"href":"https:\/\/falkonet.ee\/fi\/wp-json\/wp\/v2\/pages\/1709","targetHints":{"allow":["GET"]}}],"collection":[{"href":"https:\/\/falkonet.ee\/fi\/wp-json\/wp\/v2\/pages"}],"about":[{"href":"https:\/\/falkonet.ee\/fi\/wp-json\/wp\/v2\/types\/page"}],"author":[{"embeddable":true,"href":"https:\/\/falkonet.ee\/fi\/wp-json\/wp\/v2\/users\/2"}],"replies":[{"embeddable":true,"href":"https:\/\/falkonet.ee\/fi\/wp-json\/wp\/v2\/comments?post=1709"}],"version-history":[{"count":2,"href":"https:\/\/falkonet.ee\/fi\/wp-json\/wp\/v2\/pages\/1709\/revisions"}],"predecessor-version":[{"id":1953,"href":"https:\/\/falkonet.ee\/fi\/wp-json\/wp\/v2\/pages\/1709\/revisions\/1953"}],"wp:attachment":[{"href":"https:\/\/falkonet.ee\/fi\/wp-json\/wp\/v2\/media?parent=1709"}],"curies":[{"name":"wp","href":"https:\/\/api.w.org\/{rel}","templated":true}]}}