{"id":1618,"date":"2023-03-18T15:17:19","date_gmt":"2023-03-18T12:17:19","guid":{"rendered":"https:\/\/falkonet.ee\/toode\/sk\/"},"modified":"2023-11-02T16:51:57","modified_gmt":"2023-11-02T13:51:57","slug":"sk","status":"publish","type":"product","link":"https:\/\/falkonet.ee\/fi\/toode\/sk\/","title":{"rendered":"SK"},"content":{"rendered":"<p align=\"justify\"><span class=\"textYLD\">Falkonet Metall O\u00dc:n <span style=\"color: #ff0000;\">lokerokaapit<\/span> on valmistettu laadukkaasta kylm\u00e4valssatusta ter\u00e4slevyst\u00e4. Vakiokaappien rungot ja ovet on valmistettu 0,7 mm:n ter\u00e4slevyst\u00e4. Valmistamme kaapinovia erikoistilauksesta my\u00f6s 1,0 mm:n ter\u00e4slevyst\u00e4. Kaappien osat on liitetty toisiinsa pistehitsauksella, mik\u00e4 takaa vaatekaappien vahvan rakenteen ja pitk\u00e4n k\u00e4ytt\u00f6i\u00e4n.<br \/>\nLokerokaappien tyypillisimpi\u00e4 k\u00e4ytt\u00f6paikkoja ovat koulut, sairaalat, urheilutalot ja useat muut paikat, joissa tarvitaan turvallista s\u00e4ilytyslokeroa henkil\u00f6kohtaisten tavaroiden s\u00e4ilytt\u00e4miseen.<\/span><\/p>\n<p><span class=\"pealkiriYLD\">SK-300 sarjan mitat.<\/span><\/p>\n<table style=\"border: 0px;\" border=\"1\" width=\"100%\" cellspacing=\"1\" cellpadding=\"1\">\n<tbody>\n<tr style=\"font-size: 12px;\">\n<td style=\"text-align: center;\"><strong>RAL7035 Rungon vakiov\u00e4ri<\/strong><\/td>\n<td style=\"text-align: center;\"><strong> RAL9016 Traffic White<\/strong><\/td>\n<td style=\"text-align: center;\"><strong> RAL1001 Beige<\/strong><\/td>\n<td style=\"text-align: center;\"><strong> RAL1017 Saffron Yellow<\/strong><\/td>\n<\/tr>\n<tr>\n<td style=\"text-align: center; background-color: #d4d9dc;\"><\/td>\n<td style=\"text-align: center; background-color: #fbffff;\"><\/td>\n<td style=\"text-align: center; background-color: #d8ba8e;\"><\/td>\n<td style=\"text-align: center; background-color: #ffab5a;\"><\/td>\n<\/tr>\n<tr>\n<td style=\"border-left: 0px; border-right: 0px; height: 15px; padding: 0px;\" colspan=\"4\"><\/td>\n<\/tr>\n<tr style=\"font-size: 12px;\">\n<td style=\"text-align: center;\"><b>RAL2001 Red Orange<\/b><\/td>\n<td style=\"text-align: center;\"><b>RAL3000 Flame Red<\/b><\/td>\n<td style=\"text-align: center;\"><b>RAL3014 Antique Pink<\/b><\/td>\n<td style=\"text-align: center;\"><b>RAL4004 Claret Violet<\/b><\/td>\n<\/tr>\n<tr>\n<td style=\"text-align: center; background-color: #b24b1e;\"><\/td>\n<td style=\"text-align: center; background-color: #ab1f1d;\"><\/td>\n<td style=\"text-align: center; background-color: #d86675;\"><\/td>\n<td style=\"text-align: center; background-color: #5c082a;\"><\/td>\n<\/tr>\n<tr>\n<td style=\"border-left: 0px; border-right: 0px; height: 15px; padding: 0px;\" colspan=\"4\"><\/td>\n<\/tr>\n<tr style=\"font-size: 12px;\">\n<td style=\"text-align: center;\"><b>RAL5017 Traffic Blue<\/b><\/td>\n<td valign=\"top\"><span class=\"Lingid2\"><b>RAL5024 Pastel Blue<\/b><\/span><\/td>\n<td valign=\"top\"><span class=\"Lingid2\"><b>RAL6005 Moss Green<\/b><\/span><\/td>\n<td style=\"text-align: center;\"><b>RAL6032 Signal Green<\/b><\/td>\n<\/tr>\n<tr>\n<td style=\"text-align: center; background-color: #003b7f;\"><\/td>\n<td style=\"text-align: center; background-color: #578cb4;\"><\/td>\n<td style=\"text-align: center; background-color: #004735;\"><\/td>\n<td style=\"text-align: center; background-color: #2a8a40;\"><\/td>\n<\/tr>\n<tr>\n<td style=\"border-left: 0px; border-right: 0px; height: 15px; padding: 0px;\" colspan=\"4\"><\/td>\n<\/tr>\n<tr style=\"font-size: 12px;\">\n<td style=\"text-align: center;\"><b>RAL6034 Pale Turquoise<\/b><\/td>\n<td style=\"text-align: center;\"><b>RAL7032 Pebble Grey<\/b><\/td>\n<td style=\"text-align: center;\"><b>RAL7040 Window Grey<\/b><\/td>\n<td style=\"text-align: center;\"><b>RAL8014 Sepia Brown<\/b><\/td>\n<\/tr>\n<tr>\n<td style=\"text-align: center; background-color: #7ebdb5;\"><\/td>\n<td style=\"text-align: center; background-color: #bdbaab;\"><\/td>\n<td style=\"text-align: center; background-color: #9da3af;\"><\/td>\n<td style=\"text-align: center; background-color: #38261c;\"><\/td>\n<\/tr>\n<tr>\n<td style=\"border-left: 0px; border-right: 0px; height: 15px; padding: 0px;\" colspan=\"4\"><\/td>\n<\/tr>\n<tr style=\"font-size: 12px;\">\n<td style=\"text-align: center;\"><b>RAL9005 Jet Black<\/b><\/td>\n<td style=\"text-align: center;\"><\/td>\n<td style=\"text-align: center;\"><\/td>\n<td style=\"text-align: center;\"><\/td>\n<\/tr>\n<tr>\n<td style=\"text-align: center; background-color: #04050a;\"><\/td>\n<td style=\"text-align: center;\"><\/td>\n<td style=\"text-align: center;\"><\/td>\n<td style=\"text-align: center;\"><\/td>\n<\/tr>\n<\/tbody>\n<\/table>\n<p>&nbsp;<\/p>\n<table border=\"1\" width=\"100%\" cellspacing=\"1\" cellpadding=\"1\">\n<tbody>\n<tr>\n<td>Koodi<\/td>\n<td>Ovien m\u00e4\u00e4r\u00e4<br \/>\np\u00e4\u00e4llekk\u00e4in<\/td>\n<td>Ovien m\u00e4\u00e4r\u00e4<br \/>\nriviss\u00e4<\/td>\n<td>Leveys mm<\/td>\n<td>Korkeus mm<\/td>\n<td>Syvyys mm<\/td>\n<\/tr>\n<tr>\n<td>SK 21\/300<\/td>\n<td>2<\/td>\n<td>1<\/td>\n<td>300<\/td>\n<td>1900<\/td>\n<td>545<\/td>\n<\/tr>\n<tr>\n<td>SK 31\/300<\/td>\n<td>3<\/td>\n<td>1<\/td>\n<td>300<\/td>\n<td>1900<\/td>\n<td>545<\/td>\n<\/tr>\n<tr>\n<td>SK 41\/300<\/td>\n<td>4<\/td>\n<td>1<\/td>\n<td>300<\/td>\n<td>1900<\/td>\n<td>545<\/td>\n<\/tr>\n<tr>\n<td>SK 51\/300<\/td>\n<td>5<\/td>\n<td>1<\/td>\n<td>300<\/td>\n<td>1900<\/td>\n<td>545<\/td>\n<\/tr>\n<tr>\n<td>SK 61\/300<\/td>\n<td>6<\/td>\n<td>1<\/td>\n<td>300<\/td>\n<td>1900<\/td>\n<td>545<\/td>\n<\/tr>\n<tr>\n<td><\/td>\n<td><\/td>\n<td><\/td>\n<td><\/td>\n<td><\/td>\n<td><\/td>\n<\/tr>\n<tr>\n<td>SK 81\/300<\/td>\n<td>8<\/td>\n<td>1<\/td>\n<td>300<\/td>\n<td>1900<\/td>\n<td>545<\/td>\n<\/tr>\n<tr>\n<td><\/td>\n<td><\/td>\n<td><\/td>\n<td><\/td>\n<td><\/td>\n<td><\/td>\n<\/tr>\n<tr>\n<td>SK 101\/300<\/td>\n<td>10<\/td>\n<td>1<\/td>\n<td>300<\/td>\n<td>1900<\/td>\n<td>545<\/td>\n<\/tr>\n<tr>\n<td colspan=\"6\"><\/td>\n<\/tr>\n<tr>\n<td>SK 22\/300<\/td>\n<td>2<\/td>\n<td>2<\/td>\n<td>600<\/td>\n<td>1900<\/td>\n<td>545<\/td>\n<\/tr>\n<tr>\n<td>SK 32\/300<\/td>\n<td>3<\/td>\n<td>2<\/td>\n<td>600<\/td>\n<td>1900<\/td>\n<td>545<\/td>\n<\/tr>\n<tr>\n<td>SK 42\/300<\/td>\n<td>4<\/td>\n<td>2<\/td>\n<td>600<\/td>\n<td>1900<\/td>\n<td>545<\/td>\n<\/tr>\n<tr>\n<td>SK 52\/300<\/td>\n<td>5<\/td>\n<td>2<\/td>\n<td>600<\/td>\n<td>1900<\/td>\n<td>545<\/td>\n<\/tr>\n<tr>\n<td>SK 62\/300<\/td>\n<td>6<\/td>\n<td>2<\/td>\n<td>600<\/td>\n<td>1900<\/td>\n<td>545<\/td>\n<\/tr>\n<tr>\n<td><\/td>\n<td><\/td>\n<td><\/td>\n<td><\/td>\n<td><\/td>\n<td><\/td>\n<\/tr>\n<tr>\n<td>SK 82\/300<\/td>\n<td>8<\/td>\n<td>2<\/td>\n<td>600<\/td>\n<td>1900<\/td>\n<td>545<\/td>\n<\/tr>\n<tr>\n<td><\/td>\n<td><\/td>\n<td><\/td>\n<td><\/td>\n<td><\/td>\n<td><\/td>\n<\/tr>\n<tr>\n<td>SK 102\/300<\/td>\n<td>10<\/td>\n<td>2<\/td>\n<td>600<\/td>\n<td>1900<\/td>\n<td>545<\/td>\n<\/tr>\n<tr>\n<td colspan=\"6\"><\/td>\n<\/tr>\n<tr>\n<td>SK 23\/300<\/td>\n<td>2<\/td>\n<td>3<\/td>\n<td>900<\/td>\n<td>1900<\/td>\n<td>545<\/td>\n<\/tr>\n<tr>\n<td>SK 33\/300<\/td>\n<td>3<\/td>\n<td>3<\/td>\n<td>900<\/td>\n<td>1900<\/td>\n<td>545<\/td>\n<\/tr>\n<tr>\n<td>SK 43\/300<\/td>\n<td>4<\/td>\n<td>3<\/td>\n<td>900<\/td>\n<td>1900<\/td>\n<td>545<\/td>\n<\/tr>\n<tr>\n<td>SK 53\/300<\/td>\n<td>5<\/td>\n<td>3<\/td>\n<td>900<\/td>\n<td>1900<\/td>\n<td>545<\/td>\n<\/tr>\n<tr>\n<td>SK 63\/300<\/td>\n<td>6<\/td>\n<td>3<\/td>\n<td>900<\/td>\n<td>1900<\/td>\n<td>545<\/td>\n<\/tr>\n<tr>\n<td><\/td>\n<td><\/td>\n<td><\/td>\n<td><\/td>\n<td><\/td>\n<td><\/td>\n<\/tr>\n<tr>\n<td>SK 83\/300<\/td>\n<td>8<\/td>\n<td>3<\/td>\n<td>900<\/td>\n<td>1900<\/td>\n<td>545<\/td>\n<\/tr>\n<tr>\n<td><\/td>\n<td><\/td>\n<td><\/td>\n<td>900<\/td>\n<td>1900<\/td>\n<td>545<\/td>\n<\/tr>\n<tr>\n<td>SK 103\/300<\/td>\n<td>10<\/td>\n<td>3<\/td>\n<td>900<\/td>\n<td>1900<\/td>\n<td>545<\/td>\n<\/tr>\n<tr>\n<td colspan=\"6\"><\/td>\n<\/tr>\n<tr>\n<td>SK 24\/300<\/td>\n<td>2<\/td>\n<td>4<\/td>\n<td>1200<\/td>\n<td>1900<\/td>\n<td>545<\/td>\n<\/tr>\n<tr>\n<td>SK 34\/300<\/td>\n<td>3<\/td>\n<td>4<\/td>\n<td>1200<\/td>\n<td>1900<\/td>\n<td>545<\/td>\n<\/tr>\n<tr>\n<td>SK 44\/300<\/td>\n<td>4<\/td>\n<td>4<\/td>\n<td>1200<\/td>\n<td>1900<\/td>\n<td>545<\/td>\n<\/tr>\n<tr>\n<td>SK 54\/300<\/td>\n<td>5<\/td>\n<td>4<\/td>\n<td>1200<\/td>\n<td>1900<\/td>\n<td>545<\/td>\n<\/tr>\n<tr>\n<td>SK 64\/300<\/td>\n<td>6<\/td>\n<td>4<\/td>\n<td>1200<\/td>\n<td>1900<\/td>\n<td>545<\/td>\n<\/tr>\n<tr>\n<td><\/td>\n<td><\/td>\n<td>4<\/td>\n<td>1200<\/td>\n<td>1900<\/td>\n<td>545<\/td>\n<\/tr>\n<tr>\n<td>SK 84\/300<\/td>\n<td>8<\/td>\n<td>4<\/td>\n<td>1200<\/td>\n<td>1900<\/td>\n<td>545<\/td>\n<\/tr>\n<tr>\n<td>SK 104\/300<\/td>\n<td>10<\/td>\n<td>4<\/td>\n<td>1200<\/td>\n<td>1900<\/td>\n<td>545<\/td>\n<\/tr>\n<\/tbody>\n<\/table>\n<p><span class=\"pealkiriYLD\"><br \/>\nSK-400 seeria m\u00f5\u00f5dud.<\/span><\/p>\n<table border=\"1\" width=\"100%\" cellspacing=\"1\" cellpadding=\"1\">\n<tbody>\n<tr>\n<td>Koodi<\/td>\n<td>Ovien m\u00e4\u00e4r\u00e4<br \/>\np\u00e4\u00e4llekk\u00e4in<\/td>\n<td>Ovien m\u00e4\u00e4r\u00e4<br \/>\nriviss\u00e4<\/td>\n<td>Leveys mm<\/td>\n<td>Korkeus mm<\/td>\n<td>Syvyys mm<\/td>\n<\/tr>\n<tr>\n<td>SK 21\/400<\/td>\n<td>2<\/td>\n<td>1<\/td>\n<td>400<\/td>\n<td>1900<\/td>\n<td>545<\/td>\n<\/tr>\n<tr>\n<td>SK 31\/400<\/td>\n<td>3<\/td>\n<td>1<\/td>\n<td>400<\/td>\n<td>1900<\/td>\n<td>545<\/td>\n<\/tr>\n<tr>\n<td>SK 41\/400<\/td>\n<td>4<\/td>\n<td>1<\/td>\n<td>400<\/td>\n<td>1900<\/td>\n<td>545<\/td>\n<\/tr>\n<tr>\n<td>SK 51\/400<\/td>\n<td>5<\/td>\n<td>1<\/td>\n<td>400<\/td>\n<td>1900<\/td>\n<td>545<\/td>\n<\/tr>\n<tr>\n<td>SK 61\/400<\/td>\n<td>6<\/td>\n<td>1<\/td>\n<td>400<\/td>\n<td>1900<\/td>\n<td>545<\/td>\n<\/tr>\n<tr>\n<td><\/td>\n<td><\/td>\n<td><\/td>\n<td><\/td>\n<td><\/td>\n<td><\/td>\n<\/tr>\n<tr>\n<td>SK 81\/400<\/td>\n<td>8<\/td>\n<td>1<\/td>\n<td>400<\/td>\n<td>1900<\/td>\n<td>545<\/td>\n<\/tr>\n<tr>\n<td><\/td>\n<td><\/td>\n<td><\/td>\n<td><\/td>\n<td><\/td>\n<td><\/td>\n<\/tr>\n<tr>\n<td>SK 101\/400<\/td>\n<td>10<\/td>\n<td>1<\/td>\n<td>400<\/td>\n<td>1900<\/td>\n<td>545<\/td>\n<\/tr>\n<tr>\n<td colspan=\"6\"><\/td>\n<\/tr>\n<tr>\n<td>SK 22\/400<\/td>\n<td>2<\/td>\n<td>2<\/td>\n<td>800<\/td>\n<td>1900<\/td>\n<td>545<\/td>\n<\/tr>\n<tr>\n<td>SK 32\/400<\/td>\n<td>3<\/td>\n<td>2<\/td>\n<td>800<\/td>\n<td>1900<\/td>\n<td>545<\/td>\n<\/tr>\n<tr>\n<td>SK 42\/400<\/td>\n<td>4<\/td>\n<td>2<\/td>\n<td>800<\/td>\n<td>1900<\/td>\n<td>545<\/td>\n<\/tr>\n<tr>\n<td>SK 52\/400<\/td>\n<td>5<\/td>\n<td>2<\/td>\n<td>800<\/td>\n<td>1900<\/td>\n<td>545<\/td>\n<\/tr>\n<tr>\n<td>SK 62\/400<\/td>\n<td>6<\/td>\n<td>2<\/td>\n<td>800<\/td>\n<td>1900<\/td>\n<td>545<\/td>\n<\/tr>\n<tr>\n<td><\/td>\n<td><\/td>\n<td>2<\/td>\n<td>800<\/td>\n<td>1900<\/td>\n<td>545<\/td>\n<\/tr>\n<tr>\n<td>SK 82\/400<\/td>\n<td>8<\/td>\n<td>2<\/td>\n<td>800<\/td>\n<td>1900<\/td>\n<td>545<\/td>\n<\/tr>\n<tr>\n<td><\/td>\n<td><\/td>\n<td>2<\/td>\n<td>800<\/td>\n<td>1900<\/td>\n<td>545<\/td>\n<\/tr>\n<tr>\n<td>SK 102\/400<\/td>\n<td>10<\/td>\n<td>2<\/td>\n<td>800<\/td>\n<td>1900<\/td>\n<td>545<\/td>\n<\/tr>\n<tr>\n<td colspan=\"6\"><\/td>\n<\/tr>\n<tr>\n<td>SK 23\/400<\/td>\n<td>2<\/td>\n<td>3<\/td>\n<td>1200<\/td>\n<td>1900<\/td>\n<td>545<\/td>\n<\/tr>\n<tr>\n<td>SK 33\/400<\/td>\n<td>3<\/td>\n<td>3<\/td>\n<td>1200<\/td>\n<td>1900<\/td>\n<td>545<\/td>\n<\/tr>\n<tr>\n<td>SK 43\/400<\/td>\n<td>4<\/td>\n<td>3<\/td>\n<td>1200<\/td>\n<td>1900<\/td>\n<td>545<\/td>\n<\/tr>\n<tr>\n<td>SK 53\/400<\/td>\n<td>5<\/td>\n<td>3<\/td>\n<td>1200<\/td>\n<td>1900<\/td>\n<td>545<\/td>\n<\/tr>\n<tr>\n<td>SK 63\/400<\/td>\n<td>6<\/td>\n<td>3<\/td>\n<td>1200<\/td>\n<td>1900<\/td>\n<td>545<\/td>\n<\/tr>\n<tr>\n<td><\/td>\n<td><\/td>\n<td>3<\/td>\n<td>1200<\/td>\n<td>1900<\/td>\n<td>545<\/td>\n<\/tr>\n<tr>\n<td>SK 83\/400<\/td>\n<td>8<\/td>\n<td>3<\/td>\n<td>1200<\/td>\n<td>1900<\/td>\n<td>545<\/td>\n<\/tr>\n<tr>\n<td><\/td>\n<td><\/td>\n<td>3<\/td>\n<td>1200<\/td>\n<td>1900<\/td>\n<td>545<\/td>\n<\/tr>\n<tr>\n<td>SK 103\/400<\/td>\n<td>10<\/td>\n<td>3<\/td>\n<td>1200<\/td>\n<td>1900<\/td>\n<td>545<\/td>\n<\/tr>\n<\/tbody>\n<\/table>\n","protected":false},"excerpt":{"rendered":"<p><a href=\"\/fi\/tootekategooria\/lisavarusteet\/ovivalikoima\/\">Ovivalikoima<\/a><br \/>\n<a href=\"\/fi\/tootekategooria\/lisavarusteet\/lukitus\/\">Lukitus<\/a><br \/>\n<a href=\"\/fi\/tootekategooria\/lisavarusteet\/lisavarusteet-fi\/\">Lis\u00e4varusteet<\/a><br \/>\n<a href=\"\/fi\/tootekategooria\/lisavarusteet\/ilmanvaihto\/\">Ilmanvaihto<\/a><br \/>\n<a href=\"https:\/\/falkonet.ee\/wp-content\/uploads\/2023\/10\/SK2.pdf\">Kuvat &#8211; SK2<\/a><br \/>\n<a href=\"https:\/\/falkonet.ee\/wp-content\/uploads\/2023\/10\/SK3.pdf\">Kuvat &#8211; SK3<\/a><br \/>\n<a href=\"https:\/\/falkonet.ee\/wp-content\/uploads\/2023\/10\/SK4.pdf\">Kuvat &#8211; SK4<\/a><br \/>\n<a href=\"https:\/\/falkonet.ee\/wp-content\/uploads\/2023\/10\/SK5.pdf\">Kuvat &#8211; SK5<\/a><br \/>\n<a href=\"https:\/\/falkonet.ee\/wp-content\/uploads\/2023\/10\/SK6.pdf\">Kuvat &#8211; SK6<\/a><br \/>\n<a href=\"https:\/\/falkonet.ee\/wp-content\/uploads\/2023\/10\/SK7.pdf\">Kuvat &#8211; SK7<\/a><br \/>\n<a href=\"https:\/\/falkonet.ee\/wp-content\/uploads\/2023\/10\/SK8.pdf\">Kuvat &#8211; SK8<\/a><br \/>\n<a href=\"https:\/\/falkonet.ee\/wp-content\/uploads\/2023\/10\/SK9.pdf\">Kuvat &#8211; SK9<\/a><br \/>\n<a href=\"https:\/\/falkonet.ee\/wp-content\/uploads\/2023\/10\/SK10.pdf\">Kuvat &#8211; SK10<\/a><br \/>\n<a href=\"https:\/\/falkonet.ee\/wp-content\/uploads\/2023\/10\/SK12.pdf\">Kuvat &#8211; SK12<\/a><\/p>\n","protected":false},"featured_media":540,"template":"","meta":[],"product_brand":[],"product_cat":[107],"product_tag":[],"class_list":{"0":"post-1618","1":"product","2":"type-product","3":"status-publish","4":"has-post-thumbnail","6":"product_cat-lokerokaapit","8":"first","9":"instock","10":"shipping-taxable","11":"purchasable","12":"product-type-simple","13":"customify-col"},"jetpack_sharing_enabled":true,"_links":{"self":[{"href":"https:\/\/falkonet.ee\/fi\/wp-json\/wp\/v2\/product\/1618","targetHints":{"allow":["GET"]}}],"collection":[{"href":"https:\/\/falkonet.ee\/fi\/wp-json\/wp\/v2\/product"}],"about":[{"href":"https:\/\/falkonet.ee\/fi\/wp-json\/wp\/v2\/types\/product"}],"wp:featuredmedia":[{"embeddable":true,"href":"https:\/\/falkonet.ee\/fi\/wp-json\/wp\/v2\/media\/540"}],"wp:attachment":[{"href":"https:\/\/falkonet.ee\/fi\/wp-json\/wp\/v2\/media?parent=1618"}],"wp:term":[{"taxonomy":"product_brand","embeddable":true,"href":"https:\/\/falkonet.ee\/fi\/wp-json\/wp\/v2\/product_brand?post=1618"},{"taxonomy":"product_cat","embeddable":true,"href":"https:\/\/falkonet.ee\/fi\/wp-json\/wp\/v2\/product_cat?post=1618"},{"taxonomy":"product_tag","embeddable":true,"href":"https:\/\/falkonet.ee\/fi\/wp-json\/wp\/v2\/product_tag?post=1618"}],"curies":[{"name":"wp","href":"https:\/\/api.w.org\/{rel}","templated":true}]}}