{"id":1633,"date":"2023-03-18T14:44:30","date_gmt":"2023-03-18T11:44:30","guid":{"rendered":"https:\/\/falkonet.ee\/toode\/1zgk\/"},"modified":"2023-11-02T14:55:11","modified_gmt":"2023-11-02T11:55:11","slug":"1zgk","status":"publish","type":"product","link":"https:\/\/falkonet.ee\/fi\/toode\/1zgk\/","title":{"rendered":"1ZGK"},"content":{"rendered":"<p align=\"justify\"><span class=\"textYLD\">Falkonet Metall O\u00dc:n <span style=\"color: #ff0000;\">Z-kaapit<\/span> on valmistettu laadukkaasta kylm\u00e4valssatusta ter\u00e4slevyst\u00e4. Vakiokaappien rungot ja ovet on valmistettu 0,7 mm:n ter\u00e4slevyst\u00e4. Kaikki kaapinovet on vahvistettu kotelorakenteella. Valmistamme kaapinovia erikoistilauksesta my\u00f6s 1,0 mm:n ter\u00e4slevyst\u00e4. Kaappien osat on liitetty toisiinsa pistehitsauksella, mik\u00e4 takaa vaatekaappien vahvan rakenteen ja pitk\u00e4n k\u00e4ytt\u00f6i\u00e4n.<br \/>\nZ-kaappi on paras tilaa s\u00e4\u00e4st\u00e4v\u00e4 kaappiratkaisu tiloissa, joissa ei ole mahdollista k\u00e4ytt\u00e4\u00e4 vakiokokoisia vaatekaappeja. Erityisen oviratkaisun ansiosta yhden kaapin paikkaa voi k\u00e4ytt\u00e4\u00e4 kaksi k\u00e4ytt\u00e4j\u00e4\u00e4.<br \/>\nKaikissa Z-kaapeissa on vakiovarusteena sylinteri- tai riippulukko, ylemm\u00e4ss\u00e4 kaapissa hattuhylly, vaatepuun kannatin ja kaksi ripustuskoukkua sek\u00e4 ilmanvaihtoaukot kaapin katossa, pohjassa ja v\u00e4lisein\u00e4ss\u00e4.<\/span><\/p>\n<p><span class=\"pealkiriYLD\">1ZGK sarjan mitat.<\/span><\/p>\n<table style=\"border: 0px;\" border=\"1\" width=\"100%\" cellspacing=\"1\" cellpadding=\"1\">\n<tbody>\n<tr style=\"font-size: 12px;\">\n<td style=\"text-align: center;\"><strong>RAL7035 Rungon vakiov\u00e4ri<\/strong><\/td>\n<td style=\"text-align: center;\"><strong> RAL9016 Traffic White<\/strong><\/td>\n<td style=\"text-align: center;\"><strong> RAL1001 Beige<\/strong><\/td>\n<td style=\"text-align: center;\"><strong> RAL1017 Saffron Yellow<\/strong><\/td>\n<\/tr>\n<tr>\n<td style=\"text-align: center; background-color: #d4d9dc;\"><\/td>\n<td style=\"text-align: center; background-color: #fbffff;\"><\/td>\n<td style=\"text-align: center; background-color: #d8ba8e;\"><\/td>\n<td style=\"text-align: center; background-color: #ffab5a;\"><\/td>\n<\/tr>\n<tr>\n<td style=\"border-left: 0px; border-right: 0px; height: 15px; padding: 0px;\" colspan=\"4\"><\/td>\n<\/tr>\n<tr style=\"font-size: 12px;\">\n<td style=\"text-align: center;\"><b>RAL2001 Red Orange<\/b><\/td>\n<td style=\"text-align: center;\"><b>RAL3000 Flame Red<\/b><\/td>\n<td style=\"text-align: center;\"><b>RAL3014 Antique Pink<\/b><\/td>\n<td style=\"text-align: center;\"><b>RAL4004 Claret Violet<\/b><\/td>\n<\/tr>\n<tr>\n<td style=\"text-align: center; background-color: #b24b1e;\"><\/td>\n<td style=\"text-align: center; background-color: #ab1f1d;\"><\/td>\n<td style=\"text-align: center; background-color: #d86675;\"><\/td>\n<td style=\"text-align: center; background-color: #5c082a;\"><\/td>\n<\/tr>\n<tr>\n<td style=\"border-left: 0px; border-right: 0px; height: 15px; padding: 0px;\" colspan=\"4\"><\/td>\n<\/tr>\n<tr style=\"font-size: 12px;\">\n<td style=\"text-align: center;\"><b>RAL5017 Traffic Blue<\/b><\/td>\n<td valign=\"top\"><span class=\"Lingid2\"><b>RAL5024 Pastel Blue<\/b><\/span><\/td>\n<td valign=\"top\"><span class=\"Lingid2\"><b>RAL6005 Moss Green<\/b><\/span><\/td>\n<td style=\"text-align: center;\"><b>RAL6032 Signal Green<\/b><\/td>\n<\/tr>\n<tr>\n<td style=\"text-align: center; background-color: #003b7f;\"><\/td>\n<td style=\"text-align: center; background-color: #578cb4;\"><\/td>\n<td style=\"text-align: center; background-color: #004735;\"><\/td>\n<td style=\"text-align: center; background-color: #2a8a40;\"><\/td>\n<\/tr>\n<tr>\n<td style=\"border-left: 0px; border-right: 0px; height: 15px; padding: 0px;\" colspan=\"4\"><\/td>\n<\/tr>\n<tr style=\"font-size: 12px;\">\n<td style=\"text-align: center;\"><b>RAL6034 Pale Turquoise<\/b><\/td>\n<td style=\"text-align: center;\"><b>RAL7032 Pebble Grey<\/b><\/td>\n<td style=\"text-align: center;\"><b>RAL7040 Window Grey<\/b><\/td>\n<td style=\"text-align: center;\"><b>RAL8014 Sepia Brown<\/b><\/td>\n<\/tr>\n<tr>\n<td style=\"text-align: center; background-color: #7ebdb5;\"><\/td>\n<td style=\"text-align: center; background-color: #bdbaab;\"><\/td>\n<td style=\"text-align: center; background-color: #9da3af;\"><\/td>\n<td style=\"text-align: center; background-color: #38261c;\"><\/td>\n<\/tr>\n<tr>\n<td style=\"border-left: 0px; border-right: 0px; height: 15px; padding: 0px;\" colspan=\"4\"><\/td>\n<\/tr>\n<tr style=\"font-size: 12px;\">\n<td style=\"text-align: center;\"><b>RAL9005 Jet Black<\/b><\/td>\n<td style=\"text-align: center;\"><\/td>\n<td style=\"text-align: center;\"><\/td>\n<td style=\"text-align: center;\"><\/td>\n<\/tr>\n<tr>\n<td style=\"text-align: center; background-color: #04050a;\"><\/td>\n<td style=\"text-align: center;\"><\/td>\n<td style=\"text-align: center;\"><\/td>\n<td style=\"text-align: center;\"><\/td>\n<\/tr>\n<\/tbody>\n<\/table>\n<p>&nbsp;<\/p>\n<table border=\"1\" width=\"100%\" cellspacing=\"1\" cellpadding=\"1\">\n<tbody>\n<tr>\n<td>Koodi<\/td>\n<td>Leveys mm<\/td>\n<td>Korkeus mm<\/td>\n<td>Syvyys mm<\/td>\n<\/tr>\n<tr>\n<td>1ZGK1\/300<\/td>\n<td>300<\/td>\n<td>1900<\/td>\n<td>545<\/td>\n<\/tr>\n<tr>\n<td>1ZGK2\/300<\/td>\n<td>600<\/td>\n<td>1900<\/td>\n<td>545<\/td>\n<\/tr>\n<tr>\n<td>1ZGK3\/300<\/td>\n<td>900<\/td>\n<td>1900<\/td>\n<td>545<\/td>\n<\/tr>\n<tr>\n<td>1ZGK4\/300<\/td>\n<td>1200<\/td>\n<td>1900<\/td>\n<td>545<\/td>\n<\/tr>\n<tr>\n<td>1ZGK1\/400<\/td>\n<td>400<\/td>\n<td>1900<\/td>\n<td>545<\/td>\n<\/tr>\n<tr>\n<td>1ZGK2\/400<\/td>\n<td>800<\/td>\n<td>1900<\/td>\n<td>545<\/td>\n<\/tr>\n<tr>\n<td>1ZGK3\/400<\/td>\n<td>1200<\/td>\n<td>1900<\/td>\n<td>545<\/td>\n<\/tr>\n<\/tbody>\n<\/table>\n","protected":false},"excerpt":{"rendered":"<p><a href=\"\/fi\/tootekategooria\/lisavarusteet\/vakiovarusteet\/\" rel=\"noopener\">Vakiovarusteet<\/a><br \/>\n<a href=\"\/fi\/tootekategooria\/lisavarusteet\/ovivalikoima\/\">Ovivalikoima<\/a><br \/>\n<a href=\"\/fi\/tootekategooria\/lisavarusteet\/lukitus\/\">Lukitus<\/a><br \/>\n<a href=\"\/fi\/tootekategooria\/lisavarusteet\/lisavarusteet-fi\/\">Lis\u00e4varusteet<\/a><br \/>\n<a href=\"\/fi\/tootekategooria\/lisavarusteet\/ilmanvaihto\/\">Ilmanvaihto<\/a><br \/>\n<a href=\"https:\/\/falkonet.ee\/wp-content\/uploads\/2023\/11\/1ZGK.pdf\">Kuvat<\/a><\/p>\n","protected":false},"featured_media":502,"template":"","meta":[],"product_brand":[],"product_cat":[106],"product_tag":[],"class_list":{"0":"post-1633","1":"product","2":"type-product","3":"status-publish","4":"has-post-thumbnail","6":"product_cat-z-kaapit","8":"first","9":"instock","10":"shipping-taxable","11":"purchasable","12":"product-type-simple","13":"customify-col"},"jetpack_sharing_enabled":true,"_links":{"self":[{"href":"https:\/\/falkonet.ee\/fi\/wp-json\/wp\/v2\/product\/1633","targetHints":{"allow":["GET"]}}],"collection":[{"href":"https:\/\/falkonet.ee\/fi\/wp-json\/wp\/v2\/product"}],"about":[{"href":"https:\/\/falkonet.ee\/fi\/wp-json\/wp\/v2\/types\/product"}],"wp:featuredmedia":[{"embeddable":true,"href":"https:\/\/falkonet.ee\/fi\/wp-json\/wp\/v2\/media\/502"}],"wp:attachment":[{"href":"https:\/\/falkonet.ee\/fi\/wp-json\/wp\/v2\/media?parent=1633"}],"wp:term":[{"taxonomy":"product_brand","embeddable":true,"href":"https:\/\/falkonet.ee\/fi\/wp-json\/wp\/v2\/product_brand?post=1633"},{"taxonomy":"product_cat","embeddable":true,"href":"https:\/\/falkonet.ee\/fi\/wp-json\/wp\/v2\/product_cat?post=1633"},{"taxonomy":"product_tag","embeddable":true,"href":"https:\/\/falkonet.ee\/fi\/wp-json\/wp\/v2\/product_tag?post=1633"}],"curies":[{"name":"wp","href":"https:\/\/api.w.org\/{rel}","templated":true}]}}