{"id":1639,"date":"2023-03-18T16:33:30","date_gmt":"2023-03-18T13:33:30","guid":{"rendered":"https:\/\/falkonet.ee\/toode\/hylly\/"},"modified":"2023-03-18T16:33:30","modified_gmt":"2023-03-18T13:33:30","slug":"hylly","status":"publish","type":"product","link":"https:\/\/falkonet.ee\/fi\/toode\/hylly\/","title":{"rendered":"Hylly"},"content":{"rendered":"<p align=\"justify\"><span class=\"textYLD\">Laajan vakio-osien ja lis\u00e4tarvikkeiden valikoiman ansiosta l\u00f6yd\u00e4tte valikoimastamme varmasti juuri teid\u00e4n tiloihinne sopivan <span style=\"color: #ff0000;\">hyllyratkaisun<\/span>. Hyllytasojen korkeutta voidaan s\u00e4\u00e4t\u00e4\u00e4 75mm:n v\u00e4lein. Hyllytason kantokyky riippuu hyllytason mitoista ja on tasaisesti kuormattuna 100\u2013200 kg. Hyllyjen vakiov\u00e4ri on vaaleanharmaa RAL7035. Hyllyj\u00e4 voidaan tilata haluttuun RAL-s\u00e4vyyn erikoistilauksena.<\/span><\/p>\n<p><span class=\"pealkiriYLD\">Hyllyn mitat.<\/span><\/p>\n<table style=\"border: 0px;\" border=\"1\" width=\"100%\" cellspacing=\"1\" cellpadding=\"1\">\n<tbody>\n<tr style=\"font-size: 12px;\">\n<td style=\"text-align: center;\"><strong>RAL7035 Rungon vakiov\u00e4ri<\/strong><\/td>\n<td style=\"text-align: center;\"><strong> RAL9016 Traffic White<\/strong><\/td>\n<td style=\"text-align: center;\"><strong> RAL1001 Beige<\/strong><\/td>\n<td style=\"text-align: center;\"><strong> RAL1017 Saffron Yellow<\/strong><\/td>\n<\/tr>\n<tr>\n<td style=\"text-align: center; background-color: #d4d9dc;\"><\/td>\n<td style=\"text-align: center; background-color: #fbffff;\"><\/td>\n<td style=\"text-align: center; background-color: #d8ba8e;\"><\/td>\n<td style=\"text-align: center; background-color: #ffab5a;\"><\/td>\n<\/tr>\n<tr>\n<td style=\"border-left: 0px; border-right: 0px; height: 15px; padding: 0px;\" colspan=\"4\"><\/td>\n<\/tr>\n<tr style=\"font-size: 12px;\">\n<td style=\"text-align: center;\"><b>RAL2001 Red Orange<\/b><\/td>\n<td style=\"text-align: center;\"><b>RAL3000 Flame Red<\/b><\/td>\n<td style=\"text-align: center;\"><b>RAL3014 Antique Pink<\/b><\/td>\n<td style=\"text-align: center;\"><b>RAL4004 Claret Violet<\/b><\/td>\n<\/tr>\n<tr>\n<td style=\"text-align: center; background-color: #b24b1e;\"><\/td>\n<td style=\"text-align: center; background-color: #ab1f1d;\"><\/td>\n<td style=\"text-align: center; background-color: #d86675;\"><\/td>\n<td style=\"text-align: center; background-color: #5c082a;\"><\/td>\n<\/tr>\n<tr>\n<td style=\"border-left: 0px; border-right: 0px; height: 15px; padding: 0px;\" colspan=\"4\"><\/td>\n<\/tr>\n<tr style=\"font-size: 12px;\">\n<td style=\"text-align: center;\"><b>RAL5017 Traffic Blue<\/b><\/td>\n<td valign=\"top\"><span class=\"Lingid2\"><b>RAL5024 Pastel Blue<\/b><\/span><\/td>\n<td valign=\"top\"><span class=\"Lingid2\"><b>RAL6005 Moss Green<\/b><\/span><\/td>\n<td style=\"text-align: center;\"><b>RAL6032 Signal Green<\/b><\/td>\n<\/tr>\n<tr>\n<td style=\"text-align: center; background-color: #003b7f;\"><\/td>\n<td style=\"text-align: center; background-color: #578cb4;\"><\/td>\n<td style=\"text-align: center; background-color: #004735;\"><\/td>\n<td style=\"text-align: center; background-color: #2a8a40;\"><\/td>\n<\/tr>\n<tr>\n<td style=\"border-left: 0px; border-right: 0px; height: 15px; padding: 0px;\" colspan=\"4\"><\/td>\n<\/tr>\n<tr style=\"font-size: 12px;\">\n<td style=\"text-align: center;\"><b>RAL6034 Pale Turquoise<\/b><\/td>\n<td style=\"text-align: center;\"><b>RAL7032 Pebble Grey<\/b><\/td>\n<td style=\"text-align: center;\"><b>RAL7040 Window Grey<\/b><\/td>\n<td style=\"text-align: center;\"><b>RAL8014 Sepia Brown<\/b><\/td>\n<\/tr>\n<tr>\n<td style=\"text-align: center; background-color: #7ebdb5;\"><\/td>\n<td style=\"text-align: center; background-color: #bdbaab;\"><\/td>\n<td style=\"text-align: center; background-color: #9da3af;\"><\/td>\n<td style=\"text-align: center; background-color: #38261c;\"><\/td>\n<\/tr>\n<tr>\n<td style=\"border-left: 0px; border-right: 0px; height: 15px; padding: 0px;\" colspan=\"4\"><\/td>\n<\/tr>\n<tr style=\"font-size: 12px;\">\n<td style=\"text-align: center;\"><b>RAL9005 Jet Black<\/b><\/td>\n<td style=\"text-align: center;\"><\/td>\n<td style=\"text-align: center;\"><\/td>\n<td style=\"text-align: center;\"><\/td>\n<\/tr>\n<tr>\n<td style=\"text-align: center; background-color: #04050a;\"><\/td>\n<td style=\"text-align: center;\"><\/td>\n<td style=\"text-align: center;\"><\/td>\n<td style=\"text-align: center;\"><\/td>\n<\/tr>\n<\/tbody>\n<\/table>\n<p>&nbsp;<\/p>\n<table border=\"1\" width=\"100%\" cellspacing=\"1\" cellpadding=\"1\">\n<tbody>\n<tr>\n<td> Koodi<\/td>\n<td> Leveys mm<\/td>\n<td> Korkeus mm<\/td>\n<td> Syvyys mm<\/td>\n<\/tr>\n<tr>\n<td><\/td>\n<td>  800<\/td>\n<td>  2000<\/td>\n<td>  300<\/td>\n<\/tr>\n<tr>\n<td><\/td>\n<td>  900<\/td>\n<td>  2300<\/td>\n<td>  400<\/td>\n<\/tr>\n<tr>\n<td><\/td>\n<td>  1000<\/td>\n<td>  2500<\/td>\n<td>  500<\/td>\n<\/tr>\n<tr>\n<td><\/td>\n<td>  1200<\/td>\n<td>  2500<\/td>\n<td>  600<\/td>\n<\/tr>\n<\/tbody>\n<\/table>\n","protected":false},"excerpt":{"rendered":"<p><a href=\"https:\/\/falkonet.ee\/wp-content\/uploads\/2023\/03\/riiul.pdf\" target=\"_blank\" rel=\"noopener\">Kuvat<\/a><br \/>\n<a href=\"https:\/\/falkonet.ee\/wp-content\/uploads\/2023\/03\/tugirist2000.pdf\" target=\"_blank\" rel=\"noopener\">Asennusohje<\/a><\/p>\n","protected":false},"featured_media":625,"template":"","meta":[],"product_brand":[],"product_cat":[111],"product_tag":[],"class_list":{"0":"post-1639","1":"product","2":"type-product","3":"status-publish","4":"has-post-thumbnail","6":"product_cat-hyllyt","8":"first","9":"instock","10":"featured","11":"shipping-taxable","12":"purchasable","13":"product-type-simple","14":"customify-col"},"jetpack_sharing_enabled":true,"_links":{"self":[{"href":"https:\/\/falkonet.ee\/fi\/wp-json\/wp\/v2\/product\/1639","targetHints":{"allow":["GET"]}}],"collection":[{"href":"https:\/\/falkonet.ee\/fi\/wp-json\/wp\/v2\/product"}],"about":[{"href":"https:\/\/falkonet.ee\/fi\/wp-json\/wp\/v2\/types\/product"}],"wp:featuredmedia":[{"embeddable":true,"href":"https:\/\/falkonet.ee\/fi\/wp-json\/wp\/v2\/media\/625"}],"wp:attachment":[{"href":"https:\/\/falkonet.ee\/fi\/wp-json\/wp\/v2\/media?parent=1639"}],"wp:term":[{"taxonomy":"product_brand","embeddable":true,"href":"https:\/\/falkonet.ee\/fi\/wp-json\/wp\/v2\/product_brand?post=1639"},{"taxonomy":"product_cat","embeddable":true,"href":"https:\/\/falkonet.ee\/fi\/wp-json\/wp\/v2\/product_cat?post=1639"},{"taxonomy":"product_tag","embeddable":true,"href":"https:\/\/falkonet.ee\/fi\/wp-json\/wp\/v2\/product_tag?post=1639"}],"curies":[{"name":"wp","href":"https:\/\/api.w.org\/{rel}","templated":true}]}}