{"id":1463,"date":"2023-03-17T19:02:42","date_gmt":"2023-03-17T16:02:42","guid":{"rendered":"https:\/\/falkonet.ee\/juhendid\/"},"modified":"2023-03-23T14:35:58","modified_gmt":"2023-03-23T11:35:58","slug":"juhendid","status":"publish","type":"page","link":"https:\/\/falkonet.ee\/sv\/juhendid\/","title":{"rendered":"Juhendid"},"content":{"rendered":"\n<h1 class=\"wp-block-heading\">M\u00dc\u00dcGITINGIMUSED<\/h1>\n\n\n\n<p>Allj\u00e4rgnevad m\u00fc\u00fcgitingimused kehtivad juhul, kui Falkonet Metall O\u00dc ja tellija pole s\u00f5lminud muud kirjalikku kokkulepet.<br><br><strong>1. Tellimuse kinnitus<\/strong>&nbsp;<br><br>1.1. Peale tellimuse vormistamist edastatakse Teie poolt m\u00e4rgitud e-maili aadressile tellimuse kinnitus. Tellija peab oma soovidest transpordi ja paigalduse osas teada andma tellimuse vormistamisel.<br>K\u00f5ik tellimused kinnitatakse kirjalikult. Tellija peab kontrollima nende \u00f5igsust ja tarneaegu. V\u00f5imalikke puudusi k\u00e4sitlevad meeldetuletused v\u00f5i m\u00e4rkused tuleb esitada kirjalikult hiljemalt viie p\u00e4eva jooksul p\u00e4rast tellimuse kinnitamise kuup\u00e4eva.<br><br>1.2. Tellimuse kinnituse muudatused<br>Kui tellija soovib kolme p\u00e4eva jooksul p\u00e4rast tellimuse kinnitamise kuup\u00e4eva muuta tellimuse sisu v\u00f5i tarneaega, siis sellest tekkivad lisakulud ja tellimuse uue tarneaja m\u00e4\u00e4rab vastavalt olukorrale Falkonet Metall O\u00dc.&nbsp;<br><br><strong>2. Tarneajad<\/strong>&nbsp;<br><br>2.1. K\u00f5ikide tellimuste tarneaeg lepitakse iga tellimuse puhul eraldi kokku. Tellija peab j\u00e4lgima tellimuse vormistamisel esitatavate kontaktandmete ja tarneaadressi ning kontaktisiku andmete \u00f5igsust v\u00e4ltimaks viivitusi ja arusaamatusi toodete kohaletoimetamisel. Falkonet Metall O\u00dc ei vastuta toodete kohaletoimetamise viivituse ja tekkinud arusaamatuste eest juhul, kui need on tingitud Tellija poolt tellimuse vormistamisel esitatud andmete ebat\u00e4psusest.&nbsp;<br><br><strong>3. Hinnad<\/strong>&nbsp;<br><br>3.1. Falkonet Metall O\u00dc e-poes toodud hindadele lisandub k\u00e4ibemaks 20%.<br>3.2. Hinnad kehtivad t\u00e4htajatult. Falkonet Metall O\u00dc j\u00e4tab endale \u00f5iguse hindu ja tooteid muuta v\u00f5i korrigeerida.<br>3.3. Toodete hinnale lisandub kauba kohaletoimetamise ja paigaldamise hind.<br>3.4. \/kehtetu\/<br>3.5. Transpordi hind mujal Eestis ja v\u00e4ljaspool Eestit vastavalt transpordifirmade hinnakirjale.<br>3.6. Paigalduse hind on kokkuleppeline.<br>3.7. Kauba omandi\u00f5igus kuulub Falkonet Metall O\u00dc-le seni, kuni ostja on tellimuse eest t\u00e4ielikult tasunud. Tellija on kohustatud h\u00fcvitama lepingu t\u00fchistamisest ja m\u00f6\u00f6bli tagastamisest Falkonet Metall O\u00dc-le tekkinud kulud ja kahju.<br><br><br><strong>4. Toodete eest tasumine<\/strong>&nbsp;<br><br>4.1. Peale Tellija kirjalikku tellimuse kinnitust Tellija e-postile v\u00e4ljastatakse ettemaksuarve tellimuse maksumuse 50% ulatuses, mis tuleb tasuda kolme p\u00e4eva jooksul. Peale raha laekumist Falkonet Metall O\u00dc arvelduskontole tellimus l\u00e4heb t\u00f6\u00f6sse.<br>4.2. Kui tellimus on valmis, Tellija e-postile saadetakse ettemaksuarve tellimuse maksumuse teise poole kohta, mis tuleb tasuda kolme p\u00e4eva jooksul. Tellimus v\u00e4ljastatakse Tellijale peale raha laekumist Falkonet Metall O\u00dc arvelduskontole.<br>4.3. L\u00f5pparve saadetakse Tellija e-postile kolme p\u00e4eva jooksul peale tellimuse k\u00e4ttesaamist .<br><br><strong>5. Garantii<\/strong>&nbsp;<br><br>5.1. K\u00f5igil meie tarnitavatel toodetel on garantii kaks aastat, mille jooksul h\u00fcvitatakse v\u00f5imalikud tootmisest ja toorainest tulenevad vead.<br>5.2. Garantii ei h\u00f5lma meie tarnitud toodete valest kasutamisest, k\u00e4itlemisest v\u00f5i transportimisest tulenenud kahju ning toote normaalset f\u00fc\u00fcsilist kulumist tavalise kasutamise korral.<br>5.3. Garantiiaja alguseks loetakse l\u00f5pparve kuup\u00e4eva.&nbsp;<br><br><strong>7. V\u00e4\u00e4ramatu j\u00f5ud&nbsp;<br><\/strong><br>7.1. Falkonet Metall O\u00dc ei ole kohustatud oma lepinguj\u00e4rgseid kohustusi t\u00e4itma, kui m\u00f6\u00f6bli v\u00f5i selle osa tarnimist takistavad looduskatastroof, tulekahju, masinarike v\u00f5i sellega v\u00f5rreldav muu h\u00e4ire, streik, t\u00f6\u00f6sulg, s\u00f5da, mobilisatsioon, impordi- v\u00f5i ekspordikeeld, transpordivahendite puudus, tootmise l\u00f5petamine, liiklush\u00e4ire v\u00f5i muu selline takistus, mida Falkonet Metall O\u00dc m\u00f5jutada ei saa.<br>7.2. Falkonet Metall O\u00dc ei ole kohustatud lepingut t\u00e4itma ka juhul, kui see eeldab tegevust, mis on Falkonet Metall O\u00dc suhtes sellest saadava kasuga v\u00f5rreldes eba\u00f5iglane.<br>7.3. Falkonet Metall O\u00dc ei ole kohustatud h\u00fcvitama tellijale v\u00f5i kolmandale poolele lepingu t\u00e4itmata j\u00e4tmisest tekkinud kahju ning Falkonet Metall O\u00dc-l on ka \u00f5igus leping t\u00fchistada.&nbsp;<br><br><strong>8. Tellija \u00f5igused ja kohustused&nbsp;<\/strong><br><br>8.1. Tellijal on \u00f5igus saada infot Falkonet Metall O\u00dc poolt valmistatavate toodete kohta.<br>8.2. Tellija vastutab kahju ja kulude eest, mis tekivad talle v\u00f5i kolmandale poolele toodete vale ladustamise v\u00f5i paigalduskoha t\u00f5ttu. Falkonet Metall O\u00dc ei vastuta kulude ega tarne hilinemise eest Falkonet Metall O\u00dc-st mitteolenevatel p\u00f5hjustel.<br>8.3. Kui tellija ei suuda oma lepingus kokkulepitud kohustusi t\u00e4ita, vastutab tellija sellest tuleneva kahju eest ning Falkonet Metall O\u00dc-l on \u00f5igus esitada tekkinud kulude kohta arve.<br>8.4. Tellija vastutab k\u00f5igi ametkondlike lubade hankimise eest. Pakkumisele vastavad hinnad kehtivad juhul, kui transpordi, t\u00f5ste-, paigaldus- ja ladustamist\u00f6\u00f6d ning muu sellise saab teha takistamatult kokkulepitud ajagraafiku j\u00e4rgi. Lisat\u00f6\u00f6de eest n\u00f5utakse tasu hetkel kehtiva hinnakirja kohaselt. Tellija vastutab selle eest, et enne t\u00f6\u00f6de alustamist oleks paigalduskoht valgustatud ning puhas igasugustest segavatest tarvikutest ja materjalidest ning et paigaldusobjektile oleks takistamatu juurdep\u00e4\u00e4s.<br>8.5. V\u00f5imalikud tarneid v\u00f5i muid puudusi k\u00e4sitlevad meeldetuletused tuleb esitada kirjalikult hiljemalt kolme p\u00e4eva jooksul p\u00e4rast kauba vastuv\u00f5tmist.<\/p>\n","protected":false},"excerpt":{"rendered":"<p>M\u00dc\u00dcGITINGIMUSED Allj\u00e4rgnevad m\u00fc\u00fcgitingimused kehtivad juhul, kui Falkonet Metall O\u00dc ja tellija pole s\u00f5lminud muud kirjalikku kokkulepet. 1. Tellimuse kinnitus&nbsp; 1.1. Peale tellimuse vormistamist edastatakse Teie&hellip;<\/p>\n","protected":false},"author":2,"featured_media":0,"parent":0,"menu_order":0,"comment_status":"closed","ping_status":"closed","template":"","meta":{"footnotes":""},"class_list":["post-1463","page","type-page","status-publish","hentry"],"jetpack_sharing_enabled":true,"_links":{"self":[{"href":"https:\/\/falkonet.ee\/sv\/wp-json\/wp\/v2\/pages\/1463","targetHints":{"allow":["GET"]}}],"collection":[{"href":"https:\/\/falkonet.ee\/sv\/wp-json\/wp\/v2\/pages"}],"about":[{"href":"https:\/\/falkonet.ee\/sv\/wp-json\/wp\/v2\/types\/page"}],"author":[{"embeddable":true,"href":"https:\/\/falkonet.ee\/sv\/wp-json\/wp\/v2\/users\/2"}],"replies":[{"embeddable":true,"href":"https:\/\/falkonet.ee\/sv\/wp-json\/wp\/v2\/comments?post=1463"}],"version-history":[{"count":1,"href":"https:\/\/falkonet.ee\/sv\/wp-json\/wp\/v2\/pages\/1463\/revisions"}],"predecessor-version":[{"id":1467,"href":"https:\/\/falkonet.ee\/sv\/wp-json\/wp\/v2\/pages\/1463\/revisions\/1467"}],"wp:attachment":[{"href":"https:\/\/falkonet.ee\/sv\/wp-json\/wp\/v2\/media?parent=1463"}],"curies":[{"name":"wp","href":"https:\/\/api.w.org\/{rel}","templated":true}]}}