{"id":1473,"date":"2023-03-23T16:14:54","date_gmt":"2023-03-23T13:14:54","guid":{"rendered":"https:\/\/falkonet.ee\/firmast\/"},"modified":"2023-03-30T12:50:14","modified_gmt":"2023-03-30T09:50:14","slug":"firmast","status":"publish","type":"page","link":"https:\/\/falkonet.ee\/sv\/firmast\/","title":{"rendered":"Firmast"},"content":{"rendered":"\n<h2 class=\"wp-block-heading\">O\u00dc Falkonet Metall<\/h2>\n\n\n\n<h3 class=\"wp-block-heading\">Tegevusalad<\/h3>\n\n\n\n<p>O\u00dc Falkonet Metall on 1999. aastal loodud ettev\u00f5te ning meie p\u00f5hitegevuseks on metallm\u00f6\u00f6bli tootmine. Meie tootenomenklatuur on v\u00e4ga lai: me toodame m\u00f6\u00f6blit tootmisele, haiglatele, hotellidele, SPA-le, tervisekeskustele, kaubanduskeskustele, koolidele, lasteaedadele ja ladudele.<br>Ajalugu<\/p>\n\n\n\n<p>Falkonett Metall O\u00dc p\u00f5hineb 100% Eesti kapitalil ning kuulub t\u00e4na kahele omanikule.<\/p>\n\n\n\n<p>Ettev\u00f5te alustas oma tegevust 1999. aasta kevadel, kui toonased omanikud ja ettev\u00f5tte loojad otsustasid alustada turvauste tootmist.<br>Esimeseks tootmishooneks sai sellel ajal suhteliselt tagasihoidlik ja piiratud v\u00f5imalustega tootmistsehh Miidurannas, kus varesematel aastatel valmistati metallist elektrikilpe ning seadmekappe. Kuna hoone anti uutele omanikele rendile koos metallkappide valmistamiseks sobivate seadmetega, siis n\u00e4gid toonased omanikud selles v\u00f5imalust aina kasvava uksetootmise k\u00f5rval k\u00e4tt proovida ka metallist t\u00f6\u00f6stusm\u00f6\u00f6bli valmistamisel.<\/p>\n\n\n\n<p>2000.a. alguseks olid ettev\u00f5tte tootmismahud nii uste kui ka metallist t\u00f6\u00f6stusm\u00f6\u00f6bli osas kasvanud sedav\u00f5rd, et kunagi rendile v\u00f5etud ja toona piisavalt mahukana tundunud Miiduranna tootmistsehh hakkas ettev\u00f5tte arengut p\u00e4rssima ning omanikud pidid alustama uue ja suurema tootmispinna otsimisega. Uue tootmise jaoks leiti sobiv tootmishoone Harjumaal, Aruk\u00fclas, endise Aruk\u00fcla leivatehase n\u00e4ol.<br>Peale rekonstrueerimist\u00f6id, \u00fcmberkorraldusi ja Miiduranna tootmistsehhist kaasa ostetud seadmete sisseseadmist Aruk\u00fclas, kolis ettev\u00f5te 2000.a s\u00fcgisel uude suuremasse tehasesse, kus alustati taas uste ja metallm\u00f6\u00f6bli tootmisega.<\/p>\n\n\n\n<p>1999 \u2013 2001 olid ettev\u00f5tte jaoks v\u00e4ga olulised aastad, sest alustava ettev\u00f5tte omanike esmane \u00e4riidee, milleks oli turvauste tootmine, osutus t\u00f5eliseks edukaks.<br>Paljudes paneelelamutes olid tollel ajal veel kasutusel puidust korteri v\u00e4lisuksed, mis ei t\u00e4itnud \u00fchtegi turvan\u00f5uet ning said \u00fcsna kiiresti v\u00e4lja vahetud korralike ja turvaliste metalluste vastu.<br>Kuna Falkonet Metall O\u00dc suutis pakkuda v\u00e4ga hea hinna ja kvaliteedi suhtega toodet, oli ustetellimuste arv antud perioodil keskmiselt 300 ust kuus.<\/p>\n\n\n\n<p>Uus ja suurem tehas ning h\u00e4sti toimiv ukse\u00e4ri andsid v\u00f5imaluse oluliselt arendada metallm\u00f6\u00f6bli valmistamise valdkonnas ning peagi saadi ettev\u00f5ttes toodetav metallm\u00f6\u00f6bel sellisele kvaliteedi tasemele, et \u00f5nnestus m\u00fc\u00fca esimesed suuremad toodangupartiid kodumaal ning tasahilju alustati ka Soome turu uurimisega.<br>Aastaks 2002 olid metallm\u00f6\u00f6bli toomismahud ja n\u00f5udlus j\u00f5udnud kogusele, kus olemasoleva masinapargiga ei olnud enam v\u00f5imalik edasi minna ning ettev\u00f5tte omanikud v\u00f5tsid vastu otsuse investeerida uude tehase sisseseadesse.<\/p>\n\n\n\n<p>2002. aastal investeeriti ettev\u00f5ttesse kokku ligemale 6,5 miljonit krooni, mis oli selle aja kohta v\u00e4ga suur investeering. Peamiselt investeeriti kaasaegsete tootmisseadmete soetamisse.<br>Uued masinad andsid v\u00f5imaluse valmistada tootmiseks vajalike detaile \u00fclima t\u00e4psusega ning kordades suurema kiirusega, mis koos odava t\u00f6\u00f6j\u00f5u ja madala tooraine hinnaga andsid olulise t\u00f5uke sisenemaks metallm\u00f6\u00f6bli valmistajate k\u00f5rgliigasse.<\/p>\n\n\n\n<p>Esimesteks olulisteks klientideks v\u00e4listurgudel olid Lindstr\u00f6m OY Soomes ning Prewo AB Rootsis. M\u00f5lema kliendiga allkirjastati p\u00fcsitarnelepingud ning t\u00f6\u00f6tati v\u00e4lja erikapisarjad, mida tarniti vaid nendele klientidele.<br>Kuna ekspordi osakaal n\u00e4itas kogu tootmises t\u00f5usutrendi, siis otsustatigi 2003. aasta l\u00f5pus uksetootmine j\u00e4tta tahaplaanile ning keskenduti 100% vaid metallm\u00f6\u00f6bli valmistamisele.<\/p>\n\n\n\n<p>Alates 2004.a. aastal aset leidnud muudatustest ettev\u00f5tte osanike ringis on Falkonett Metall O\u00dc \u2013st saanud stabiilselt arenev ettev\u00f5te, mis n\u00e4itab aasta-aastalt aina paranevaid majandustulemusi ning on saanud tunnustust nii v\u00e4lispartneritelt, kui ka kohalikelt finantsasutustelt.<\/p>\n\n\n\n<h3 class=\"wp-block-heading\">Saavutused<\/h3>\n\n\n\n<p>Siinkohal on oluline \u00e4ra m\u00e4rkida, et Falkonett Metall O\u00dc p\u00e4lvis AS \u00c4rip\u00e4ev poolt koostatavas Eesti M\u00f6\u00f6blitootjate TOP 100 edetabelis aastal 2006 k\u00fcmnenda koha, aastal 2007 kolmanda koha ja aastal 2011 esimese koha. Samuti on Falkonet Metall O\u00dc viimase k\u00fcmne aasta jooksul korduvalt tunnustatud Krediidiinfo AS poolt Eduka Eesti Ettev\u00f5tte tiitliga reitinguga AAA (suurep\u00e4rane). Antud reiting arvutatakse v\u00e4lja ettev\u00f5tte viimase majandusaasta majandustulemuste p\u00f5hjal.<\/p>\n\n\n\n<h3 class=\"wp-block-heading\">Personal<\/h3>\n\n\n\n<p>Ettev\u00f5ttes t\u00f6\u00f6tab hetkel 65 inimest, kellest enamus on kaasatud tootmisprotsessi ja ladustamist h\u00f5lmavate \u00fclesannete t\u00e4itmisele. Ettev\u00f5ttel on ka oma administratiivosakond, kuhu kuulub m\u00fc\u00fcgiosakond, raamatupidamine ja tegevjuht.<br>Ettev\u00f5tte eesm\u00e4rgiks on oma toodangu m\u00fc\u00fck otse l\u00f5pptarbijale Eestis, Soomes, L\u00e4tis, Leedus, Venemaal ja uue sihtturuna Rootsis.<br>Falkonet Metall O\u00dc missiooniks on pakkuda oma klientidele parima hinna ja kvaliteedi suhtega toodangut.<\/p>\n","protected":false},"excerpt":{"rendered":"<p>O\u00dc Falkonet Metall Tegevusalad O\u00dc Falkonet Metall on 1999. aastal loodud ettev\u00f5te ning meie p\u00f5hitegevuseks on metallm\u00f6\u00f6bli tootmine. Meie tootenomenklatuur on v\u00e4ga lai: me toodame&hellip;<\/p>\n","protected":false},"author":2,"featured_media":0,"parent":0,"menu_order":0,"comment_status":"closed","ping_status":"closed","template":"","meta":{"footnotes":""},"class_list":["post-1473","page","type-page","status-publish","hentry"],"jetpack_sharing_enabled":true,"_links":{"self":[{"href":"https:\/\/falkonet.ee\/sv\/wp-json\/wp\/v2\/pages\/1473","targetHints":{"allow":["GET"]}}],"collection":[{"href":"https:\/\/falkonet.ee\/sv\/wp-json\/wp\/v2\/pages"}],"about":[{"href":"https:\/\/falkonet.ee\/sv\/wp-json\/wp\/v2\/types\/page"}],"author":[{"embeddable":true,"href":"https:\/\/falkonet.ee\/sv\/wp-json\/wp\/v2\/users\/2"}],"replies":[{"embeddable":true,"href":"https:\/\/falkonet.ee\/sv\/wp-json\/wp\/v2\/comments?post=1473"}],"version-history":[{"count":1,"href":"https:\/\/falkonet.ee\/sv\/wp-json\/wp\/v2\/pages\/1473\/revisions"}],"predecessor-version":[{"id":1925,"href":"https:\/\/falkonet.ee\/sv\/wp-json\/wp\/v2\/pages\/1473\/revisions\/1925"}],"wp:attachment":[{"href":"https:\/\/falkonet.ee\/sv\/wp-json\/wp\/v2\/media?parent=1473"}],"curies":[{"name":"wp","href":"https:\/\/api.w.org\/{rel}","templated":true}]}}