{"id":1913,"date":"2023-03-23T22:25:59","date_gmt":"2023-03-23T19:25:59","guid":{"rendered":"https:\/\/falkonet.ee\/kontakt\/"},"modified":"2023-04-03T15:04:32","modified_gmt":"2023-04-03T12:04:32","slug":"kontakt","status":"publish","type":"page","link":"https:\/\/falkonet.ee\/sv\/kontakt\/","title":{"rendered":"Kontakt"},"content":{"rendered":"\n<div class=\"wp-block-media-text alignwide is-stacked-on-mobile\" style=\"grid-template-columns:39% auto\"><figure class=\"wp-block-media-text__media\"><img loading=\"lazy\" decoding=\"async\" width=\"295\" height=\"148\" src=\"https:\/\/falkonet.ee\/wp-content\/uploads\/2023\/03\/dscn0105.jpg\" alt=\"\" class=\"wp-image-1572 size-full\"\/><\/figure><div class=\"wp-block-media-text__content\">\n<p>Falkonet Metall O\u00dc<br>J\u00e4rsi tee 1, Aruk\u00fcla<br>75201 Harjumaa<br>Tel: +372 6 054 060<br>E-post:\u00a0<a href=\"mailto:info@falkonet.ee\">info@falkonet.ee\u00a0<\/a><\/p>\n<\/div><\/div>\n\n\n\n<p>   <\/p>\n\n\n\n<div class=\"wp-block-columns is-layout-flex wp-container-core-columns-is-layout-9d6595d7 wp-block-columns-is-layout-flex\">\n<div class=\"wp-block-column is-layout-flow wp-block-column-is-layout-flow\">\n<p>Kontakt i Sverige:<br>Projektinredningar Bengt Fredriksson AB<br>Veddestav\u00e4gen 24<br>175 62 J\u00e4rf\u00e4lla<br>Tel: +46 8 771 23 55<br>E-post: <a href=\"mailto:lars@projektinredningar.se\">lars@projektinredningar.se<\/a><\/p>\n\n\n\n<p>Kontaktpersoner: Lars Fredriksson +46 70 520 80 02<\/p>\n<\/div>\n\n\n\n<div class=\"wp-block-column is-layout-flow wp-block-column-is-layout-flow\">\n<p>ASAW Marketing KB<br>Kungsv\u00e4gen 38<br>195 70 Rosersberg<br>Tel: + 46 8 621 15 50<br>E-post: <a href=\"mailto:info@asaw.se\">info@asaw.se<\/a><\/p>\n\n\n\n<p>Kontaktpersoner: Mauno Ollikainen 0731 &#8211; 84 63 20<\/p>\n<\/div>\n<\/div>\n","protected":false},"excerpt":{"rendered":"<p>Falkonet Metall O\u00dcJ\u00e4rsi tee 1, Aruk\u00fcla75201 HarjumaaTel: +372 6 054 060E-post:\u00a0info@falkonet.ee\u00a0 Kontakt i Sverige:Projektinredningar Bengt Fredriksson ABVeddestav\u00e4gen 24175 62 J\u00e4rf\u00e4llaTel: +46 8 771 23 55E-post:&hellip;<\/p>\n","protected":false},"author":2,"featured_media":0,"parent":0,"menu_order":0,"comment_status":"closed","ping_status":"closed","template":"","meta":{"footnotes":""},"class_list":["post-1913","page","type-page","status-publish","hentry"],"jetpack_sharing_enabled":true,"_links":{"self":[{"href":"https:\/\/falkonet.ee\/sv\/wp-json\/wp\/v2\/pages\/1913","targetHints":{"allow":["GET"]}}],"collection":[{"href":"https:\/\/falkonet.ee\/sv\/wp-json\/wp\/v2\/pages"}],"about":[{"href":"https:\/\/falkonet.ee\/sv\/wp-json\/wp\/v2\/types\/page"}],"author":[{"embeddable":true,"href":"https:\/\/falkonet.ee\/sv\/wp-json\/wp\/v2\/users\/2"}],"replies":[{"embeddable":true,"href":"https:\/\/falkonet.ee\/sv\/wp-json\/wp\/v2\/comments?post=1913"}],"version-history":[{"count":4,"href":"https:\/\/falkonet.ee\/sv\/wp-json\/wp\/v2\/pages\/1913\/revisions"}],"predecessor-version":[{"id":1958,"href":"https:\/\/falkonet.ee\/sv\/wp-json\/wp\/v2\/pages\/1913\/revisions\/1958"}],"wp:attachment":[{"href":"https:\/\/falkonet.ee\/sv\/wp-json\/wp\/v2\/media?parent=1913"}],"curies":[{"name":"wp","href":"https:\/\/api.w.org\/{rel}","templated":true}]}}