{"id":1877,"date":"2023-03-21T14:49:17","date_gmt":"2023-03-21T11:49:17","guid":{"rendered":"https:\/\/falkonet.ee\/toode\/forberedd-for-tvangsventilation-2\/"},"modified":"2023-03-21T14:49:17","modified_gmt":"2023-03-21T11:49:17","slug":"forberedd-for-tvangsventilation-2","status":"publish","type":"product","link":"https:\/\/falkonet.ee\/sv\/toode\/forberedd-for-tvangsventilation-2\/","title":{"rendered":"F\u00f6rberedd f\u00f6r tv\u00e5ngsventilation"},"content":{"rendered":"","protected":false},"excerpt":{"rendered":"","protected":false},"featured_media":895,"template":"","meta":[],"product_brand":[],"product_cat":[146],"product_tag":[],"class_list":{"0":"post-1877","1":"product","2":"type-product","3":"status-publish","4":"has-post-thumbnail","6":"product_cat-ventilation-sv","8":"first","9":"instock","10":"shipping-taxable","11":"product-type-simple","12":"customify-col"},"jetpack_sharing_enabled":true,"_links":{"self":[{"href":"https:\/\/falkonet.ee\/sv\/wp-json\/wp\/v2\/product\/1877","targetHints":{"allow":["GET"]}}],"collection":[{"href":"https:\/\/falkonet.ee\/sv\/wp-json\/wp\/v2\/product"}],"about":[{"href":"https:\/\/falkonet.ee\/sv\/wp-json\/wp\/v2\/types\/product"}],"wp:featuredmedia":[{"embeddable":true,"href":"https:\/\/falkonet.ee\/sv\/wp-json\/wp\/v2\/media\/895"}],"wp:attachment":[{"href":"https:\/\/falkonet.ee\/sv\/wp-json\/wp\/v2\/media?parent=1877"}],"wp:term":[{"taxonomy":"product_brand","embeddable":true,"href":"https:\/\/falkonet.ee\/sv\/wp-json\/wp\/v2\/product_brand?post=1877"},{"taxonomy":"product_cat","embeddable":true,"href":"https:\/\/falkonet.ee\/sv\/wp-json\/wp\/v2\/product_cat?post=1877"},{"taxonomy":"product_tag","embeddable":true,"href":"https:\/\/falkonet.ee\/sv\/wp-json\/wp\/v2\/product_tag?post=1877"}],"curies":[{"name":"wp","href":"https:\/\/api.w.org\/{rel}","templated":true}]}}