{"id":1902,"date":"2023-03-18T16:02:11","date_gmt":"2023-03-18T13:02:11","guid":{"rendered":"https:\/\/falkonet.ee\/toode\/ak\/"},"modified":"2023-03-18T16:02:11","modified_gmt":"2023-03-18T13:02:11","slug":"ak","status":"publish","type":"product","link":"https:\/\/falkonet.ee\/sv\/toode\/ak\/","title":{"rendered":"AK"},"content":{"rendered":"<p align=\"justify\"><span class=\"textYLD\">Falkonet Metalls <span style=\"color: #ff0000;\">arkivsk\u00e5p\/verktygssk\u00e5p<\/span> \u00e4r tillverkade av kallvalsad st\u00e5lpl\u00e5t av h\u00f6gsta kvalitet. Standardsk\u00e5ps stomme och d\u00f6rrar \u00e4r av 0,7 mm st\u00e5lpl\u00e5t. Alla sk\u00e5pd\u00f6rrar har f\u00f6rst\u00e4rkt l\u00e5dkonstruktion. \u00c4ven sk\u00e5pd\u00f6rrar av 1,0 mm st\u00e5lpl\u00e5t kan best\u00e4llas. Sk\u00e5pen s\u00e4tts ihop med punktsvetsning, vilket s\u00e4krar sk\u00e5pens starka konstruktion och l\u00e5nga livsl\u00e4ngd. Alla sk\u00e5p \u00e4r som standard utrustade med fyra hyllplan som \u00e4r st\u00e4llbara i h\u00f6jd. Sk\u00e5pd\u00f6rrarna har tv\u00e5punktsl\u00e5sning.<\/span><\/p>\n<p><span class=\"pealkiriYLD\">M\u00e5tt f\u00f6r AK -serien. <\/span><\/p>\n<table style=\"border: 0px;\" border=\"1\" width=\"100%\" cellspacing=\"1\" cellpadding=\"1\">\n<tbody>\n<tr style=\"font-size: 12px;\">\n<td style=\"text-align: center;\"><strong>RAL7035 Standardf\u00e4rg f\u00f6r stommen<\/strong><\/td>\n<td style=\"text-align: center;\"><strong> RAL9016 Traffic White<\/strong><\/td>\n<td style=\"text-align: center;\"><strong> RAL1001 Beige<\/strong><\/td>\n<td style=\"text-align: center;\"><strong> RAL1017 Saffron Yellow<\/strong><\/td>\n<\/tr>\n<tr>\n<td style=\"text-align: center; background-color: #d4d9dc;\"><\/td>\n<td style=\"text-align: center; background-color: #fbffff;\"><\/td>\n<td style=\"text-align: center; background-color: #d8ba8e;\"><\/td>\n<td style=\"text-align: center; background-color: #ffab5a;\"><\/td>\n<\/tr>\n<tr>\n<td style=\"border-left: 0px; border-right: 0px; height: 15px; padding: 0px;\" colspan=\"4\"><\/td>\n<\/tr>\n<tr style=\"font-size: 12px;\">\n<td style=\"text-align: center;\"><b>RAL2001 Red Orange<\/b><\/td>\n<td style=\"text-align: center;\"><b>RAL3000 Flame Red<\/b><\/td>\n<td style=\"text-align: center;\"><b>RAL3014 Antique Pink<\/b><\/td>\n<td style=\"text-align: center;\"><b>RAL4004 Claret Violet<\/b><\/td>\n<\/tr>\n<tr>\n<td style=\"text-align: center; background-color: #b24b1e;\"><\/td>\n<td style=\"text-align: center; background-color: #ab1f1d;\"><\/td>\n<td style=\"text-align: center; background-color: #d86675;\"><\/td>\n<td style=\"text-align: center; background-color: #5c082a;\"><\/td>\n<\/tr>\n<tr>\n<td style=\"border-left: 0px; border-right: 0px; height: 15px; padding: 0px;\" colspan=\"4\"><\/td>\n<\/tr>\n<tr style=\"font-size: 12px;\">\n<td style=\"text-align: center;\"><b>RAL5017 Traffic Blue<\/b><\/td>\n<td valign=\"top\"><span class=\"Lingid2\"><b>RAL5024 Pastel Blue<\/b><\/span><\/td>\n<td valign=\"top\"><span class=\"Lingid2\"><b>RAL6005 Moss Green<\/b><\/span><\/td>\n<td style=\"text-align: center;\"><b>RAL6032 Signal Green<\/b><\/td>\n<\/tr>\n<tr>\n<td style=\"text-align: center; background-color: #003b7f;\"><\/td>\n<td style=\"text-align: center; background-color: #578cb4;\"><\/td>\n<td style=\"text-align: center; background-color: #004735;\"><\/td>\n<td style=\"text-align: center; background-color: #2a8a40;\"><\/td>\n<\/tr>\n<tr>\n<td style=\"border-left: 0px; border-right: 0px; height: 15px; padding: 0px;\" colspan=\"4\"><\/td>\n<\/tr>\n<tr style=\"font-size: 12px;\">\n<td style=\"text-align: center;\"><b>RAL6034 Pale Turquoise<\/b><\/td>\n<td style=\"text-align: center;\"><b>RAL7032 Pebble Grey<\/b><\/td>\n<td style=\"text-align: center;\"><b>RAL7040 Window Grey<\/b><\/td>\n<td style=\"text-align: center;\"><b>RAL8014 Sepia Brown<\/b><\/td>\n<\/tr>\n<tr>\n<td style=\"text-align: center; background-color: #7ebdb5;\"><\/td>\n<td style=\"text-align: center; background-color: #bdbaab;\"><\/td>\n<td style=\"text-align: center; background-color: #9da3af;\"><\/td>\n<td style=\"text-align: center; background-color: #38261c;\"><\/td>\n<\/tr>\n<tr>\n<td style=\"border-left: 0px; border-right: 0px; height: 15px; padding: 0px;\" colspan=\"4\"><\/td>\n<\/tr>\n<tr style=\"font-size: 12px;\">\n<td style=\"text-align: center;\"><b>RAL9005 Jet Black<\/b><\/td>\n<td style=\"text-align: center;\"><\/td>\n<td style=\"text-align: center;\"><\/td>\n<td style=\"text-align: center;\"><\/td>\n<\/tr>\n<tr>\n<td style=\"text-align: center; background-color: #04050a;\"><\/td>\n<td style=\"text-align: center;\"><\/td>\n<td style=\"text-align: center;\"><\/td>\n<td style=\"text-align: center;\"><\/td>\n<\/tr>\n<\/tbody>\n<\/table>\n<p>&nbsp;<\/p>\n<table border=\"1\" width=\"100%\" cellspacing=\"1\" cellpadding=\"1\">\n<tbody>\n<tr>\n<td> Kod<\/td>\n<td> Bredd mm<\/td>\n<td> H\u00f6jd mm<\/td>\n<td> Djup mm<\/td>\n<\/tr>\n<tr>\n<td> AK-400<\/td>\n<td>  400<\/td>\n<td>  1900<\/td>\n<td>  430<\/td>\n<\/tr>\n<tr>\n<td> AK-600<\/td>\n<td>  600<\/td>\n<td>  1900<\/td>\n<td>  430<\/td>\n<\/tr>\n<tr>\n<td> AK-800<\/td>\n<td>  800<\/td>\n<td>  1900<\/td>\n<td>  430<\/td>\n<\/tr>\n<tr>\n<td> AK-1000<\/td>\n<td>  1000<\/td>\n<td>  1900<\/td>\n<td>  430<\/td>\n<\/tr>\n<\/tbody>\n<\/table>\n","protected":false},"excerpt":{"rendered":"<p><a href=\"https:\/\/falkonet.ee\/wp-content\/uploads\/2023\/03\/ak.pdf\" target=\"_blank\" rel=\"noopener\">Ritningar<\/a><\/p>\n","protected":false},"featured_media":560,"template":"","meta":[],"product_brand":[],"product_cat":[136],"product_tag":[],"class_list":{"0":"post-1902","1":"product","2":"type-product","3":"status-publish","4":"has-post-thumbnail","6":"product_cat-arkiv-och-verktygsskap","8":"first","9":"instock","10":"shipping-taxable","11":"purchasable","12":"product-type-simple","13":"customify-col"},"jetpack_sharing_enabled":true,"_links":{"self":[{"href":"https:\/\/falkonet.ee\/sv\/wp-json\/wp\/v2\/product\/1902","targetHints":{"allow":["GET"]}}],"collection":[{"href":"https:\/\/falkonet.ee\/sv\/wp-json\/wp\/v2\/product"}],"about":[{"href":"https:\/\/falkonet.ee\/sv\/wp-json\/wp\/v2\/types\/product"}],"wp:featuredmedia":[{"embeddable":true,"href":"https:\/\/falkonet.ee\/sv\/wp-json\/wp\/v2\/media\/560"}],"wp:attachment":[{"href":"https:\/\/falkonet.ee\/sv\/wp-json\/wp\/v2\/media?parent=1902"}],"wp:term":[{"taxonomy":"product_brand","embeddable":true,"href":"https:\/\/falkonet.ee\/sv\/wp-json\/wp\/v2\/product_brand?post=1902"},{"taxonomy":"product_cat","embeddable":true,"href":"https:\/\/falkonet.ee\/sv\/wp-json\/wp\/v2\/product_cat?post=1902"},{"taxonomy":"product_tag","embeddable":true,"href":"https:\/\/falkonet.ee\/sv\/wp-json\/wp\/v2\/product_tag?post=1902"}],"curies":[{"name":"wp","href":"https:\/\/api.w.org\/{rel}","templated":true}]}}