{"id":1905,"date":"2023-03-18T16:15:19","date_gmt":"2023-03-18T13:15:19","guid":{"rendered":"https:\/\/falkonet.ee\/toode\/kk\/"},"modified":"2023-03-28T16:23:43","modified_gmt":"2023-03-28T13:23:43","slug":"kk","status":"publish","type":"product","link":"https:\/\/falkonet.ee\/sv\/toode\/kk\/","title":{"rendered":"KK"},"content":{"rendered":"<p align=\"justify\"><span class=\"textYLD\">Falkonet Metalls <span style=\"color: #ff0000;\">skolsk\u00e5p<\/span> \u00e4r tillverkade av kallvalsad st\u00e5lpl\u00e5t av h\u00f6gsta kvalitet. Standardsk\u00e5ps stomme och d\u00f6rrar \u00e4r av 0,7 mm st\u00e5lpl\u00e5t. Alla sk\u00e5pd\u00f6rrar har f\u00f6rst\u00e4rkt l\u00e5dkonstruktion. \u00c4ven sk\u00e5pd\u00f6rrar av 1,0 mm st\u00e5lpl\u00e5t kan best\u00e4llas. Sk\u00e5pen s\u00e4tts ihop med punktsvetsning, vilket s\u00e4krar sk\u00e5pens starka konstruktion och l\u00e5nga livsl\u00e4ngd.<br \/>\nSkolsk\u00e5p har tagits fram i samarbete med flera skolinstitutioner och kommit till anv\u00e4ndning i m\u00e5nga estniska och finska skolor.<br \/>\nAlla skolsk\u00e5p \u00e4r som standard utrustade med cylinder- eller h\u00e4ngl\u00e5s, hatthylla, konsol till kl\u00e4dst\u00e5ng med tv\u00e5 h\u00e4ngkrokar, tv\u00e5 extra hyllor f\u00f6r skol- och anteckningsb\u00f6cker samt \u00f6ppningar f\u00f6r sj\u00e4lvventilation uppe och nere i sk\u00e5pet.<\/span><\/p>\n<p><span class=\"pealkiriYLD\">M\u00e5tt f\u00f6r KK 1590-serien.<br \/>\n<\/span><\/p>\n<table style=\"border: 0px;\" border=\"1\" width=\"100%\" cellspacing=\"1\" cellpadding=\"1\">\n<tbody>\n<tr style=\"font-size: 12px;\">\n<td style=\"text-align: center;\"><strong>RAL7035 Standardf\u00e4rg f\u00f6r stommen<\/strong><\/td>\n<td style=\"text-align: center;\"><strong> RAL9016 Traffic White<\/strong><\/td>\n<td style=\"text-align: center;\"><strong> RAL1001 Beige<\/strong><\/td>\n<td style=\"text-align: center;\"><strong> RAL1017 Saffron Yellow<\/strong><\/td>\n<\/tr>\n<tr>\n<td style=\"text-align: center; background-color: #d4d9dc;\"><\/td>\n<td style=\"text-align: center; background-color: #fbffff;\"><\/td>\n<td style=\"text-align: center; background-color: #d8ba8e;\"><\/td>\n<td style=\"text-align: center; background-color: #ffab5a;\"><\/td>\n<\/tr>\n<tr>\n<td style=\"border-left: 0px; border-right: 0px; height: 15px; padding: 0px;\" colspan=\"4\"><\/td>\n<\/tr>\n<tr style=\"font-size: 12px;\">\n<td style=\"text-align: center;\"><b>RAL2001 Red Orange<\/b><\/td>\n<td style=\"text-align: center;\"><b>RAL3000 Flame Red<\/b><\/td>\n<td style=\"text-align: center;\"><b>RAL3014 Antique Pink<\/b><\/td>\n<td style=\"text-align: center;\"><b>RAL4004 Claret Violet<\/b><\/td>\n<\/tr>\n<tr>\n<td style=\"text-align: center; background-color: #b24b1e;\"><\/td>\n<td style=\"text-align: center; background-color: #ab1f1d;\"><\/td>\n<td style=\"text-align: center; background-color: #d86675;\"><\/td>\n<td style=\"text-align: center; background-color: #5c082a;\"><\/td>\n<\/tr>\n<tr>\n<td style=\"border-left: 0px; border-right: 0px; height: 15px; padding: 0px;\" colspan=\"4\"><\/td>\n<\/tr>\n<tr style=\"font-size: 12px;\">\n<td style=\"text-align: center;\"><b>RAL5017 Traffic Blue<\/b><\/td>\n<td valign=\"top\"><span class=\"Lingid2\"><b>RAL5024 Pastel Blue<\/b><\/span><\/td>\n<td valign=\"top\"><span class=\"Lingid2\"><b>RAL6005 Moss Green<\/b><\/span><\/td>\n<td style=\"text-align: center;\"><b>RAL6032 Signal Green<\/b><\/td>\n<\/tr>\n<tr>\n<td style=\"text-align: center; background-color: #003b7f;\"><\/td>\n<td style=\"text-align: center; background-color: #578cb4;\"><\/td>\n<td style=\"text-align: center; background-color: #004735;\"><\/td>\n<td style=\"text-align: center; background-color: #2a8a40;\"><\/td>\n<\/tr>\n<tr>\n<td style=\"border-left: 0px; border-right: 0px; height: 15px; padding: 0px;\" colspan=\"4\"><\/td>\n<\/tr>\n<tr style=\"font-size: 12px;\">\n<td style=\"text-align: center;\"><b>RAL6034 Pale Turquoise<\/b><\/td>\n<td style=\"text-align: center;\"><b>RAL7032 Pebble Grey<\/b><\/td>\n<td style=\"text-align: center;\"><b>RAL7040 Window Grey<\/b><\/td>\n<td style=\"text-align: center;\"><b>RAL8014 Sepia Brown<\/b><\/td>\n<\/tr>\n<tr>\n<td style=\"text-align: center; background-color: #7ebdb5;\"><\/td>\n<td style=\"text-align: center; background-color: #bdbaab;\"><\/td>\n<td style=\"text-align: center; background-color: #9da3af;\"><\/td>\n<td style=\"text-align: center; background-color: #38261c;\"><\/td>\n<\/tr>\n<tr>\n<td style=\"border-left: 0px; border-right: 0px; height: 15px; padding: 0px;\" colspan=\"4\"><\/td>\n<\/tr>\n<tr style=\"font-size: 12px;\">\n<td style=\"text-align: center;\"><b>RAL9005 Jet Black<\/b><\/td>\n<td style=\"text-align: center;\"><\/td>\n<td style=\"text-align: center;\"><\/td>\n<td style=\"text-align: center;\"><\/td>\n<\/tr>\n<tr>\n<td style=\"text-align: center; background-color: #04050a;\"><\/td>\n<td style=\"text-align: center;\"><\/td>\n<td style=\"text-align: center;\"><\/td>\n<td style=\"text-align: center;\"><\/td>\n<\/tr>\n<\/tbody>\n<\/table>\n<p>&nbsp;<\/p>\n<table border=\"1\" width=\"100%\" cellspacing=\"1\" cellpadding=\"1\">\n<tbody>\n<tr>\n<td>Kod<\/td>\n<td>Bredd mm<\/td>\n<td>H\u00f6jd mm<\/td>\n<td>Djup mm<\/td>\n<\/tr>\n<tr>\n<td>KK1\/300<\/td>\n<td>300<\/td>\n<td>1590<\/td>\n<td>545<\/td>\n<\/tr>\n<tr>\n<td>KK2\/300<\/td>\n<td>600<\/td>\n<td>1590<\/td>\n<td>545<\/td>\n<\/tr>\n<tr>\n<td>KK3\/300<\/td>\n<td>900<\/td>\n<td>1590<\/td>\n<td>545<\/td>\n<\/tr>\n<tr>\n<td>KK4\/300<\/td>\n<td>1200<\/td>\n<td>1590<\/td>\n<td>545<\/td>\n<\/tr>\n<tr>\n<td>1KK1\/400<\/td>\n<td>400<\/td>\n<td>1590<\/td>\n<td>545<\/td>\n<\/tr>\n<tr>\n<td>1KK2\/400<\/td>\n<td>800<\/td>\n<td>1590<\/td>\n<td>545<\/td>\n<\/tr>\n<tr>\n<td>1KK3\/400<\/td>\n<td>1200<\/td>\n<td>1590<\/td>\n<td>545<\/td>\n<\/tr>\n<\/tbody>\n<\/table>\n<p><span class=\"pealkiriYLD\">M\u00e5tt f\u00f6r KK 1900-serien.<br \/>\n<\/span><\/p>\n<table border=\"1\" width=\"100%\" cellspacing=\"1\" cellpadding=\"1\">\n<tbody>\n<tr>\n<td>Kod<\/td>\n<td>Bredd mm<\/td>\n<td>H\u00f6jd mm<\/td>\n<td>Djup mm<\/td>\n<\/tr>\n<tr>\n<td>KK1\/300<\/td>\n<td>300<\/td>\n<td>1900<\/td>\n<td>545<\/td>\n<\/tr>\n<tr>\n<td>KK2\/300<\/td>\n<td>600<\/td>\n<td>1900<\/td>\n<td>545<\/td>\n<\/tr>\n<tr>\n<td>KK3\/300<\/td>\n<td>900<\/td>\n<td>1900<\/td>\n<td>545<\/td>\n<\/tr>\n<tr>\n<td>KK4\/300<\/td>\n<td>1200<\/td>\n<td>1900<\/td>\n<td>545<\/td>\n<\/tr>\n<tr>\n<td>1KK1\/400<\/td>\n<td>400<\/td>\n<td>1900<\/td>\n<td>545<\/td>\n<\/tr>\n<tr>\n<td>1KK2\/400<\/td>\n<td>800<\/td>\n<td>1900<\/td>\n<td>545<\/td>\n<\/tr>\n<tr>\n<td>1KK3\/400<\/td>\n<td>1200<\/td>\n<td>1900<\/td>\n<td>545<\/td>\n<\/tr>\n<\/tbody>\n<\/table>\n","protected":false},"excerpt":{"rendered":"<p><a href=\"\/sv\/tootekategooria\/extra-utrustning\/dorrutbud\/\">D\u00f6rrutbud<\/a><br \/>\n<a href=\"\/sv\/tootekategooria\/extra-utrustning\/lasning\/\">L\u00e5sning<\/a><br \/>\n<a href=\"\/sv\/tootekategooria\/extra-utrustning\/tillbehor\/\">Tillbeh\u00f6r<\/a><br \/>\n<a href=\"\/sv\/tootekategooria\/extra-utrustning\/ventilation-sv\/\">Ventilation<\/a><br \/>\n<a href=\"https:\/\/falkonet.ee\/wp-content\/uploads\/2023\/03\/kk.pdf\" target=\"_blank\" rel=\"noopener\">Ritningar<\/a><\/p>\n","protected":false},"featured_media":585,"template":"","meta":[],"product_brand":[],"product_cat":[137],"product_tag":[],"class_list":{"0":"post-1905","1":"product","2":"type-product","3":"status-publish","4":"has-post-thumbnail","6":"product_cat-skolskap","8":"first","9":"instock","10":"featured","11":"shipping-taxable","12":"purchasable","13":"product-type-simple","14":"customify-col"},"jetpack_sharing_enabled":true,"_links":{"self":[{"href":"https:\/\/falkonet.ee\/sv\/wp-json\/wp\/v2\/product\/1905","targetHints":{"allow":["GET"]}}],"collection":[{"href":"https:\/\/falkonet.ee\/sv\/wp-json\/wp\/v2\/product"}],"about":[{"href":"https:\/\/falkonet.ee\/sv\/wp-json\/wp\/v2\/types\/product"}],"wp:featuredmedia":[{"embeddable":true,"href":"https:\/\/falkonet.ee\/sv\/wp-json\/wp\/v2\/media\/585"}],"wp:attachment":[{"href":"https:\/\/falkonet.ee\/sv\/wp-json\/wp\/v2\/media?parent=1905"}],"wp:term":[{"taxonomy":"product_brand","embeddable":true,"href":"https:\/\/falkonet.ee\/sv\/wp-json\/wp\/v2\/product_brand?post=1905"},{"taxonomy":"product_cat","embeddable":true,"href":"https:\/\/falkonet.ee\/sv\/wp-json\/wp\/v2\/product_cat?post=1905"},{"taxonomy":"product_tag","embeddable":true,"href":"https:\/\/falkonet.ee\/sv\/wp-json\/wp\/v2\/product_tag?post=1905"}],"curies":[{"name":"wp","href":"https:\/\/api.w.org\/{rel}","templated":true}]}}