{"id":1910,"date":"2023-03-18T16:32:34","date_gmt":"2023-03-18T13:32:34","guid":{"rendered":"https:\/\/falkonet.ee\/toode\/mobila-lagerhyllor\/"},"modified":"2023-03-18T16:32:34","modified_gmt":"2023-03-18T13:32:34","slug":"mobila-lagerhyllor","status":"publish","type":"product","link":"https:\/\/falkonet.ee\/sv\/toode\/mobila-lagerhyllor\/","title":{"rendered":"Mobila lagerhyllor"},"content":{"rendered":"<p>Mobila arkivhyllor \u00e4r den mest kompakta l\u00f6sningen f\u00f6r ett maximalt utnyttjande av befintlig arkivyta. Mobila arkivhyllor \u00e4r ett mobilt arkiveringssystem som g\u00f6r det m\u00f6jligt att f\u00f6rdubbla f\u00f6rvaringskapaciteten s\u00e5v\u00e4l i ett nytt som i ett befintligt arkiv.<br \/>\nMobila arkivhyllor \u00e4r vanliga station\u00e4ra hyllst\u00e4ll som har byggts upp p\u00e5 flyttbara vagnar, d\u00e4r tv\u00e5 station\u00e4ra hyllst\u00e4llsmoduler st\u00e5r med ryggpanelen mot varandra p\u00e5 en gemensam vagn.<br \/>\nBeroende p\u00e5 f\u00f6rvaringshyllornas lastkapacitet och p\u00e5 lokalens storlek best\u00e5r mobila arkivhyllor normalt av 1 \u2013 10 r\u00f6rliga hyllsektioner p\u00e5 r\u00e4lsbundna vagnar och en serviceg\u00e5ng.<br \/>\nMobila arkivhyllor \u00e4r kedjedrivna och flyttas med ratt som vevas i \u00f6nskad riktning.<br \/>\nMobila arkivhyllor uppfyller Europas g\u00e4llande kvalitetsnormer och standarder.<br \/>\nHyllorna \u00e4r ytbehandlade med korrosionsbest\u00e4ndig pulverlack, standardtonen \u00e4r ljusgr\u00e5 RAL7035.<br \/>\nVagnarna har svetsad konstruktion som rullar p\u00e5 hjul f\u00f6rsedda med st\u00e5lkullager.<\/p>\n<p>M\u00c5TT:<\/p>\n<p>M\u00e5tten p\u00e5 mobila lagerhyllor anpassas till kundens \u00f6nskem\u00e5l och m\u00e5tten p\u00e5 lokalen som skall inredas.<\/p>\n<table style=\"border: 0px;\" border=\"1\" width=\"100%\" cellspacing=\"1\" cellpadding=\"1\">\n<tbody>\n<tr style=\"font-size: 12px;\">\n<td style=\"text-align: center;\"><strong>RAL7035 Standardf\u00e4rg f\u00f6r stommen<\/strong><\/td>\n<td style=\"text-align: center;\"><strong> RAL9016 Traffic White<\/strong><\/td>\n<td style=\"text-align: center;\"><strong> RAL1001 Beige<\/strong><\/td>\n<td style=\"text-align: center;\"><strong> RAL1017 Saffron Yellow<\/strong><\/td>\n<\/tr>\n<tr>\n<td style=\"text-align: center; background-color: #d4d9dc;\"><\/td>\n<td style=\"text-align: center; background-color: #fbffff;\"><\/td>\n<td style=\"text-align: center; background-color: #d8ba8e;\"><\/td>\n<td style=\"text-align: center; background-color: #ffab5a;\"><\/td>\n<\/tr>\n<tr>\n<td style=\"border-left: 0px; border-right: 0px; height: 15px; padding: 0px;\" colspan=\"4\"><\/td>\n<\/tr>\n<tr style=\"font-size: 12px;\">\n<td style=\"text-align: center;\"><b>RAL2001 Red Orange<\/b><\/td>\n<td style=\"text-align: center;\"><b>RAL3000 Flame Red<\/b><\/td>\n<td style=\"text-align: center;\"><b>RAL3014 Antique Pink<\/b><\/td>\n<td style=\"text-align: center;\"><b>RAL4004 Claret Violet<\/b><\/td>\n<\/tr>\n<tr>\n<td style=\"text-align: center; background-color: #b24b1e;\"><\/td>\n<td style=\"text-align: center; background-color: #ab1f1d;\"><\/td>\n<td style=\"text-align: center; background-color: #d86675;\"><\/td>\n<td style=\"text-align: center; background-color: #5c082a;\"><\/td>\n<\/tr>\n<tr>\n<td style=\"border-left: 0px; border-right: 0px; height: 15px; padding: 0px;\" colspan=\"4\"><\/td>\n<\/tr>\n<tr style=\"font-size: 12px;\">\n<td style=\"text-align: center;\"><b>RAL5017 Traffic Blue<\/b><\/td>\n<td valign=\"top\"><span class=\"Lingid2\"><b>RAL5024 Pastel Blue<\/b><\/span><\/td>\n<td valign=\"top\"><span class=\"Lingid2\"><b>RAL6005 Moss Green<\/b><\/span><\/td>\n<td style=\"text-align: center;\"><b>RAL6032 Signal Green<\/b><\/td>\n<\/tr>\n<tr>\n<td style=\"text-align: center; background-color: #003b7f;\"><\/td>\n<td style=\"text-align: center; background-color: #578cb4;\"><\/td>\n<td style=\"text-align: center; background-color: #004735;\"><\/td>\n<td style=\"text-align: center; background-color: #2a8a40;\"><\/td>\n<\/tr>\n<tr>\n<td style=\"border-left: 0px; border-right: 0px; height: 15px; padding: 0px;\" colspan=\"4\"><\/td>\n<\/tr>\n<tr style=\"font-size: 12px;\">\n<td style=\"text-align: center;\"><b>RAL6034 Pale Turquoise<\/b><\/td>\n<td style=\"text-align: center;\"><b>RAL7032 Pebble Grey<\/b><\/td>\n<td style=\"text-align: center;\"><b>RAL7040 Window Grey<\/b><\/td>\n<td style=\"text-align: center;\"><b>RAL8014 Sepia Brown<\/b><\/td>\n<\/tr>\n<tr>\n<td style=\"text-align: center; background-color: #7ebdb5;\"><\/td>\n<td style=\"text-align: center; background-color: #bdbaab;\"><\/td>\n<td style=\"text-align: center; background-color: #9da3af;\"><\/td>\n<td style=\"text-align: center; background-color: #38261c;\"><\/td>\n<\/tr>\n<tr>\n<td style=\"border-left: 0px; border-right: 0px; height: 15px; padding: 0px;\" colspan=\"4\"><\/td>\n<\/tr>\n<tr style=\"font-size: 12px;\">\n<td style=\"text-align: center;\"><b>RAL9005 Jet Black<\/b><\/td>\n<td style=\"text-align: center;\"><\/td>\n<td style=\"text-align: center;\"><\/td>\n<td style=\"text-align: center;\"><\/td>\n<\/tr>\n<tr>\n<td style=\"text-align: center; background-color: #04050a;\"><\/td>\n<td style=\"text-align: center;\"><\/td>\n<td style=\"text-align: center;\"><\/td>\n<td style=\"text-align: center;\"><\/td>\n<\/tr>\n<\/tbody>\n<\/table>\n<p>&nbsp;<\/p>\n","protected":false},"excerpt":{"rendered":"<p><a href=\"https:\/\/falkonet.ee\/wp-content\/uploads\/2023\/03\/liikuvriiuli_koost2300vx.pdf\" target=\"_blank\" rel=\"noopener\">Ritningar<\/a><\/p>\n","protected":false},"featured_media":621,"template":"","meta":[],"product_brand":[],"product_cat":[139],"product_tag":[],"class_list":{"0":"post-1910","1":"product","2":"type-product","3":"status-publish","4":"has-post-thumbnail","6":"product_cat-hyllor","8":"first","9":"instock","10":"featured","11":"shipping-taxable","12":"purchasable","13":"product-type-simple","14":"customify-col"},"jetpack_sharing_enabled":true,"_links":{"self":[{"href":"https:\/\/falkonet.ee\/sv\/wp-json\/wp\/v2\/product\/1910","targetHints":{"allow":["GET"]}}],"collection":[{"href":"https:\/\/falkonet.ee\/sv\/wp-json\/wp\/v2\/product"}],"about":[{"href":"https:\/\/falkonet.ee\/sv\/wp-json\/wp\/v2\/types\/product"}],"wp:featuredmedia":[{"embeddable":true,"href":"https:\/\/falkonet.ee\/sv\/wp-json\/wp\/v2\/media\/621"}],"wp:attachment":[{"href":"https:\/\/falkonet.ee\/sv\/wp-json\/wp\/v2\/media?parent=1910"}],"wp:term":[{"taxonomy":"product_brand","embeddable":true,"href":"https:\/\/falkonet.ee\/sv\/wp-json\/wp\/v2\/product_brand?post=1910"},{"taxonomy":"product_cat","embeddable":true,"href":"https:\/\/falkonet.ee\/sv\/wp-json\/wp\/v2\/product_cat?post=1910"},{"taxonomy":"product_tag","embeddable":true,"href":"https:\/\/falkonet.ee\/sv\/wp-json\/wp\/v2\/product_tag?post=1910"}],"curies":[{"name":"wp","href":"https:\/\/api.w.org\/{rel}","templated":true}]}}