{"id":1912,"date":"2023-03-18T15:17:19","date_gmt":"2023-03-18T12:17:19","guid":{"rendered":"https:\/\/falkonet.ee\/toode\/sk\/"},"modified":"2023-11-02T17:59:46","modified_gmt":"2023-11-02T14:59:46","slug":"sk","status":"publish","type":"product","link":"https:\/\/falkonet.ee\/sv\/toode\/sk\/","title":{"rendered":"SK"},"content":{"rendered":"<p align=\"justify\"><span class=\"textYLD\">Falkonet Metalls <span style=\"color: #ff0000;\">sektionssk\u00e5p<\/span> \u00e4r tillverkade av kallvalsad st\u00e5lpl\u00e5t av h\u00f6gsta kvalitet. Standardsk\u00e5pens stomme och d\u00f6rrar \u00e4r av 0,7 mm st\u00e5lpl\u00e5t. Standardsk\u00e5ps stomme och d\u00f6rrar \u00e4r av 0,7 mm st\u00e5lpl\u00e5t. \u00c4ven sk\u00e5pd\u00f6rrar av 1,0 mm st\u00e5lpl\u00e5t kan best\u00e4llas. Sk\u00e5pen s\u00e4tts ihop med punktsvetsning, vilket s\u00e4krar sk\u00e5pens starka konstruktion och l\u00e5nga livsl\u00e4ngd.<br \/>\nTypiska anv\u00e4ndningsomr\u00e5den f\u00f6r sektionssk\u00e5p \u00e4r skolor, sjukhus, idrottsanl\u00e4ggningar mm, d\u00e4r s\u00e4kra f\u00f6rvaringsm\u00f6jligheter efterfr\u00e5gas f\u00f6r f\u00f6rvaring av personliga f\u00f6rem\u00e5l.<\/span><\/p>\n<p><span class=\"pealkiriYLD\">M\u00e5tt f\u00f6r SK-300-serien.<\/span><\/p>\n<table style=\"border: 0px;\" border=\"1\" width=\"100%\" cellspacing=\"1\" cellpadding=\"1\">\n<tbody>\n<tr style=\"font-size: 12px;\">\n<td style=\"text-align: center;\"><strong>RAL7035 Standardf\u00e4rg f\u00f6r stommen<\/strong><\/td>\n<td style=\"text-align: center;\"><strong> RAL9016 Traffic White<\/strong><\/td>\n<td style=\"text-align: center;\"><strong> RAL1001 Beige<\/strong><\/td>\n<td style=\"text-align: center;\"><strong> RAL1017 Saffron Yellow<\/strong><\/td>\n<\/tr>\n<tr>\n<td style=\"text-align: center; background-color: #d4d9dc;\"><\/td>\n<td style=\"text-align: center; background-color: #fbffff;\"><\/td>\n<td style=\"text-align: center; background-color: #d8ba8e;\"><\/td>\n<td style=\"text-align: center; background-color: #ffab5a;\"><\/td>\n<\/tr>\n<tr>\n<td style=\"border-left: 0px; border-right: 0px; height: 15px; padding: 0px;\" colspan=\"4\"><\/td>\n<\/tr>\n<tr style=\"font-size: 12px;\">\n<td style=\"text-align: center;\"><b>RAL2001 Red Orange<\/b><\/td>\n<td style=\"text-align: center;\"><b>RAL3000 Flame Red<\/b><\/td>\n<td style=\"text-align: center;\"><b>RAL3014 Antique Pink<\/b><\/td>\n<td style=\"text-align: center;\"><b>RAL4004 Claret Violet<\/b><\/td>\n<\/tr>\n<tr>\n<td style=\"text-align: center; background-color: #b24b1e;\"><\/td>\n<td style=\"text-align: center; background-color: #ab1f1d;\"><\/td>\n<td style=\"text-align: center; background-color: #d86675;\"><\/td>\n<td style=\"text-align: center; background-color: #5c082a;\"><\/td>\n<\/tr>\n<tr>\n<td style=\"border-left: 0px; border-right: 0px; height: 15px; padding: 0px;\" colspan=\"4\"><\/td>\n<\/tr>\n<tr style=\"font-size: 12px;\">\n<td style=\"text-align: center;\"><b>RAL5017 Traffic Blue<\/b><\/td>\n<td valign=\"top\"><span class=\"Lingid2\"><b>RAL5024 Pastel Blue<\/b><\/span><\/td>\n<td valign=\"top\"><span class=\"Lingid2\"><b>RAL6005 Moss Green<\/b><\/span><\/td>\n<td style=\"text-align: center;\"><b>RAL6032 Signal Green<\/b><\/td>\n<\/tr>\n<tr>\n<td style=\"text-align: center; background-color: #003b7f;\"><\/td>\n<td style=\"text-align: center; background-color: #578cb4;\"><\/td>\n<td style=\"text-align: center; background-color: #004735;\"><\/td>\n<td style=\"text-align: center; background-color: #2a8a40;\"><\/td>\n<\/tr>\n<tr>\n<td style=\"border-left: 0px; border-right: 0px; height: 15px; padding: 0px;\" colspan=\"4\"><\/td>\n<\/tr>\n<tr style=\"font-size: 12px;\">\n<td style=\"text-align: center;\"><b>RAL6034 Pale Turquoise<\/b><\/td>\n<td style=\"text-align: center;\"><b>RAL7032 Pebble Grey<\/b><\/td>\n<td style=\"text-align: center;\"><b>RAL7040 Window Grey<\/b><\/td>\n<td style=\"text-align: center;\"><b>RAL8014 Sepia Brown<\/b><\/td>\n<\/tr>\n<tr>\n<td style=\"text-align: center; background-color: #7ebdb5;\"><\/td>\n<td style=\"text-align: center; background-color: #bdbaab;\"><\/td>\n<td style=\"text-align: center; background-color: #9da3af;\"><\/td>\n<td style=\"text-align: center; background-color: #38261c;\"><\/td>\n<\/tr>\n<tr>\n<td style=\"border-left: 0px; border-right: 0px; height: 15px; padding: 0px;\" colspan=\"4\"><\/td>\n<\/tr>\n<tr style=\"font-size: 12px;\">\n<td style=\"text-align: center;\"><b>RAL9005 Jet Black<\/b><\/td>\n<td style=\"text-align: center;\"><\/td>\n<td style=\"text-align: center;\"><\/td>\n<td style=\"text-align: center;\"><\/td>\n<\/tr>\n<tr>\n<td style=\"text-align: center; background-color: #04050a;\"><\/td>\n<td style=\"text-align: center;\"><\/td>\n<td style=\"text-align: center;\"><\/td>\n<td style=\"text-align: center;\"><\/td>\n<\/tr>\n<\/tbody>\n<\/table>\n<p>&nbsp;<\/p>\n<table border=\"1\" width=\"100%\" cellspacing=\"1\" cellpadding=\"1\">\n<tbody>\n<tr>\n<td>Kod<\/td>\n<td>Antal d\u00f6rrar i en sektion<br \/>\np\u00e5 h\u00f6jden<\/td>\n<td>Antal d\u00f6rrar i en sektion<br \/>\np\u00e5 bredden<\/td>\n<td>Bredd mm<\/td>\n<td>H\u00f6jd mm<\/td>\n<td>Djup mm<\/td>\n<\/tr>\n<tr>\n<td>SK 21\/300<\/td>\n<td>2<\/td>\n<td>1<\/td>\n<td>300<\/td>\n<td>1900<\/td>\n<td>545<\/td>\n<\/tr>\n<tr>\n<td>SK 31\/300<\/td>\n<td>3<\/td>\n<td>1<\/td>\n<td>300<\/td>\n<td>1900<\/td>\n<td>545<\/td>\n<\/tr>\n<tr>\n<td>SK 41\/300<\/td>\n<td>4<\/td>\n<td>1<\/td>\n<td>300<\/td>\n<td>1900<\/td>\n<td>545<\/td>\n<\/tr>\n<tr>\n<td>SK 51\/300<\/td>\n<td>5<\/td>\n<td>1<\/td>\n<td>300<\/td>\n<td>1900<\/td>\n<td>545<\/td>\n<\/tr>\n<tr>\n<td>SK 61\/300<\/td>\n<td>6<\/td>\n<td>1<\/td>\n<td>300<\/td>\n<td>1900<\/td>\n<td>545<\/td>\n<\/tr>\n<tr>\n<td><\/td>\n<td><\/td>\n<td><\/td>\n<td><\/td>\n<td><\/td>\n<td><\/td>\n<\/tr>\n<tr>\n<td>SK 81\/300<\/td>\n<td>8<\/td>\n<td>1<\/td>\n<td>300<\/td>\n<td>1900<\/td>\n<td>545<\/td>\n<\/tr>\n<tr>\n<td><\/td>\n<td><\/td>\n<td><\/td>\n<td><\/td>\n<td><\/td>\n<td><\/td>\n<\/tr>\n<tr>\n<td>SK 101\/300<\/td>\n<td>10<\/td>\n<td>1<\/td>\n<td>300<\/td>\n<td>1900<\/td>\n<td>545<\/td>\n<\/tr>\n<tr>\n<td colspan=\"6\"><\/td>\n<\/tr>\n<tr>\n<td>SK 22\/300<\/td>\n<td>2<\/td>\n<td>2<\/td>\n<td>600<\/td>\n<td>1900<\/td>\n<td>545<\/td>\n<\/tr>\n<tr>\n<td>SK 32\/300<\/td>\n<td>3<\/td>\n<td>2<\/td>\n<td>600<\/td>\n<td>1900<\/td>\n<td>545<\/td>\n<\/tr>\n<tr>\n<td>SK 42\/300<\/td>\n<td>4<\/td>\n<td>2<\/td>\n<td>600<\/td>\n<td>1900<\/td>\n<td>545<\/td>\n<\/tr>\n<tr>\n<td>SK 52\/300<\/td>\n<td>5<\/td>\n<td>2<\/td>\n<td>600<\/td>\n<td>1900<\/td>\n<td>545<\/td>\n<\/tr>\n<tr>\n<td>SK 62\/300<\/td>\n<td>6<\/td>\n<td>2<\/td>\n<td>600<\/td>\n<td>1900<\/td>\n<td>545<\/td>\n<\/tr>\n<tr>\n<td><\/td>\n<td><\/td>\n<td><\/td>\n<td><\/td>\n<td><\/td>\n<td><\/td>\n<\/tr>\n<tr>\n<td>SK 82\/300<\/td>\n<td>8<\/td>\n<td>2<\/td>\n<td>600<\/td>\n<td>1900<\/td>\n<td>545<\/td>\n<\/tr>\n<tr>\n<td><\/td>\n<td><\/td>\n<td><\/td>\n<td><\/td>\n<td><\/td>\n<td><\/td>\n<\/tr>\n<tr>\n<td>SK 102\/300<\/td>\n<td>10<\/td>\n<td>2<\/td>\n<td>600<\/td>\n<td>1900<\/td>\n<td>545<\/td>\n<\/tr>\n<tr>\n<td colspan=\"6\"><\/td>\n<\/tr>\n<tr>\n<td>SK 23\/300<\/td>\n<td>2<\/td>\n<td>3<\/td>\n<td>900<\/td>\n<td>1900<\/td>\n<td>545<\/td>\n<\/tr>\n<tr>\n<td>SK 33\/300<\/td>\n<td>3<\/td>\n<td>3<\/td>\n<td>900<\/td>\n<td>1900<\/td>\n<td>545<\/td>\n<\/tr>\n<tr>\n<td>SK 43\/300<\/td>\n<td>4<\/td>\n<td>3<\/td>\n<td>900<\/td>\n<td>1900<\/td>\n<td>545<\/td>\n<\/tr>\n<tr>\n<td>SK 53\/300<\/td>\n<td>5<\/td>\n<td>3<\/td>\n<td>900<\/td>\n<td>1900<\/td>\n<td>545<\/td>\n<\/tr>\n<tr>\n<td>SK 63\/300<\/td>\n<td>6<\/td>\n<td>3<\/td>\n<td>900<\/td>\n<td>1900<\/td>\n<td>545<\/td>\n<\/tr>\n<tr>\n<td><\/td>\n<td><\/td>\n<td><\/td>\n<td><\/td>\n<td><\/td>\n<td><\/td>\n<\/tr>\n<tr>\n<td>SK 83\/300<\/td>\n<td>8<\/td>\n<td>3<\/td>\n<td>900<\/td>\n<td>1900<\/td>\n<td>545<\/td>\n<\/tr>\n<tr>\n<td><\/td>\n<td><\/td>\n<td><\/td>\n<td>900<\/td>\n<td>1900<\/td>\n<td>545<\/td>\n<\/tr>\n<tr>\n<td>SK 103\/300<\/td>\n<td>10<\/td>\n<td>3<\/td>\n<td>900<\/td>\n<td>1900<\/td>\n<td>545<\/td>\n<\/tr>\n<tr>\n<td colspan=\"6\"><\/td>\n<\/tr>\n<tr>\n<td>SK 24\/300<\/td>\n<td>2<\/td>\n<td>4<\/td>\n<td>1200<\/td>\n<td>1900<\/td>\n<td>545<\/td>\n<\/tr>\n<tr>\n<td>SK 34\/300<\/td>\n<td>3<\/td>\n<td>4<\/td>\n<td>1200<\/td>\n<td>1900<\/td>\n<td>545<\/td>\n<\/tr>\n<tr>\n<td>SK 44\/300<\/td>\n<td>4<\/td>\n<td>4<\/td>\n<td>1200<\/td>\n<td>1900<\/td>\n<td>545<\/td>\n<\/tr>\n<tr>\n<td>SK 54\/300<\/td>\n<td>5<\/td>\n<td>4<\/td>\n<td>1200<\/td>\n<td>1900<\/td>\n<td>545<\/td>\n<\/tr>\n<tr>\n<td>SK 64\/300<\/td>\n<td>6<\/td>\n<td>4<\/td>\n<td>1200<\/td>\n<td>1900<\/td>\n<td>545<\/td>\n<\/tr>\n<tr>\n<td><\/td>\n<td><\/td>\n<td>4<\/td>\n<td>1200<\/td>\n<td>1900<\/td>\n<td>545<\/td>\n<\/tr>\n<tr>\n<td>SK 84\/300<\/td>\n<td>8<\/td>\n<td>4<\/td>\n<td>1200<\/td>\n<td>1900<\/td>\n<td>545<\/td>\n<\/tr>\n<tr>\n<td>SK 104\/300<\/td>\n<td>10<\/td>\n<td>4<\/td>\n<td>1200<\/td>\n<td>1900<\/td>\n<td>545<\/td>\n<\/tr>\n<\/tbody>\n<\/table>\n<p><span class=\"pealkiriYLD\"><br \/>\nM\u00e5tt f\u00f6r SK-400-serien.<\/span><\/p>\n<table border=\"1\" width=\"100%\" cellspacing=\"1\" cellpadding=\"1\">\n<tbody>\n<tr>\n<td>Kod<\/td>\n<td>Antal d\u00f6rrar i en sektion<br \/>\np\u00e5 h\u00f6jden<\/td>\n<td>Antal d\u00f6rrar i en sektion<br \/>\np\u00e5 bredden<\/td>\n<td>Bredd mm<\/td>\n<td>H\u00f6jd mm<\/td>\n<td>Djup mm<\/td>\n<\/tr>\n<tr>\n<td>SK 21\/400<\/td>\n<td>2<\/td>\n<td>1<\/td>\n<td>400<\/td>\n<td>1900<\/td>\n<td>545<\/td>\n<\/tr>\n<tr>\n<td>SK 31\/400<\/td>\n<td>3<\/td>\n<td>1<\/td>\n<td>400<\/td>\n<td>1900<\/td>\n<td>545<\/td>\n<\/tr>\n<tr>\n<td>SK 41\/400<\/td>\n<td>4<\/td>\n<td>1<\/td>\n<td>400<\/td>\n<td>1900<\/td>\n<td>545<\/td>\n<\/tr>\n<tr>\n<td>SK 51\/400<\/td>\n<td>5<\/td>\n<td>1<\/td>\n<td>400<\/td>\n<td>1900<\/td>\n<td>545<\/td>\n<\/tr>\n<tr>\n<td>SK 61\/400<\/td>\n<td>6<\/td>\n<td>1<\/td>\n<td>400<\/td>\n<td>1900<\/td>\n<td>545<\/td>\n<\/tr>\n<tr>\n<td><\/td>\n<td><\/td>\n<td><\/td>\n<td><\/td>\n<td><\/td>\n<td><\/td>\n<\/tr>\n<tr>\n<td>SK 81\/400<\/td>\n<td>8<\/td>\n<td>1<\/td>\n<td>400<\/td>\n<td>1900<\/td>\n<td>545<\/td>\n<\/tr>\n<tr>\n<td><\/td>\n<td><\/td>\n<td><\/td>\n<td><\/td>\n<td><\/td>\n<td><\/td>\n<\/tr>\n<tr>\n<td>SK 101\/400<\/td>\n<td>10<\/td>\n<td>1<\/td>\n<td>400<\/td>\n<td>1900<\/td>\n<td>545<\/td>\n<\/tr>\n<tr>\n<td colspan=\"6\"><\/td>\n<\/tr>\n<tr>\n<td>SK 22\/400<\/td>\n<td>2<\/td>\n<td>2<\/td>\n<td>800<\/td>\n<td>1900<\/td>\n<td>545<\/td>\n<\/tr>\n<tr>\n<td>SK 32\/400<\/td>\n<td>3<\/td>\n<td>2<\/td>\n<td>800<\/td>\n<td>1900<\/td>\n<td>545<\/td>\n<\/tr>\n<tr>\n<td>SK 42\/400<\/td>\n<td>4<\/td>\n<td>2<\/td>\n<td>800<\/td>\n<td>1900<\/td>\n<td>545<\/td>\n<\/tr>\n<tr>\n<td>SK 52\/400<\/td>\n<td>5<\/td>\n<td>2<\/td>\n<td>800<\/td>\n<td>1900<\/td>\n<td>545<\/td>\n<\/tr>\n<tr>\n<td>SK 62\/400<\/td>\n<td>6<\/td>\n<td>2<\/td>\n<td>800<\/td>\n<td>1900<\/td>\n<td>545<\/td>\n<\/tr>\n<tr>\n<td><\/td>\n<td><\/td>\n<td>2<\/td>\n<td>800<\/td>\n<td>1900<\/td>\n<td>545<\/td>\n<\/tr>\n<tr>\n<td>SK 82\/400<\/td>\n<td>8<\/td>\n<td>2<\/td>\n<td>800<\/td>\n<td>1900<\/td>\n<td>545<\/td>\n<\/tr>\n<tr>\n<td><\/td>\n<td><\/td>\n<td>2<\/td>\n<td>800<\/td>\n<td>1900<\/td>\n<td>545<\/td>\n<\/tr>\n<tr>\n<td>SK 102\/400<\/td>\n<td>10<\/td>\n<td>2<\/td>\n<td>800<\/td>\n<td>1900<\/td>\n<td>545<\/td>\n<\/tr>\n<tr>\n<td colspan=\"6\"><\/td>\n<\/tr>\n<tr>\n<td>SK 23\/400<\/td>\n<td>2<\/td>\n<td>3<\/td>\n<td>1200<\/td>\n<td>1900<\/td>\n<td>545<\/td>\n<\/tr>\n<tr>\n<td>SK 33\/400<\/td>\n<td>3<\/td>\n<td>3<\/td>\n<td>1200<\/td>\n<td>1900<\/td>\n<td>545<\/td>\n<\/tr>\n<tr>\n<td>SK 43\/400<\/td>\n<td>4<\/td>\n<td>3<\/td>\n<td>1200<\/td>\n<td>1900<\/td>\n<td>545<\/td>\n<\/tr>\n<tr>\n<td>SK 53\/400<\/td>\n<td>5<\/td>\n<td>3<\/td>\n<td>1200<\/td>\n<td>1900<\/td>\n<td>545<\/td>\n<\/tr>\n<tr>\n<td>SK 63\/400<\/td>\n<td>6<\/td>\n<td>3<\/td>\n<td>1200<\/td>\n<td>1900<\/td>\n<td>545<\/td>\n<\/tr>\n<tr>\n<td><\/td>\n<td><\/td>\n<td>3<\/td>\n<td>1200<\/td>\n<td>1900<\/td>\n<td>545<\/td>\n<\/tr>\n<tr>\n<td>SK 83\/400<\/td>\n<td>8<\/td>\n<td>3<\/td>\n<td>1200<\/td>\n<td>1900<\/td>\n<td>545<\/td>\n<\/tr>\n<tr>\n<td><\/td>\n<td><\/td>\n<td>3<\/td>\n<td>1200<\/td>\n<td>1900<\/td>\n<td>545<\/td>\n<\/tr>\n<tr>\n<td>SK 103\/400<\/td>\n<td>10<\/td>\n<td>3<\/td>\n<td>1200<\/td>\n<td>1900<\/td>\n<td>545<\/td>\n<\/tr>\n<\/tbody>\n<\/table>\n","protected":false},"excerpt":{"rendered":"<p><a href=\"\/sv\/tootekategooria\/extra-utrustning\/dorrutbud\/\">D\u00f6rrutbud<\/a><br \/>\n<a href=\"\/sv\/tootekategooria\/extra-utrustning\/lasning\/\">L\u00e5sning<\/a><br \/>\n<a href=\"\/sv\/tootekategooria\/extra-utrustning\/tillbehor\/\">Tillbeh\u00f6r<\/a><br \/>\n<a href=\"\/sv\/tootekategooria\/extra-utrustning\/ventilation-sv\/\">Ventilation<\/a><br \/>\n<a href=\"https:\/\/falkonet.ee\/wp-content\/uploads\/2023\/10\/SK2.pdf\">Ritningar &#8211; SK2<\/a><br \/>\n<a href=\"https:\/\/falkonet.ee\/wp-content\/uploads\/2023\/10\/SK3.pdf\">Ritningar &#8211; SK3<\/a><br \/>\n<a href=\"https:\/\/falkonet.ee\/wp-content\/uploads\/2023\/10\/SK4.pdf\">Ritningar &#8211; SK4<\/a><br \/>\n<a href=\"https:\/\/falkonet.ee\/wp-content\/uploads\/2023\/10\/SK5.pdf\">Ritningar &#8211; SK5<\/a><br \/>\n<a href=\"https:\/\/falkonet.ee\/wp-content\/uploads\/2023\/10\/SK6.pdf\">Ritningar &#8211; SK6<\/a><br \/>\n<a href=\"https:\/\/falkonet.ee\/wp-content\/uploads\/2023\/10\/SK7.pdf\">Ritningar &#8211; SK7<\/a><br \/>\n<a href=\"https:\/\/falkonet.ee\/wp-content\/uploads\/2023\/10\/SK8.pdf\">Ritningar &#8211; SK8<\/a><br \/>\n<a href=\"https:\/\/falkonet.ee\/wp-content\/uploads\/2023\/10\/SK9.pdf\">Ritningar &#8211; SK9<\/a><br \/>\n<a href=\"https:\/\/falkonet.ee\/wp-content\/uploads\/2023\/10\/SK10.pdf\">Ritningar &#8211; SK10<\/a><br \/>\n<a href=\"https:\/\/falkonet.ee\/wp-content\/uploads\/2023\/10\/SK12.pdf\">Ritningar &#8211; SK12<\/a><\/p>\n","protected":false},"featured_media":542,"template":"","meta":[],"product_brand":[],"product_cat":[135],"product_tag":[],"class_list":{"0":"post-1912","1":"product","2":"type-product","3":"status-publish","4":"has-post-thumbnail","6":"product_cat-sektionsskap","8":"first","9":"instock","10":"shipping-taxable","11":"purchasable","12":"product-type-simple","13":"customify-col"},"jetpack_sharing_enabled":true,"_links":{"self":[{"href":"https:\/\/falkonet.ee\/sv\/wp-json\/wp\/v2\/product\/1912","targetHints":{"allow":["GET"]}}],"collection":[{"href":"https:\/\/falkonet.ee\/sv\/wp-json\/wp\/v2\/product"}],"about":[{"href":"https:\/\/falkonet.ee\/sv\/wp-json\/wp\/v2\/types\/product"}],"wp:featuredmedia":[{"embeddable":true,"href":"https:\/\/falkonet.ee\/sv\/wp-json\/wp\/v2\/media\/542"}],"wp:attachment":[{"href":"https:\/\/falkonet.ee\/sv\/wp-json\/wp\/v2\/media?parent=1912"}],"wp:term":[{"taxonomy":"product_brand","embeddable":true,"href":"https:\/\/falkonet.ee\/sv\/wp-json\/wp\/v2\/product_brand?post=1912"},{"taxonomy":"product_cat","embeddable":true,"href":"https:\/\/falkonet.ee\/sv\/wp-json\/wp\/v2\/product_cat?post=1912"},{"taxonomy":"product_tag","embeddable":true,"href":"https:\/\/falkonet.ee\/sv\/wp-json\/wp\/v2\/product_tag?post=1912"}],"curies":[{"name":"wp","href":"https:\/\/api.w.org\/{rel}","templated":true}]}}